{"id":40581,"date":"2023-12-23T01:35:03","date_gmt":"2023-12-23T01:35:03","guid":{"rendered":"https:\/\/e.kosmolat.eu\/product\/abs-atsvaidzinoss-apavu-aerosols-150-ml\/"},"modified":"2026-03-29T05:38:59","modified_gmt":"2026-03-29T05:38:59","slug":"abs-atsvaidzinoss-apavu-aerosols-150-ml","status":"publish","type":"product","link":"https:\/\/e.kosmolat.eu\/lv\/product\/abs-atsvaidzinoss-apavu-aerosols-150-ml\/","title":{"rendered":"ABS Atsvaidzino\u0161s apavu aerosols, 150 ml"},"content":{"rendered":"<p>Dezodorants apavu oderes aizsardz\u012bbai un nepat\u012bkamu smar\u017eu nov\u0113r&scaron;anai.<\/p>\n<p><strong>Lieto&scaron;ana: <\/strong>pirms lieto&scaron;anas k\u0101rt\u012bgi sakrat\u012bt aerosola tvertni. Izsmidzin\u0101t tie&scaron;i uz apavu iek&scaron;\u0113jo virsmu. \u013baut piln\u012bb\u0101 iz\u017e\u016bt. Neizsmidzin\u0101t uz apavu \u0101r\u0113jo virsmu. Izmantot p\u0113c vajadz\u012bbas. Pirms lieto&scaron;anas uzkl\u0101t neliel\u0101 neuzkr\u012bto&scaron;\u0101 viet\u0101, lai p\u0101rbaud\u012btu apavu materi\u0101la jut\u012bbu pret l\u012bdzekli.<\/p>\n<p><strong>B\u012bstami! <\/strong>\u012apa&scaron;i viegli uzliesmojo&scaron;s aerosols.Tvertne zem spiediena: karstum\u0101 var eksplod\u0113t. Sarg\u0101t no b\u0113rniem. Sarg\u0101t no karstuma, karst\u0101m virsm\u0101m, dzirkstel\u0113m, atkl\u0101tas uguns un citiem aizdeg&scaron;an\u0101s avotiem. Nesm\u0113\u0137\u0113t. Neizsmidzin\u0101t uz atkl\u0101tas uguns vai citiem aizdeg&scaron;an\u0101s avotiem. Nedurt vai nededzin\u0101t, ar\u012b p\u0113c izlieto&scaron;anas. Izvair\u012bties ieelpot smidzin\u0101jumu. Nepie\u013caut nok\u013c\u016b&scaron;anu ac\u012bs. Aizsarg\u0101t no saules gaismas. Nepak\u013caut temperat\u016brai, kas p\u0101rsniedz 50 &ordm;C\/122 &ordm;F.<\/p>\n","protected":false},"excerpt":{"rendered":"<p>Dezodorants apavu oderes aizsardz\u012bbai un nepat\u012bkamu smar\u017eu nov\u0113r&scaron;anai. Lieto&scaron;ana: pirms lieto&scaron;anas k\u0101rt\u012bgi sakrat\u012bt aerosola tvertni. Izsmidzin\u0101t tie&scaron;i uz apavu iek&scaron;\u0113jo virsmu. \u013baut piln\u012bb\u0101 iz\u017e\u016bt. Neizsmidzin\u0101t uz apavu \u0101r\u0113jo virsmu. Izmantot p\u0113c vajadz\u012bbas. Pirms lieto&scaron;anas uzkl\u0101t neliel\u0101 neuzkr\u012bto&scaron;\u0101 viet\u0101, lai p\u0101rbaud\u012btu apavu materi\u0101la jut\u012bbu pret l\u012bdzekli. B\u012bstami! \u012apa&scaron;i viegli uzliesmojo&scaron;s aerosols.Tvertne zem spiediena: karstum\u0101 var eksplod\u0113t. [&#8230;]\n","protected":false},"featured_media":100300,"template":"","meta":[],"product_cat":[1999],"product_tag":[],"class_list":{"0":"post-40581","1":"product","2":"type-product","3":"status-publish","4":"has-post-thumbnail","6":"product_brand-statestrong_gb","7":"product_cat-bez-kategorijas","9":"first","10":"outofstock","11":"taxable","12":"shipping-taxable","13":"product-type-simple"},"_links":{"self":[{"href":"https:\/\/e.kosmolat.eu\/lv\/wp-json\/wp\/v2\/product\/40581","targetHints":{"allow":["GET"]}}],"collection":[{"href":"https:\/\/e.kosmolat.eu\/lv\/wp-json\/wp\/v2\/product"}],"about":[{"href":"https:\/\/e.kosmolat.eu\/lv\/wp-json\/wp\/v2\/types\/product"}],"wp:featuredmedia":[{"embeddable":true,"href":"https:\/\/e.kosmolat.eu\/lv\/wp-json\/wp\/v2\/media\/100300"}],"wp:attachment":[{"href":"https:\/\/e.kosmolat.eu\/lv\/wp-json\/wp\/v2\/media?parent=40581"}],"wp:term":[{"taxonomy":"product_cat","embeddable":true,"href":"https:\/\/e.kosmolat.eu\/lv\/wp-json\/wp\/v2\/product_cat?post=40581"},{"taxonomy":"product_tag","embeddable":true,"href":"https:\/\/e.kosmolat.eu\/lv\/wp-json\/wp\/v2\/product_tag?post=40581"}],"curies":[{"name":"wp","href":"https:\/\/api.w.org\/{rel}","templated":true}]}}