{"id":40577,"date":"2023-12-23T01:34:34","date_gmt":"2023-12-23T01:34:34","guid":{"rendered":"https:\/\/e.kosmolat.eu\/product\/abs-atsvaidzinoas-kaju-aerosols-150-ml\/"},"modified":"2026-04-21T13:28:06","modified_gmt":"2026-04-21T13:28:06","slug":"abs-atsvaidzinoas-kaju-aerosols-150-ml","status":"publish","type":"product","link":"https:\/\/e.kosmolat.eu\/lv\/product\/abs-atsvaidzinoas-kaju-aerosols-150-ml\/","title":{"rendered":"ABS Atsvaidzino\u0101s k\u0101ju aerosols, 150 ml"},"content":{"rendered":"<p>\u0100tri \u017e\u016bsto&scaron;s dezodorants k\u0101ju aizsardz\u012bbai pret nepat\u012bkam\u0101m smar\u017e\u0101m un mitrumu.<\/p>\n<p><strong>Lieto&scaron;ana:<\/strong> pirms lieto&scaron;anas k\u0101rt\u012bgi sakratiet aerosola tvertni un vienm\u0113r\u012bgi izsmidziniet uz p\u0113du \u0101das no 15 cm att\u0101luma. \u013baujiet piln\u012bb\u0101 no\u017e\u016bt pirms ze\u0137u un\/vai apavu uzvilk&scaron;anas.<\/p>\n<p><strong>B\u012bstami!&nbsp;<\/strong>\u012apa&scaron;i viegli uzliesmojo&scaron;s aerosols.&nbsp;Tvertne zem spiediena: karstum\u0101 var eksplod\u0113t.&nbsp;Sarg\u0101t no b\u0113rniem.&nbsp;Sarg\u0101t no karstuma, karst\u0101m virsm\u0101m, dzirkstel\u0113m, atkl\u0101tas uguns un citiem aizdeg&scaron;an\u0101s avotiem. Nesm\u0113\u0137\u0113t.&nbsp;Neizsmidzin\u0101t uz atkl\u0101tas uguns vai citiem aizdeg&scaron;an\u0101s avotiem.&nbsp;Nedurt vai nededzin\u0101t, ar\u012b p\u0113c izlieto&scaron;anas.&nbsp;Izvair\u012bties ieelpot smidzin\u0101jumu.&nbsp;Nepie\u013caut nok\u013c\u016b&scaron;anu ac\u012bs.&nbsp;Aizsarg\u0101t no saules gaismas. Nepak\u013caut temperat\u016brai, kas p\u0101rsniedz 50 &ordm;C\/122 &ordm;F.<br \/>\n&nbsp;<\/p>\n<p>&nbsp;<\/p>\n","protected":false},"excerpt":{"rendered":"<p>\u0100tri \u017e\u016bsto&scaron;s dezodorants k\u0101ju aizsardz\u012bbai pret nepat\u012bkam\u0101m smar\u017e\u0101m un mitrumu. Lieto&scaron;ana: pirms lieto&scaron;anas k\u0101rt\u012bgi sakratiet aerosola tvertni un vienm\u0113r\u012bgi izsmidziniet uz p\u0113du \u0101das no 15 cm att\u0101luma. \u013baujiet piln\u012bb\u0101 no\u017e\u016bt pirms ze\u0137u un\/vai apavu uzvilk&scaron;anas. B\u012bstami!&nbsp;\u012apa&scaron;i viegli uzliesmojo&scaron;s aerosols.&nbsp;Tvertne zem spiediena: karstum\u0101 var eksplod\u0113t.&nbsp;Sarg\u0101t no b\u0113rniem.&nbsp;Sarg\u0101t no karstuma, karst\u0101m virsm\u0101m, dzirkstel\u0113m, atkl\u0101tas uguns un citiem [&#8230;]\n","protected":false},"featured_media":99349,"template":"","meta":[],"product_cat":[1763],"product_tag":[],"class_list":{"0":"post-40577","1":"product","2":"type-product","3":"status-publish","4":"has-post-thumbnail","6":"product_brand-statestrong_gb","7":"product_cat-koju-prieziuros-kosmetika","9":"first","10":"instock","11":"taxable","12":"shipping-taxable","13":"product-type-simple"},"_links":{"self":[{"href":"https:\/\/e.kosmolat.eu\/lv\/wp-json\/wp\/v2\/product\/40577","targetHints":{"allow":["GET"]}}],"collection":[{"href":"https:\/\/e.kosmolat.eu\/lv\/wp-json\/wp\/v2\/product"}],"about":[{"href":"https:\/\/e.kosmolat.eu\/lv\/wp-json\/wp\/v2\/types\/product"}],"wp:featuredmedia":[{"embeddable":true,"href":"https:\/\/e.kosmolat.eu\/lv\/wp-json\/wp\/v2\/media\/99349"}],"wp:attachment":[{"href":"https:\/\/e.kosmolat.eu\/lv\/wp-json\/wp\/v2\/media?parent=40577"}],"wp:term":[{"taxonomy":"product_cat","embeddable":true,"href":"https:\/\/e.kosmolat.eu\/lv\/wp-json\/wp\/v2\/product_cat?post=40577"},{"taxonomy":"product_tag","embeddable":true,"href":"https:\/\/e.kosmolat.eu\/lv\/wp-json\/wp\/v2\/product_tag?post=40577"}],"curies":[{"name":"wp","href":"https:\/\/api.w.org\/{rel}","templated":true}]}}