{"id":40573,"date":"2023-12-23T01:32:20","date_gmt":"2023-12-23T01:32:20","guid":{"rendered":"https:\/\/e.kosmolat.eu\/product\/bd-sejas-toniks-sebum-no-200-ml\/"},"modified":"2026-04-23T05:47:53","modified_gmt":"2026-04-23T05:47:53","slug":"bd-sejas-toniks-sebum-no-200-ml","status":"publish","type":"product","link":"https:\/\/e.kosmolat.eu\/lv\/product\/bd-sejas-toniks-sebum-no-200-ml\/","title":{"rendered":"BD Sejas toniks Sebum? No!, 200 ml"},"content":{"rendered":"<p>Sejas toniks Sebum?No! no\u0146em lieko sebumu no \u0101das virsmas un d\u0101v\u0101 svaiguma saj\u016btu. Lietojot toniku, \u0101da k\u013c\u016bst maiga, poras man\u0101mi sa\u0161aurin\u0101s un \u0101das nepiln\u012bbas k\u013c\u016bst maz\u0101k paman\u0101mas. Pateicoties prebiotikai tonika sast\u0101v\u0101, tiek uztur\u0113ta \u0101das dabisk\u0101 aizsargbarjera.<\/p>\n<p><strong>Akt\u012bv\u0101s sast\u0101vda\u013cas: <\/strong>dab\u012bga prebiotika, za\u013c\u0101s t\u0113jas lapu ekstrakts, burvju lazdas lapu ekstrakts.<\/p>\n<p><strong>Lieto\u0161ana:<\/strong> samitriniet vates disku ar toniku un att\u012briet sejas, acu un l\u016bpu \u0101du. Nav nepiecie\u0161ams noskalot.<\/p>\n<p><strong>Piesardz\u012bbas pas\u0101kumi: <\/strong>pirms lieto\u0161anas toniks ir j\u0101p\u0101rbauda uz neliela \u0101das laukuma. Ja rodas aler\u0123iska reakcija, p\u0101rtraukt lieto\u0161anu. Tikai \u0101r\u012bgai lieto\u0161anai. Ja iek\u013c\u016bst ac\u012bs, r\u016bp\u012bgi izskalot ar lielu daudzumu teko\u0161a \u016bdens.<\/p>\n<p><strong>Kontrindik\u0101cijas:<\/strong> individu\u0101la nepanes\u012bba pret p\u012blinga skrubja sast\u0101vda\u013c\u0101m.<\/p>\n<p>Uzglab\u0101t temperat\u016br\u0101 no +5 &deg;C l\u012bdz +25 &deg;C un relat\u012bvaj\u0101 gaisa mitrum\u0101 55-70%, sarg\u0101jot no tie\u0161iem saules stariem, ne tuv\u0101k par vienu metru no siltuma avotiem.<\/p>\n<p><strong>Der\u012bguma termi\u0146\u0161:<\/strong> 36 m\u0113ne\u0161i.<\/p>\n","protected":false},"excerpt":{"rendered":"<p>Sejas toniks Sebum?No! no\u0146em lieko sebumu no \u0101das virsmas un d\u0101v\u0101 svaiguma saj\u016btu. Lietojot toniku, \u0101da k\u013c\u016bst maiga, poras man\u0101mi sa\u0161aurin\u0101s un \u0101das nepiln\u012bbas k\u013c\u016bst maz\u0101k paman\u0101mas. Pateicoties prebiotikai tonika sast\u0101v\u0101, tiek uztur\u0113ta \u0101das dabisk\u0101 aizsargbarjera. Akt\u012bv\u0101s sast\u0101vda\u013cas: dab\u012bga prebiotika, za\u013c\u0101s t\u0113jas lapu ekstrakts, burvju lazdas lapu ekstrakts. Lieto\u0161ana: samitriniet vates disku ar toniku un [&#8230;]\n","protected":false},"featured_media":102635,"template":"","meta":[],"product_cat":[1578],"product_tag":[],"class_list":{"0":"post-40573","1":"product","2":"type-product","3":"status-publish","4":"has-post-thumbnail","6":"product_brand-naturpro_ua","7":"product_cat-losjoni-un-toniki","9":"first","10":"instock","11":"taxable","12":"shipping-taxable","13":"product-type-simple"},"_links":{"self":[{"href":"https:\/\/e.kosmolat.eu\/lv\/wp-json\/wp\/v2\/product\/40573","targetHints":{"allow":["GET"]}}],"collection":[{"href":"https:\/\/e.kosmolat.eu\/lv\/wp-json\/wp\/v2\/product"}],"about":[{"href":"https:\/\/e.kosmolat.eu\/lv\/wp-json\/wp\/v2\/types\/product"}],"wp:featuredmedia":[{"embeddable":true,"href":"https:\/\/e.kosmolat.eu\/lv\/wp-json\/wp\/v2\/media\/102635"}],"wp:attachment":[{"href":"https:\/\/e.kosmolat.eu\/lv\/wp-json\/wp\/v2\/media?parent=40573"}],"wp:term":[{"taxonomy":"product_cat","embeddable":true,"href":"https:\/\/e.kosmolat.eu\/lv\/wp-json\/wp\/v2\/product_cat?post=40573"},{"taxonomy":"product_tag","embeddable":true,"href":"https:\/\/e.kosmolat.eu\/lv\/wp-json\/wp\/v2\/product_tag?post=40573"}],"curies":[{"name":"wp","href":"https:\/\/api.w.org\/{rel}","templated":true}]}}