{"id":40565,"date":"2023-12-23T01:31:23","date_gmt":"2023-12-23T01:31:23","guid":{"rendered":"https:\/\/e.kosmolat.eu\/product\/bd-micelarais-udens-ready-glow-200-ml\/"},"modified":"2026-04-07T09:16:01","modified_gmt":"2026-04-07T09:16:01","slug":"bd-micelarais-udens-ready-glow-200-ml","status":"publish","type":"product","link":"https:\/\/e.kosmolat.eu\/lv\/product\/bd-micelarais-udens-ready-glow-200-ml\/","title":{"rendered":"BD Micel\u0101rais \u016bdens Ready? Glow!, 200 ml"},"content":{"rendered":"<p>Micel\u0101rais \u016bdens Ready?Glow! efekt\u012bvi no\u0146em sejas, acu un l\u016bpu makij\u0101\u017eu, saudz\u012bgi att\u012bra \u0101du, nov\u0113r\u0161 mitruma zudumu, pateicoties \u0101das dabisk\u0101s aizsargbarjeras uztur\u0113\u0161anai.<\/p>\n<p><strong>Akt\u012bv\u0101s sast\u0101vda\u013cas:<\/strong> keram\u012bdu komplekss, A, E, PP vitam\u012bnu komplekss.<\/p>\n<p><strong>Lieto\u0161ana: <\/strong>samitriniet vates disku ar micel\u0101ro \u016bdeni un saudz\u012bgi, neberz\u0113jot, att\u012briet sejas, acu un l\u016bpu \u0101du.<\/p>\n<p><strong>Piesardz\u012bbas pas\u0101kumi: <\/strong>pirms lieto\u0161anas micel\u0101rais \u016bdens ir j\u0101p\u0101rbauda uz neliela \u0101das laukuma. Ja rodas aler\u0123iska reakcija, p\u0101rtraukt lieto\u0161anu. Tikai \u0101r\u012bgai lieto\u0161anai. Ja iek\u013c\u016bst ac\u012bs, r\u016bp\u012bgi izskalot ar lielu daudzumu teko\u0161a \u016bdens.<\/p>\n<p><strong>Kontrindik\u0101cijas: <\/strong>individu\u0101la nepanes\u012bba pret micel\u0101r\u0101 \u016bdens sast\u0101vda\u013c\u0101m. Uzglab\u0101t temperat\u016br\u0101 no +5 &deg;C l\u012bdz +25 &deg;C un relat\u012bvaj\u0101 gaisa mitrum\u0101 55-70%, sarg\u0101jot no tie\u0161iem saules stariem, ne tuv\u0101k par vienu metru no siltuma avotiem.<\/p>\n<p><strong>Der\u012bguma termi\u0146\u0161:<\/strong> 36 m\u0113ne\u0161i.&nbsp;<br \/>\n&nbsp;<\/p>\n","protected":false},"excerpt":{"rendered":"<p>Micel\u0101rais \u016bdens Ready?Glow! efekt\u012bvi no\u0146em sejas, acu un l\u016bpu makij\u0101\u017eu, saudz\u012bgi att\u012bra \u0101du, nov\u0113r\u0161 mitruma zudumu, pateicoties \u0101das dabisk\u0101s aizsargbarjeras uztur\u0113\u0161anai. Akt\u012bv\u0101s sast\u0101vda\u013cas: keram\u012bdu komplekss, A, E, PP vitam\u012bnu komplekss. Lieto\u0161ana: samitriniet vates disku ar micel\u0101ro \u016bdeni un saudz\u012bgi, neberz\u0113jot, att\u012briet sejas, acu un l\u016bpu \u0101du. Piesardz\u012bbas pas\u0101kumi: pirms lieto\u0161anas micel\u0101rais \u016bdens ir j\u0101p\u0101rbauda uz [&#8230;]\n","protected":false},"featured_media":100292,"template":"","meta":[],"product_cat":[1999],"product_tag":[],"class_list":{"0":"post-40565","1":"product","2":"type-product","3":"status-publish","4":"has-post-thumbnail","6":"product_brand-naturpro_ua","7":"product_cat-bez-kategorijas","9":"first","10":"instock","11":"taxable","12":"shipping-taxable","13":"product-type-simple"},"_links":{"self":[{"href":"https:\/\/e.kosmolat.eu\/lv\/wp-json\/wp\/v2\/product\/40565","targetHints":{"allow":["GET"]}}],"collection":[{"href":"https:\/\/e.kosmolat.eu\/lv\/wp-json\/wp\/v2\/product"}],"about":[{"href":"https:\/\/e.kosmolat.eu\/lv\/wp-json\/wp\/v2\/types\/product"}],"wp:featuredmedia":[{"embeddable":true,"href":"https:\/\/e.kosmolat.eu\/lv\/wp-json\/wp\/v2\/media\/100292"}],"wp:attachment":[{"href":"https:\/\/e.kosmolat.eu\/lv\/wp-json\/wp\/v2\/media?parent=40565"}],"wp:term":[{"taxonomy":"product_cat","embeddable":true,"href":"https:\/\/e.kosmolat.eu\/lv\/wp-json\/wp\/v2\/product_cat?post=40565"},{"taxonomy":"product_tag","embeddable":true,"href":"https:\/\/e.kosmolat.eu\/lv\/wp-json\/wp\/v2\/product_tag?post=40565"}],"curies":[{"name":"wp","href":"https:\/\/api.w.org\/{rel}","templated":true}]}}