{"id":40561,"date":"2023-12-23T01:30:55","date_gmt":"2023-12-23T01:30:55","guid":{"rendered":"https:\/\/e.kosmolat.eu\/product\/bd-matejoss-sejas-krems-sebum-no-50-ml\/"},"modified":"2025-08-14T12:57:20","modified_gmt":"2025-08-14T12:57:20","slug":"i_bd-matejoss-sejas-krems-sebum-no-50-ml","status":"publish","type":"product","link":"https:\/\/e.kosmolat.eu\/lv\/product\/i_bd-matejoss-sejas-krems-sebum-no-50-ml\/","title":{"rendered":"I_BD Mat\u0113jo\u0161s sejas kr\u0113ms Sebum? No!, 50 ml"},"content":{"rendered":"<p><strong>Akt\u012bv\u0101s sast\u0101vda\u013cas:<\/strong> dab\u012bga prebiotika, burvju lazdas lapu ekstrakts, hialuronsk\u0101be.<\/p>\n<p><strong>Lieto\u0161ana:<\/strong> uzkl\u0101jiet kr\u0113mu uz att\u012br\u012btas sejas \u0101das.<\/p>\n<p><strong>Piesardz\u012bbas pas\u0101kumi: <\/strong>&nbsp;pirms lieto\u0161anas kr\u0113ms ir j\u0101p\u0101rbauda uz neliela \u0101das laukuma. Ja rodas aler\u0123iska reakcija, p\u0101rtraukt lieto\u0161anu. Tikai \u0101r\u012bgai lieto\u0161anai. Ja iek\u013c\u016bst ac\u012bs, r\u016bp\u012bgi izskalot ar lielu daudzumu teko\u0161a \u016bdens.<\/p>\n<p><strong>Kontrindik\u0101cijas: <\/strong>individu\u0101la nepanes\u012bba pret kr\u0113ma sast\u0101vda\u013c\u0101m.<\/p>\n<p>Uzglab\u0101t temperat\u016br\u0101 no +5 &deg;C l\u012bdz +25 &deg;C un relat\u012bvaj\u0101 gaisa mitrum\u0101 55-70%, sarg\u0101jot no tie\u0161iem saules stariem, ne tuv\u0101k par vienu metru no siltuma avotiem.<\/p>\n<p><strong>Der\u012bguma termi\u0146\u0161: <\/strong>36 m\u0113ne\u0161i.<\/p>\n","protected":false},"excerpt":{"rendered":"<p>Akt\u012bv\u0101s sast\u0101vda\u013cas: dab\u012bga prebiotika, burvju lazdas lapu ekstrakts, hialuronsk\u0101be. Lieto\u0161ana: uzkl\u0101jiet kr\u0113mu uz att\u012br\u012btas sejas \u0101das. Piesardz\u012bbas pas\u0101kumi: &nbsp;pirms lieto\u0161anas kr\u0113ms ir j\u0101p\u0101rbauda uz neliela \u0101das laukuma. Ja rodas aler\u0123iska reakcija, p\u0101rtraukt lieto\u0161anu. Tikai \u0101r\u012bgai lieto\u0161anai. Ja iek\u013c\u016bst ac\u012bs, r\u016bp\u012bgi izskalot ar lielu daudzumu teko\u0161a \u016bdens. Kontrindik\u0101cijas: individu\u0101la nepanes\u012bba pret kr\u0113ma sast\u0101vda\u013c\u0101m. Uzglab\u0101t temperat\u016br\u0101 no [&#8230;]\n","protected":false},"featured_media":12537,"template":"","meta":[],"product_cat":[1320],"product_tag":[],"class_list":{"0":"post-40561","1":"product","2":"type-product","3":"status-publish","4":"has-post-thumbnail","6":"product_brand-naturpro_ua","7":"product_cat-sejas-kremi","9":"first","10":"outofstock","11":"taxable","12":"shipping-taxable","13":"product-type-simple"},"_links":{"self":[{"href":"https:\/\/e.kosmolat.eu\/lv\/wp-json\/wp\/v2\/product\/40561","targetHints":{"allow":["GET"]}}],"collection":[{"href":"https:\/\/e.kosmolat.eu\/lv\/wp-json\/wp\/v2\/product"}],"about":[{"href":"https:\/\/e.kosmolat.eu\/lv\/wp-json\/wp\/v2\/types\/product"}],"wp:featuredmedia":[{"embeddable":true,"href":"https:\/\/e.kosmolat.eu\/lv\/wp-json\/wp\/v2\/media\/12537"}],"wp:attachment":[{"href":"https:\/\/e.kosmolat.eu\/lv\/wp-json\/wp\/v2\/media?parent=40561"}],"wp:term":[{"taxonomy":"product_cat","embeddable":true,"href":"https:\/\/e.kosmolat.eu\/lv\/wp-json\/wp\/v2\/product_cat?post=40561"},{"taxonomy":"product_tag","embeddable":true,"href":"https:\/\/e.kosmolat.eu\/lv\/wp-json\/wp\/v2\/product_tag?post=40561"}],"curies":[{"name":"wp","href":"https:\/\/api.w.org\/{rel}","templated":true}]}}