{"id":40545,"date":"2023-12-23T01:29:21","date_gmt":"2023-12-23T01:29:21","guid":{"rendered":"https:\/\/e.kosmolat.eu\/product\/ec-lupu-balzams-rich-vanilla-9-g\/"},"modified":"2026-01-21T12:46:20","modified_gmt":"2026-01-21T12:46:20","slug":"ec-lupu-balzams-rich-vanilla-9-g","status":"publish","type":"product","link":"https:\/\/e.kosmolat.eu\/lv\/product\/ec-lupu-balzams-rich-vanilla-9-g\/","title":{"rendered":"EC L\u016bpu balzams Rich Vanilla, 9 g"},"content":{"rendered":"<p>L\u016bpu balzams Rich Vanilla nodro\u0161ina maig\u0101s l\u016bpu \u0101das baro\u0161anu un aizsardz\u012bbu, nov\u0113r\u0161ot sausumu bez lob\u012b\u0161an\u0101s.<\/p>\n<p><strong>Lieto\u0161ana:<\/strong> uzkl\u0101t nelielu balzama daudzumu uz l\u016bp\u0101m p\u0113c nepiecie\u0161am\u012bbas.<\/p>\n<p><strong>Piesardz\u012bbas pas\u0101kumi:<\/strong> pirms lieto\u0161anas p\u0101rbaud\u012bt balzamu uz neliela \u0101das laukuma. Ja rodas aler\u0123iska reakcija, p\u0101rtraukt lieto\u0161anu. Tikai \u0101r\u012bgai lieto\u0161anai. Ja iek\u013c\u016bst ac\u012bs, r\u016bp\u012bgi izskalot ar lielu daudzumu teko\u0161a \u016bdens.<\/p>\n<p><strong>Kontrindik\u0101cijas:<\/strong> individu\u0101la nepanes\u012bba pret balzama sast\u0101vda\u013c\u0101m.<\/p>\n<p>Uzglab\u0101t temperat\u016br\u0101 no +5 &deg;C l\u012bdz +25 &deg;C un relat\u012bvaj\u0101 gaisa mitrum\u0101 55-70%, sarg\u0101jot no tie\u0161iem saules stariem, ne tuv\u0101k par vienu metru no siltuma avotiem.&nbsp;<\/p>\n<p><strong>Der\u012bguma termi\u0146\u0161: <\/strong>36 m\u0113ne\u0161i.<\/p>\n","protected":false},"excerpt":{"rendered":"<p>L\u016bpu balzams Rich Vanilla nodro\u0161ina maig\u0101s l\u016bpu \u0101das baro\u0161anu un aizsardz\u012bbu, nov\u0113r\u0161ot sausumu bez lob\u012b\u0161an\u0101s. Lieto\u0161ana: uzkl\u0101t nelielu balzama daudzumu uz l\u016bp\u0101m p\u0113c nepiecie\u0161am\u012bbas. Piesardz\u012bbas pas\u0101kumi: pirms lieto\u0161anas p\u0101rbaud\u012bt balzamu uz neliela \u0101das laukuma. Ja rodas aler\u0123iska reakcija, p\u0101rtraukt lieto\u0161anu. Tikai \u0101r\u012bgai lieto\u0161anai. Ja iek\u013c\u016bst ac\u012bs, r\u016bp\u012bgi izskalot ar lielu daudzumu teko\u0161a \u016bdens. Kontrindik\u0101cijas: individu\u0101la [&#8230;]\n","protected":false},"featured_media":101318,"template":"","meta":[],"product_cat":[1593],"product_tag":[],"class_list":{"0":"post-40545","1":"product","2":"type-product","3":"status-publish","4":"has-post-thumbnail","6":"product_brand-naturpro_ua","7":"product_cat-lupu-prieziura","9":"first","10":"outofstock","11":"taxable","12":"shipping-taxable","13":"product-type-simple"},"_links":{"self":[{"href":"https:\/\/e.kosmolat.eu\/lv\/wp-json\/wp\/v2\/product\/40545","targetHints":{"allow":["GET"]}}],"collection":[{"href":"https:\/\/e.kosmolat.eu\/lv\/wp-json\/wp\/v2\/product"}],"about":[{"href":"https:\/\/e.kosmolat.eu\/lv\/wp-json\/wp\/v2\/types\/product"}],"wp:featuredmedia":[{"embeddable":true,"href":"https:\/\/e.kosmolat.eu\/lv\/wp-json\/wp\/v2\/media\/101318"}],"wp:attachment":[{"href":"https:\/\/e.kosmolat.eu\/lv\/wp-json\/wp\/v2\/media?parent=40545"}],"wp:term":[{"taxonomy":"product_cat","embeddable":true,"href":"https:\/\/e.kosmolat.eu\/lv\/wp-json\/wp\/v2\/product_cat?post=40545"},{"taxonomy":"product_tag","embeddable":true,"href":"https:\/\/e.kosmolat.eu\/lv\/wp-json\/wp\/v2\/product_tag?post=40545"}],"curies":[{"name":"wp","href":"https:\/\/api.w.org\/{rel}","templated":true}]}}