{"id":40537,"date":"2023-12-23T01:28:23","date_gmt":"2023-12-23T01:28:23","guid":{"rendered":"https:\/\/e.kosmolat.eu\/product\/naturpro-dabiga-indijas-henna-25-g\/"},"modified":"2026-02-24T06:41:24","modified_gmt":"2026-02-24T06:41:24","slug":"naturpro-dabiga-indijas-henna-25-g","status":"publish","type":"product","link":"https:\/\/e.kosmolat.eu\/lv\/product\/naturpro-dabiga-indijas-henna-25-g\/","title":{"rendered":"NATURPRO Dab\u012bg\u0101 Indijas henna, 25 g"},"content":{"rendered":"<p>Indijas henna &ndash; dab\u012bgs augu izcelsmes matu kr\u0101so\u0161anas l\u012bdzeklis. Jau p\u0113c pirm\u0101s lieto\u0161anas reizes mati k\u013c\u016bst man\u0101mi stipr\u0101ki, ieg\u016bst vesel\u012bgu izskatu, &nbsp;sp\u012bdumu un papildu apjomu.<\/p>\n<p><strong>Lieto\u0161ana: <\/strong>25-100 g hennas (atkar\u012bb\u0101 no matu garuma un biezuma) apliet ar karstu \u016bdeni (80-100 &deg;\u0421) un mais\u012bt, l\u012bdz veidojas bieza pasta. Uzkl\u0101t hennu uz sausiem t\u012briem matiem ar otas pal\u012bdz\u012bbu, no pakau\u0161a zonas uz deni\u0146iem un galvas aug\u0161da\u013cu, tad vienm\u0113r\u012bgi izkl\u0101t pastu visu matu garum\u0101, pamas\u0113t un uzvilkt sildo\u0161o cepur\u012bti. Kr\u0101so\u0161anas laiks &ndash; 30-60 min\u016btes, atkar\u012bb\u0101 no v\u0113lam\u0101 rezult\u0101ta. &nbsp;P\u0113c tam noskalot matus ar siltu \u016bdeni bez \u0161amp\u016bna. Maksim\u0101lai kr\u0101sas fiks\u0101cijai ieteicams nemazg\u0101t matus 2-3 dienas no kr\u0101so\u0161anas br\u012b\u017ea.<\/p>\n<p><strong>Piesardz\u012bbas pas\u0101kumi: <\/strong>pirms lieto\u0161anas j\u0101veic \u0101das jut\u012bbas tests. Ja rodas aler\u0123iska reakcija, p\u0101rtraukt lieto\u0161anu. Tikai \u0101r\u012bgai lieto\u0161anai. Ja iek\u013c\u016bst ac\u012bs, izskalot ar lielu daudzumu teko\u0161a \u016bdens. Nav ieteicams lietot hennu agr\u0101k k\u0101 divas ned\u0113\u013cas p\u0113c ilgvi\u013c\u0146iem vai permanent\u0101s matu kr\u0101sas lieto\u0161anas. Ja nok\u013c\u016bst uz sejas vai kakla \u0101das, noskalojiet ar siltu ziepj\u016bdeni. Nelietot met\u0101liskus traukus. Kontrindik\u0101cijas: individu\u0101la nepanes\u012bba pret hennu.<\/p>\n<p>Uzglab\u0101t temperat\u016br\u0101 no +5 &deg;C l\u012bdz +25 &deg;C un relat\u012bvaj\u0101 gaisa mitrum\u0101 55-70%, sarg\u0101jot no tie\u0161iem saules stariem, ne tuv\u0101k par vienu metru no siltuma avotiem.<\/p>\n<p><strong>Der\u012bguma termi\u0146\u0161:<\/strong> 36 m\u0113ne\u0161i.<br \/>\n&nbsp;<\/p>\n","protected":false},"excerpt":{"rendered":"<p>Indijas henna &ndash; dab\u012bgs augu izcelsmes matu kr\u0101so\u0161anas l\u012bdzeklis. Jau p\u0113c pirm\u0101s lieto\u0161anas reizes mati k\u013c\u016bst man\u0101mi stipr\u0101ki, ieg\u016bst vesel\u012bgu izskatu, &nbsp;sp\u012bdumu un papildu apjomu. Lieto\u0161ana: 25-100 g hennas (atkar\u012bb\u0101 no matu garuma un biezuma) apliet ar karstu \u016bdeni (80-100 &deg;\u0421) un mais\u012bt, l\u012bdz veidojas bieza pasta. Uzkl\u0101t hennu uz sausiem t\u012briem matiem ar otas [&#8230;]\n","protected":false},"featured_media":99200,"template":"","meta":[],"product_cat":[1658],"product_tag":[],"class_list":{"0":"post-40537","1":"product","2":"type-product","3":"status-publish","4":"has-post-thumbnail","6":"product_brand-naturpro_ua","7":"product_cat-henna-un-basma","9":"first","10":"outofstock","11":"taxable","12":"shipping-taxable","13":"product-type-simple"},"_links":{"self":[{"href":"https:\/\/e.kosmolat.eu\/lv\/wp-json\/wp\/v2\/product\/40537","targetHints":{"allow":["GET"]}}],"collection":[{"href":"https:\/\/e.kosmolat.eu\/lv\/wp-json\/wp\/v2\/product"}],"about":[{"href":"https:\/\/e.kosmolat.eu\/lv\/wp-json\/wp\/v2\/types\/product"}],"wp:featuredmedia":[{"embeddable":true,"href":"https:\/\/e.kosmolat.eu\/lv\/wp-json\/wp\/v2\/media\/99200"}],"wp:attachment":[{"href":"https:\/\/e.kosmolat.eu\/lv\/wp-json\/wp\/v2\/media?parent=40537"}],"wp:term":[{"taxonomy":"product_cat","embeddable":true,"href":"https:\/\/e.kosmolat.eu\/lv\/wp-json\/wp\/v2\/product_cat?post=40537"},{"taxonomy":"product_tag","embeddable":true,"href":"https:\/\/e.kosmolat.eu\/lv\/wp-json\/wp\/v2\/product_tag?post=40537"}],"curies":[{"name":"wp","href":"https:\/\/api.w.org\/{rel}","templated":true}]}}