{"id":40533,"date":"2023-12-23T01:27:59","date_gmt":"2023-12-23T01:27:59","guid":{"rendered":"https:\/\/e.kosmolat.eu\/product\/i_ec-barojoss-sampuns-dusas-zeleja-2in1-250-ml\/"},"modified":"2025-09-16T05:20:47","modified_gmt":"2025-09-16T05:20:47","slug":"i_ec-barojoss-sampuns-dusas-zeleja-2in1-250-ml","status":"publish","type":"product","link":"https:\/\/e.kosmolat.eu\/lv\/product\/i_ec-barojoss-sampuns-dusas-zeleja-2in1-250-ml\/","title":{"rendered":"I_EC Barojo\u0161s \u0161amp\u016bns-du\u0161as \u017eeleja 2in1, 250 ml"},"content":{"rendered":"<p>Barojo\u0161s \u0161amp\u016bns-du\u0161as \u017eeleja 2in1 mitrina un baro \u0101du un matus.<\/p>\n<p><strong>Akt\u012bv\u0101s sast\u0101vda\u013cas: <\/strong>mande\u013cu e\u013c\u013ca, medus ekstrakts. Lieto\u0161ana: uzkl\u0101t nepiecie\u0161amo \u0161amp\u016bna daudzumu uz mitra \u0137erme\u0146a vai matiem, saputot, r\u016bp\u012bgi noskalot. Ja nepiecie\u0161am, proced\u016bru atk\u0101rtot.<\/p>\n<p><strong>Piesardz\u012bbas pas\u0101kumi: <\/strong>pirms lieto\u0161anas l\u012bdzeklis ir j\u0101p\u0101rbauda uz neliela \u0101das laukuma. Ja rodas aler\u0123iska reakcija, p\u0101rtrauciet lieto\u0161anu. Tikai \u0101r\u012bgai lieto\u0161anai. Ja iek\u013c\u016bst ac\u012bs, r\u016bp\u012bgi izskalojiet ar lielu daudzumu teko\u0161a \u016bdens.<\/p>\n<p><strong>Kontrindik\u0101cijas:<\/strong> individu\u0101la nepanes\u012bba pret l\u012bdzek\u013ca sast\u0101vda\u013c\u0101m.<\/p>\n<p>Uzglab\u0101t temperat\u016br\u0101 no +5&deg;C l\u012bdz +25&deg;C un relat\u012bvaj\u0101 mitrum\u0101 55-70%, sarg\u0101jot no tie\u0161iem saules stariem, ne tuv\u0101k par vienu metru no siltuma avotiem.<\/p>\n<p><strong>Der\u012bguma termi\u0146\u0161:<\/strong> 36 m\u0113ne\u0161i.<br \/>\n&nbsp;<\/p>\n","protected":false},"excerpt":{"rendered":"<p>Barojo\u0161s \u0161amp\u016bns-du\u0161as \u017eeleja 2in1 mitrina un baro \u0101du un matus. Akt\u012bv\u0101s sast\u0101vda\u013cas: mande\u013cu e\u013c\u013ca, medus ekstrakts. Lieto\u0161ana: uzkl\u0101t nepiecie\u0161amo \u0161amp\u016bna daudzumu uz mitra \u0137erme\u0146a vai matiem, saputot, r\u016bp\u012bgi noskalot. Ja nepiecie\u0161am, proced\u016bru atk\u0101rtot. Piesardz\u012bbas pas\u0101kumi: pirms lieto\u0161anas l\u012bdzeklis ir j\u0101p\u0101rbauda uz neliela \u0101das laukuma. Ja rodas aler\u0123iska reakcija, p\u0101rtrauciet lieto\u0161anu. Tikai \u0101r\u012bgai lieto\u0161anai. Ja iek\u013c\u016bst [&#8230;]\n","protected":false},"featured_media":0,"template":"","meta":[],"product_cat":[2182],"product_tag":[],"class_list":{"0":"post-40533","1":"product","2":"type-product","3":"status-publish","5":"product_brand-naturpro_ua","6":"product_cat-bez-kategorijas-ru","8":"first","9":"outofstock","10":"taxable","11":"shipping-taxable","12":"product-type-simple"},"_links":{"self":[{"href":"https:\/\/e.kosmolat.eu\/lv\/wp-json\/wp\/v2\/product\/40533","targetHints":{"allow":["GET"]}}],"collection":[{"href":"https:\/\/e.kosmolat.eu\/lv\/wp-json\/wp\/v2\/product"}],"about":[{"href":"https:\/\/e.kosmolat.eu\/lv\/wp-json\/wp\/v2\/types\/product"}],"wp:attachment":[{"href":"https:\/\/e.kosmolat.eu\/lv\/wp-json\/wp\/v2\/media?parent=40533"}],"wp:term":[{"taxonomy":"product_cat","embeddable":true,"href":"https:\/\/e.kosmolat.eu\/lv\/wp-json\/wp\/v2\/product_cat?post=40533"},{"taxonomy":"product_tag","embeddable":true,"href":"https:\/\/e.kosmolat.eu\/lv\/wp-json\/wp\/v2\/product_tag?post=40533"}],"curies":[{"name":"wp","href":"https:\/\/api.w.org\/{rel}","templated":true}]}}