{"id":40529,"date":"2023-12-23T01:27:32","date_gmt":"2023-12-23T01:27:32","guid":{"rendered":"https:\/\/e.kosmolat.eu\/product\/i_ec-stiprinoss-sampuns-ar-natres-ekstraktu-250-ml\/"},"modified":"2025-07-08T13:04:49","modified_gmt":"2025-07-08T13:04:49","slug":"i_ec-stiprinoss-sampuns-ar-natres-ekstraktu-250-ml","status":"publish","type":"product","link":"https:\/\/e.kosmolat.eu\/lv\/product\/i_ec-stiprinoss-sampuns-ar-natres-ekstraktu-250-ml\/","title":{"rendered":"I_EC Stiprino\u0161s \u0161amp\u016bns ar n\u0101tres ekstraktu, 250 ml"},"content":{"rendered":"<p>Stiprino\u0161s \u0161amp\u016bns ar n\u0101tres ekstraktu att\u012bra matus, nodro\u0161ina sp\u012bduma efektu un pal\u012bdz stiprin\u0101t matus.<\/p>\n<p><strong>Akt\u012bv\u0101s sast\u0101vda\u013cas: <\/strong>n\u0101tres lapu ekstrakts.<\/p>\n<p><strong>Lieto\u0161ana:<\/strong> uzkl\u0101t nepiecie\u0161amo \u0161amp\u016bna daudzumu uz mitriem matiem, saputot, r\u016bp\u012bgi noskalot. Ja nepiecie\u0161am, proced\u016bru atk\u0101rtot.<\/p>\n<p><strong>Uzman\u012bbu:<\/strong> pirms lieto\u0161anas \u0161amp\u016bns ir j\u0101p\u0101rbauda uz neliela \u0101das laukuma. Ja rodas aler\u0123iska reakcija, p\u0101rtrauciet lieto\u0161anu. Tikai \u0101r\u012bgai lieto\u0161anai. Ja iek\u013c\u016bst ac\u012bs, r\u016bp\u012bgi izskalojiet ar lielu daudzumu teko\u0161a \u016bdens.<\/p>\n<p><strong>Kontrindik\u0101cijas: <\/strong>individu\u0101la nepanes\u012bba pret \u0161amp\u016bna sast\u0101vda\u013c\u0101m.<\/p>\n<p>Uzglab\u0101t temperat\u016br\u0101 no +5&deg;C l\u012bdz +25&deg;C un relat\u012bvaj\u0101 mitrum\u0101 55-70%, sarg\u0101jot no tie\u0161iem saules stariem, ne tuv\u0101k par vienu metru no siltuma avotiem.<\/p>\n<p><strong>Der\u012bguma termi\u0146\u0161: <\/strong>36 m\u0113ne\u0161i.<br \/>\n&nbsp;<\/p>\n","protected":false},"excerpt":{"rendered":"<p>Stiprino\u0161s \u0161amp\u016bns ar n\u0101tres ekstraktu att\u012bra matus, nodro\u0161ina sp\u012bduma efektu un pal\u012bdz stiprin\u0101t matus. Akt\u012bv\u0101s sast\u0101vda\u013cas: n\u0101tres lapu ekstrakts. Lieto\u0161ana: uzkl\u0101t nepiecie\u0161amo \u0161amp\u016bna daudzumu uz mitriem matiem, saputot, r\u016bp\u012bgi noskalot. Ja nepiecie\u0161am, proced\u016bru atk\u0101rtot. Uzman\u012bbu: pirms lieto\u0161anas \u0161amp\u016bns ir j\u0101p\u0101rbauda uz neliela \u0101das laukuma. Ja rodas aler\u0123iska reakcija, p\u0101rtrauciet lieto\u0161anu. Tikai \u0101r\u012bgai lieto\u0161anai. Ja iek\u013c\u016bst [&#8230;]\n","protected":false},"featured_media":12253,"template":"","meta":[],"product_cat":[1251],"product_tag":[],"class_list":{"0":"post-40529","1":"product","2":"type-product","3":"status-publish","4":"has-post-thumbnail","6":"product_brand-naturpro_ua","7":"product_cat-sampunai","9":"first","10":"outofstock","11":"taxable","12":"shipping-taxable","13":"product-type-simple"},"_links":{"self":[{"href":"https:\/\/e.kosmolat.eu\/lv\/wp-json\/wp\/v2\/product\/40529","targetHints":{"allow":["GET"]}}],"collection":[{"href":"https:\/\/e.kosmolat.eu\/lv\/wp-json\/wp\/v2\/product"}],"about":[{"href":"https:\/\/e.kosmolat.eu\/lv\/wp-json\/wp\/v2\/types\/product"}],"wp:featuredmedia":[{"embeddable":true,"href":"https:\/\/e.kosmolat.eu\/lv\/wp-json\/wp\/v2\/media\/12253"}],"wp:attachment":[{"href":"https:\/\/e.kosmolat.eu\/lv\/wp-json\/wp\/v2\/media?parent=40529"}],"wp:term":[{"taxonomy":"product_cat","embeddable":true,"href":"https:\/\/e.kosmolat.eu\/lv\/wp-json\/wp\/v2\/product_cat?post=40529"},{"taxonomy":"product_tag","embeddable":true,"href":"https:\/\/e.kosmolat.eu\/lv\/wp-json\/wp\/v2\/product_tag?post=40529"}],"curies":[{"name":"wp","href":"https:\/\/api.w.org\/{rel}","templated":true}]}}