{"id":40525,"date":"2023-12-23T01:27:05","date_gmt":"2023-12-23T01:27:05","guid":{"rendered":"https:\/\/e.kosmolat.eu\/product\/i_ec-sampuns-visai-gimenei-ar-klingerisu-ekstraktu-250-ml\/"},"modified":"2025-07-29T12:10:46","modified_gmt":"2025-07-29T12:10:46","slug":"i_ec-sampuns-visai-gimenei-ar-klingerisu-ekstraktu-250-ml","status":"publish","type":"product","link":"https:\/\/e.kosmolat.eu\/lv\/product\/i_ec-sampuns-visai-gimenei-ar-klingerisu-ekstraktu-250-ml\/","title":{"rendered":"I_EC \u0160amp\u016bns visai \u0123imenei ar kli\u0146\u0123er\u012b\u0161u ekstraktu, 250 ml"},"content":{"rendered":"<p>&Scaron;amp\u016bns visai \u0123imenei ar kli\u0146\u0123er\u012b\u0161u ekstraktu att\u012bra matus, nodro\u0161ina sp\u012bduma un elast\u012bbas efektu.<\/p>\n<p><strong>Akt\u012bv\u0101s sast\u0101vda\u013cas:<\/strong> kli\u0146\u0123er\u012b\u0161u ekstrakts.<\/p>\n<p><strong>Lieto\u0161ana:<\/strong> uzkl\u0101t nepiecie\u0161amo \u0161amp\u016bna daudzumu uz mitriem matiem, saputot, r\u016bp\u012bgi noskalot. Ja nepiecie\u0161am, proced\u016bru atk\u0101rtot.<\/p>\n<p><strong>Piesardz\u012bbas pas\u0101kumi: <\/strong>pirms lieto\u0161anas \u0161amp\u016bns ir j\u0101p\u0101rbauda uz neliela \u0101das laukuma. Ja rodas aler\u0123iska reakcija, p\u0101rtrauciet lieto\u0161anu. Tikai \u0101r\u012bgai lieto\u0161anai. Ja iek\u013c\u016bst ac\u012bs, r\u016bp\u012bgi izskalojiet ar lielu daudzumu teko\u0161a \u016bdens.<\/p>\n<p><strong>Kontrindik\u0101cijas: <\/strong>individu\u0101la nepanes\u012bba pret \u0161amp\u016bna sast\u0101vda\u013c\u0101m.<\/p>\n<p>Uzglab\u0101t temperat\u016br\u0101 no +5&deg;C l\u012bdz +25&deg;C un relat\u012bvaj\u0101 mitrum\u0101 55-70%, sarg\u0101jot no tie\u0161iem saules stariem, ne tuv\u0101k par vienu metru no siltuma avotiem.<\/p>\n<p><strong>Der\u012bguma termi\u0146\u0161:<\/strong> 36 m\u0113ne\u0161i.<br \/>\n&nbsp;<\/p>\n","protected":false},"excerpt":{"rendered":"<p>&Scaron;amp\u016bns visai \u0123imenei ar kli\u0146\u0123er\u012b\u0161u ekstraktu att\u012bra matus, nodro\u0161ina sp\u012bduma un elast\u012bbas efektu. Akt\u012bv\u0101s sast\u0101vda\u013cas: kli\u0146\u0123er\u012b\u0161u ekstrakts. Lieto\u0161ana: uzkl\u0101t nepiecie\u0161amo \u0161amp\u016bna daudzumu uz mitriem matiem, saputot, r\u016bp\u012bgi noskalot. Ja nepiecie\u0161am, proced\u016bru atk\u0101rtot. Piesardz\u012bbas pas\u0101kumi: pirms lieto\u0161anas \u0161amp\u016bns ir j\u0101p\u0101rbauda uz neliela \u0101das laukuma. Ja rodas aler\u0123iska reakcija, p\u0101rtrauciet lieto\u0161anu. Tikai \u0101r\u012bgai lieto\u0161anai. Ja iek\u013c\u016bst ac\u012bs, [&#8230;]\n","protected":false},"featured_media":12245,"template":"","meta":[],"product_cat":[1248],"product_tag":[],"class_list":{"0":"post-40525","1":"product","2":"type-product","3":"status-publish","4":"has-post-thumbnail","6":"product_brand-naturpro_ua","7":"product_cat-sampuni","9":"first","10":"outofstock","11":"taxable","12":"shipping-taxable","13":"product-type-simple"},"_links":{"self":[{"href":"https:\/\/e.kosmolat.eu\/lv\/wp-json\/wp\/v2\/product\/40525","targetHints":{"allow":["GET"]}}],"collection":[{"href":"https:\/\/e.kosmolat.eu\/lv\/wp-json\/wp\/v2\/product"}],"about":[{"href":"https:\/\/e.kosmolat.eu\/lv\/wp-json\/wp\/v2\/types\/product"}],"wp:featuredmedia":[{"embeddable":true,"href":"https:\/\/e.kosmolat.eu\/lv\/wp-json\/wp\/v2\/media\/12245"}],"wp:attachment":[{"href":"https:\/\/e.kosmolat.eu\/lv\/wp-json\/wp\/v2\/media?parent=40525"}],"wp:term":[{"taxonomy":"product_cat","embeddable":true,"href":"https:\/\/e.kosmolat.eu\/lv\/wp-json\/wp\/v2\/product_cat?post=40525"},{"taxonomy":"product_tag","embeddable":true,"href":"https:\/\/e.kosmolat.eu\/lv\/wp-json\/wp\/v2\/product_tag?post=40525"}],"curies":[{"name":"wp","href":"https:\/\/api.w.org\/{rel}","templated":true}]}}