{"id":40521,"date":"2023-12-23T01:26:40","date_gmt":"2023-12-23T01:26:40","guid":{"rendered":"https:\/\/e.kosmolat.eu\/product\/bd-sejas-maska-pleve-black-75-ml\/"},"modified":"2026-04-02T13:09:48","modified_gmt":"2026-04-02T13:09:48","slug":"bd-sejas-maska-pleve-black-75-ml","status":"publish","type":"product","link":"https:\/\/e.kosmolat.eu\/lv\/product\/bd-sejas-maska-pleve-black-75-ml\/","title":{"rendered":"BD Sejas maska-pl\u0113ve Black, 75 ml"},"content":{"rendered":"<p>Sejas maska-pl\u0113ve Black att\u012bra \u0101du un sa\u0161aurina poras, k\u0101 ar\u012b veicina \u0101das to\u0146a izl\u012bdzin\u0101\u0161anos.<\/p>\n<p><strong>Akt\u012bv\u0101s sast\u0101vda\u013cas: <\/strong>bambusa ogle, alvejas ekstrakts.<\/p>\n<p><strong>Lieto\u0161ana: <\/strong>pl\u0101n\u0101, vienm\u0113r\u012bg\u0101 k\u0101rt\u0101 uzkl\u0101jiet masku uz att\u012br\u012btas \u0101das, izvairoties no acu un l\u016bpu zonas. P\u0113c piln\u012bgas iz\u017e\u016b\u0161anas (p\u0113c 25-30 min\u016bt\u0113m) no\u0146emiet pl\u0113vi virzien\u0101 no apak\u0161as uz aug\u0161u, maskas paliekas noskalojot ar siltu \u016bdeni.<\/p>\n<p><strong>Piesardz\u012bbas pas\u0101kumi: <\/strong>pirms lieto\u0161anas maska ir j\u0101p\u0101rbauda uz neliela \u0101das laukuma. Ja rodas aler\u0123iska reakcija, p\u0101rtrauciet lieto\u0161anu. Tikai \u0101r\u012bgai lieto\u0161anai. Ja iek\u013c\u016bst ac\u012bs, r\u016bp\u012bgi izskalojiet ar lielu daudzumu teko\u0161a \u016bdens.<\/p>\n<p><strong>Kontrindik\u0101cijas:<\/strong> individu\u0101la nepanes\u012bba pret maskas sast\u0101vda\u013c\u0101m.<\/p>\n<p>Uzglab\u0101t temperat\u016br\u0101 no +5&deg;C l\u012bdz +25&deg;C un relat\u012bvaj\u0101 mitrum\u0101 55-70%, sarg\u0101jot no tie\u0161iem saules stariem, ne tuv\u0101k par vienu metru no siltuma avotiem.<\/p>\n<p><strong>Der\u012bguma termi\u0146\u0161: <\/strong>36 m\u0113ne\u0161i.<br \/>\n&nbsp;<\/p>\n","protected":false},"excerpt":{"rendered":"<p>Sejas maska-pl\u0113ve Black att\u012bra \u0101du un sa\u0161aurina poras, k\u0101 ar\u012b veicina \u0101das to\u0146a izl\u012bdzin\u0101\u0161anos. Akt\u012bv\u0101s sast\u0101vda\u013cas: bambusa ogle, alvejas ekstrakts. Lieto\u0161ana: pl\u0101n\u0101, vienm\u0113r\u012bg\u0101 k\u0101rt\u0101 uzkl\u0101jiet masku uz att\u012br\u012btas \u0101das, izvairoties no acu un l\u016bpu zonas. P\u0113c piln\u012bgas iz\u017e\u016b\u0161anas (p\u0113c 25-30 min\u016bt\u0113m) no\u0146emiet pl\u0113vi virzien\u0101 no apak\u0161as uz aug\u0161u, maskas paliekas noskalojot ar siltu \u016bdeni. Piesardz\u012bbas [&#8230;]\n","protected":false},"featured_media":98900,"template":"","meta":[],"product_cat":[1339],"product_tag":[],"class_list":{"0":"post-40521","1":"product","2":"type-product","3":"status-publish","4":"has-post-thumbnail","6":"product_brand-naturpro_ua","7":"product_cat-attirosas-maskas","9":"first","10":"instock","11":"taxable","12":"shipping-taxable","13":"product-type-simple"},"_links":{"self":[{"href":"https:\/\/e.kosmolat.eu\/lv\/wp-json\/wp\/v2\/product\/40521","targetHints":{"allow":["GET"]}}],"collection":[{"href":"https:\/\/e.kosmolat.eu\/lv\/wp-json\/wp\/v2\/product"}],"about":[{"href":"https:\/\/e.kosmolat.eu\/lv\/wp-json\/wp\/v2\/types\/product"}],"wp:featuredmedia":[{"embeddable":true,"href":"https:\/\/e.kosmolat.eu\/lv\/wp-json\/wp\/v2\/media\/98900"}],"wp:attachment":[{"href":"https:\/\/e.kosmolat.eu\/lv\/wp-json\/wp\/v2\/media?parent=40521"}],"wp:term":[{"taxonomy":"product_cat","embeddable":true,"href":"https:\/\/e.kosmolat.eu\/lv\/wp-json\/wp\/v2\/product_cat?post=40521"},{"taxonomy":"product_tag","embeddable":true,"href":"https:\/\/e.kosmolat.eu\/lv\/wp-json\/wp\/v2\/product_tag?post=40521"}],"curies":[{"name":"wp","href":"https:\/\/api.w.org\/{rel}","templated":true}]}}