{"id":40505,"date":"2023-12-23T01:24:47","date_gmt":"2023-12-23T01:24:47","guid":{"rendered":"https:\/\/e.kosmolat.eu\/product\/bd-sejas-maska-pleve-black-10-ml\/"},"modified":"2025-07-08T13:03:19","modified_gmt":"2025-07-08T13:03:19","slug":"i_bd-sejas-maska-pleve-black-10-ml","status":"publish","type":"product","link":"https:\/\/e.kosmolat.eu\/lv\/product\/i_bd-sejas-maska-pleve-black-10-ml\/","title":{"rendered":"I_BD Sejas maska-pl\u0113ve Black, 10 ml"},"content":{"rendered":"<p>Efekt\u012bva sejas \u0101du att\u012bro\u0161\u0101 maska ar aktiv\u0113to ogli. Ieteicama norm\u0101lai, kombin\u0113tai un taukainai \u0101dai. Maska ir gatava lieto\u0161anai.<\/p>\n<p><strong>Piesardz\u012bbas pas\u0101kumi: <\/strong>pirms lieto\u0161anas maska ir j\u0101p\u0101rbauda uz neliela \u0101das laukuma. Ja rodas aler\u0123iska reakcija, p\u0101rtrauciet lieto\u0161anu. Tikai \u0101r\u012bgai lieto\u0161anai. Masku ieteicams lietot uzreiz p\u0113c iepakojuma atv\u0113r\u0161anas. P\u0113c lieto\u0161anas iesp\u0113jams neliels \u0101das aps\u0101rtums, kas paz\u016bd \u012bs\u0101 laika period\u0101.<\/p>\n<p><strong>Kontrindik\u0101cijas: <\/strong>individu\u0101la nepanes\u012bba pret maskas sast\u0101vda\u013c\u0101m.<\/p>\n<p>Uzglab\u0101t temperat\u016br\u0101 no +5&deg;C l\u012bdz +25&deg;C un relat\u012bvaj\u0101 mitrum\u0101 55-70%, sarg\u0101jot no tie\u0161iem saules stariem, ne tuv\u0101k par vienu metru no siltuma avotiem.<\/p>\n<p><strong>Der\u012bguma termi\u0146\u0161:<\/strong> 36 m\u0113ne\u0161i.<br \/>\n&nbsp;<\/p>\n","protected":false},"excerpt":{"rendered":"<p>Efekt\u012bva sejas \u0101du att\u012bro\u0161\u0101 maska ar aktiv\u0113to ogli. Ieteicama norm\u0101lai, kombin\u0113tai un taukainai \u0101dai. Maska ir gatava lieto\u0161anai. Piesardz\u012bbas pas\u0101kumi: pirms lieto\u0161anas maska ir j\u0101p\u0101rbauda uz neliela \u0101das laukuma. Ja rodas aler\u0123iska reakcija, p\u0101rtrauciet lieto\u0161anu. Tikai \u0101r\u012bgai lieto\u0161anai. Masku ieteicams lietot uzreiz p\u0113c iepakojuma atv\u0113r\u0161anas. P\u0113c lieto\u0161anas iesp\u0113jams neliels \u0101das aps\u0101rtums, kas paz\u016bd \u012bs\u0101 laika [&#8230;]\n","protected":false},"featured_media":12205,"template":"","meta":[],"product_cat":[1339],"product_tag":[],"class_list":{"0":"post-40505","1":"product","2":"type-product","3":"status-publish","4":"has-post-thumbnail","6":"product_brand-naturpro_ua","7":"product_cat-attirosas-maskas","9":"first","10":"outofstock","11":"taxable","12":"shipping-taxable","13":"product-type-simple"},"_links":{"self":[{"href":"https:\/\/e.kosmolat.eu\/lv\/wp-json\/wp\/v2\/product\/40505","targetHints":{"allow":["GET"]}}],"collection":[{"href":"https:\/\/e.kosmolat.eu\/lv\/wp-json\/wp\/v2\/product"}],"about":[{"href":"https:\/\/e.kosmolat.eu\/lv\/wp-json\/wp\/v2\/types\/product"}],"wp:featuredmedia":[{"embeddable":true,"href":"https:\/\/e.kosmolat.eu\/lv\/wp-json\/wp\/v2\/media\/12205"}],"wp:attachment":[{"href":"https:\/\/e.kosmolat.eu\/lv\/wp-json\/wp\/v2\/media?parent=40505"}],"wp:term":[{"taxonomy":"product_cat","embeddable":true,"href":"https:\/\/e.kosmolat.eu\/lv\/wp-json\/wp\/v2\/product_cat?post=40505"},{"taxonomy":"product_tag","embeddable":true,"href":"https:\/\/e.kosmolat.eu\/lv\/wp-json\/wp\/v2\/product_tag?post=40505"}],"curies":[{"name":"wp","href":"https:\/\/api.w.org\/{rel}","templated":true}]}}