{"id":40489,"date":"2023-12-23T01:22:49","date_gmt":"2023-12-23T01:22:49","guid":{"rendered":"https:\/\/e.kosmolat.eu\/product\/fitodoctor-masazas-krems-100-g\/"},"modified":"2026-04-22T07:19:00","modified_gmt":"2026-04-22T07:19:00","slug":"fitodoctor-masazas-krems-100-g","status":"publish","type":"product","link":"https:\/\/e.kosmolat.eu\/lv\/product\/fitodoctor-masazas-krems-100-g\/","title":{"rendered":"Fitodoctor Mas\u0101\u017eas kr\u0113ms, 100 g"},"content":{"rendered":"<p>N\u0101tres, api\u0146u rogu un kampara ekstraktu komplekss toniz\u0113 \u0101du, uzlabo vielmai\u0146as procesus, stimul\u0113 asinsriti un \u0101das elpo\u0161anu. Kr\u0113mam ir laba sl\u012bdo\u0161a, sildo\u0161a un relaks\u0113jo\u0161a iedarb\u012bba.<\/p>\n<p><strong>Lieto\u0161ana:<\/strong> uzkl\u0101t uz t\u012bras \u0101das pirms mas\u0101\u017eas.<\/p>\n<p><strong>Piesardz\u012bbas pas\u0101kumi: <\/strong>tikai \u0101r\u012bgai lieto\u0161anai.<\/p>\n<p>Uzglab\u0101t temperat\u016br\u0101 no 0 &ordm;C l\u012bdz +25 &ordm;C.<br \/>\n&nbsp;<\/p>\n","protected":false},"excerpt":{"rendered":"<p>N\u0101tres, api\u0146u rogu un kampara ekstraktu komplekss toniz\u0113 \u0101du, uzlabo vielmai\u0146as procesus, stimul\u0113 asinsriti un \u0101das elpo\u0161anu. Kr\u0113mam ir laba sl\u012bdo\u0161a, sildo\u0161a un relaks\u0113jo\u0161a iedarb\u012bba. Lieto\u0161ana: uzkl\u0101t uz t\u012bras \u0101das pirms mas\u0101\u017eas. Piesardz\u012bbas pas\u0101kumi: tikai \u0101r\u012bgai lieto\u0161anai. Uzglab\u0101t temperat\u016br\u0101 no 0 &ordm;C l\u012bdz +25 &ordm;C. &nbsp;<\/p>\n","protected":false},"featured_media":101314,"template":"","meta":[],"product_cat":[1999],"product_tag":[],"class_list":{"0":"post-40489","1":"product","2":"type-product","3":"status-publish","4":"has-post-thumbnail","6":"product_brand-fitodoktor_ua","7":"product_cat-bez-kategorijas","9":"first","10":"instock","11":"taxable","12":"shipping-taxable","13":"product-type-simple"},"_links":{"self":[{"href":"https:\/\/e.kosmolat.eu\/lv\/wp-json\/wp\/v2\/product\/40489","targetHints":{"allow":["GET"]}}],"collection":[{"href":"https:\/\/e.kosmolat.eu\/lv\/wp-json\/wp\/v2\/product"}],"about":[{"href":"https:\/\/e.kosmolat.eu\/lv\/wp-json\/wp\/v2\/types\/product"}],"wp:featuredmedia":[{"embeddable":true,"href":"https:\/\/e.kosmolat.eu\/lv\/wp-json\/wp\/v2\/media\/101314"}],"wp:attachment":[{"href":"https:\/\/e.kosmolat.eu\/lv\/wp-json\/wp\/v2\/media?parent=40489"}],"wp:term":[{"taxonomy":"product_cat","embeddable":true,"href":"https:\/\/e.kosmolat.eu\/lv\/wp-json\/wp\/v2\/product_cat?post=40489"},{"taxonomy":"product_tag","embeddable":true,"href":"https:\/\/e.kosmolat.eu\/lv\/wp-json\/wp\/v2\/product_tag?post=40489"}],"curies":[{"name":"wp","href":"https:\/\/api.w.org\/{rel}","templated":true}]}}