{"id":40481,"date":"2023-12-23T01:21:53","date_gmt":"2023-12-23T01:21:53","guid":{"rendered":"https:\/\/e.kosmolat.eu\/product\/7d-mbw-davanu-kompl-mattifying-paradise-attir-putas-mussserums-b3zn\/"},"modified":"2025-12-03T10:55:30","modified_gmt":"2025-12-03T10:55:30","slug":"i_7d-mbw-davanu-kompl-mattifying-paradise-attir-putas-mussserums-b3zn","status":"publish","type":"product","link":"https:\/\/e.kosmolat.eu\/lv\/product\/i_7d-mbw-davanu-kompl-mattifying-paradise-attir-putas-mussserums-b3zn\/","title":{"rendered":"I_7D MBW D\u0101vanu kompl. Mattifying Paradise (att\u012br.putas-muss+serums B3+Zn)"},"content":{"rendered":"<p><strong>1. 7DAYS MY BEAUTY WEEK Att\u012bro\u0161\u0101s putas-muss sejas mazg\u0101\u0161anai Sea Foam, 50 ml<\/strong><br \/>\nPutas-muss sejas mazg\u0101\u0161anai saudz\u012bgi un efekt\u012bvi att\u012bra \u0101du no net\u012brumiem un makij\u0101\u017eas paliek\u0101m. Pantenols atjauno, nomierina un mitrina \u0101du. Alveja mitrina un paaugstina \u0101das atjauno\u0161an\u0101s sp\u0113ju. T\u0113jas koka ekstrakts c\u012bn\u0101s ar melniem punktiem, taukainu sp\u012bdumu un cit\u0101m \u0101das nepiln\u012bb\u0101m.<\/p>\n<p><strong>Lieto\u0161ana: <\/strong>ar mas\u0101\u017eas kust\u012bb\u0101m uzkl\u0101jiet l\u012bdzekli uz mitras sejas \u0101das, noskalojiet ar \u016bdeni. Ieteicams lietot divas reizes dien\u0101: no r\u012bta un vakar\u0101.<\/p>\n<p><strong>Piesardz\u012bbas pas\u0101kumi: <\/strong>tikai \u0101r\u012bgai lieto\u0161anai. Izvair\u012bties no saskares ar ac\u012bm. Ja iek\u013c\u016bst ac\u012bs, nekav\u0113joties izskalot ar lielu daudzumu \u016bdens un, nepiecie\u0161am\u012bbas gad\u012bjum\u0101, v\u0113rsties p\u0113c medic\u012bniskas pal\u012bdz\u012bbas. Neuzkl\u0101t uz boj\u0101tas \u0101das. Nelietot, ja ir paaugstin\u0101ta jut\u012bba pret k\u0101du no produkta sast\u0101vda\u013c\u0101m. P\u0101rtraukt lieto\u0161anu, ja rodas kairin\u0101jums. Sarg\u0101t no b\u0113rniem. Uzglab\u0101t temperat\u016br\u0101 no +5&deg;C l\u012bdz +25&deg;C.<\/p>\n<p>&nbsp;<\/p>\n<p><strong>2. 7DAYS MY BEAUTY WEEK Seboregul\u0113jo\u0161s sejas serums B3+Zn, 20 ml<\/strong><\/p>\n<p>Serums taukainai un problem\u0101tiskai \u0101dai. Pateicoties cinkam un B3 vitam\u012bnam, serums att\u012bra, c\u012bn\u0101s ar meln\u0101m pinn\u0113m un mat\u0113 \u0101du. Cinks sausina \u0101du, savelk poras un aktiviz\u0113 sebuma kontroli. B3 vitam\u012bns pal\u012bdz mitrin\u0101t, stiprin\u0101t lip\u012bdu sl\u0101ni un uztur\u0113t \u0101du lab\u0101 st\u0101vokl\u012b, efekt\u012bvi likvid\u0113jot uzkr\u0101to sebumu.<\/p>\n<p><strong>Lieto\u0161ana: <\/strong>sakratiet pudel\u012bti, uzkl\u0101jiet nelielu l\u012bdzek\u013ca daudzumu uz att\u012br\u012btas sejas \u0101das un uzgaidiet, l\u012bdz tas piln\u012bb\u0101 uzs\u016bcas.<\/p>\n<p><strong>Piesardz\u012bbas pas\u0101kumi:<\/strong> tikai \u0101r\u012bgai lieto\u0161anai. Izvair\u012bties no saskares ar ac\u012bm. Ja iek\u013c\u016bst ac\u012bs, nekav\u0113joties izskalot ar lielu daudzumu \u016bdens un, nepiecie\u0161am\u012bbas gad\u012bjum\u0101, v\u0113rsties p\u0113c medic\u012bniskas pal\u012bdz\u012bbas. Neuzkl\u0101t uz boj\u0101tas \u0101das. Nelietot, ja ir paaugstin\u0101ta jut\u012bba pret k\u0101du no produkta sast\u0101vda\u013c\u0101m. P\u0101rtraukt lieto\u0161anu, ja rodas kairin\u0101jums. Sarg\u0101t no b\u0113rniem. Uzglab\u0101t temperat\u016br\u0101 no +5&deg;C l\u012bdz +25&deg;C.<br \/>\n&nbsp;<\/p>\n","protected":false},"excerpt":{"rendered":"<p>1. 7DAYS MY BEAUTY WEEK Att\u012bro\u0161\u0101s putas-muss sejas mazg\u0101\u0161anai Sea Foam, 50 ml Putas-muss sejas mazg\u0101\u0161anai saudz\u012bgi un efekt\u012bvi att\u012bra \u0101du no net\u012brumiem un makij\u0101\u017eas paliek\u0101m. Pantenols atjauno, nomierina un mitrina \u0101du. Alveja mitrina un paaugstina \u0101das atjauno\u0161an\u0101s sp\u0113ju. T\u0113jas koka ekstrakts c\u012bn\u0101s ar melniem punktiem, taukainu sp\u012bdumu un cit\u0101m \u0101das nepiln\u012bb\u0101m. Lieto\u0161ana: ar mas\u0101\u017eas [&#8230;]\n","protected":false},"featured_media":101306,"template":"","meta":[],"product_cat":[1853],"product_tag":[],"class_list":{"0":"post-40481","1":"product","2":"type-product","3":"status-publish","4":"has-post-thumbnail","6":"product_brand-7days_it","7":"product_cat-davanu-komplekti-sievietem","9":"first","10":"instock","11":"taxable","12":"shipping-taxable","13":"product-type-simple"},"_links":{"self":[{"href":"https:\/\/e.kosmolat.eu\/lv\/wp-json\/wp\/v2\/product\/40481","targetHints":{"allow":["GET"]}}],"collection":[{"href":"https:\/\/e.kosmolat.eu\/lv\/wp-json\/wp\/v2\/product"}],"about":[{"href":"https:\/\/e.kosmolat.eu\/lv\/wp-json\/wp\/v2\/types\/product"}],"wp:featuredmedia":[{"embeddable":true,"href":"https:\/\/e.kosmolat.eu\/lv\/wp-json\/wp\/v2\/media\/101306"}],"wp:attachment":[{"href":"https:\/\/e.kosmolat.eu\/lv\/wp-json\/wp\/v2\/media?parent=40481"}],"wp:term":[{"taxonomy":"product_cat","embeddable":true,"href":"https:\/\/e.kosmolat.eu\/lv\/wp-json\/wp\/v2\/product_cat?post=40481"},{"taxonomy":"product_tag","embeddable":true,"href":"https:\/\/e.kosmolat.eu\/lv\/wp-json\/wp\/v2\/product_tag?post=40481"}],"curies":[{"name":"wp","href":"https:\/\/api.w.org\/{rel}","templated":true}]}}