{"id":40453,"date":"2023-12-23T01:18:58","date_gmt":"2023-12-23T01:18:58","guid":{"rendered":"https:\/\/e.kosmolat.eu\/product\/cm-sf-dusas-zeleja-mellene-un-kadikis-100-ml\/"},"modified":"2025-08-26T07:42:47","modified_gmt":"2025-08-26T07:42:47","slug":"i_cm-sf-dusas-zeleja-mellene-un-kadikis-100-ml","status":"publish","type":"product","link":"https:\/\/e.kosmolat.eu\/lv\/product\/i_cm-sf-dusas-zeleja-mellene-un-kadikis-100-ml\/","title":{"rendered":"I_CM SF Du\u0161as \u017eeleja Mellene un kadi\u0137is, 100 ml"},"content":{"rendered":"<p>Satur mellenes un kadi\u0137a ekstraktus, augu izcelsmes beta\u012bnu. 97.5% dab\u012bgas izcelsmes sast\u0101vda\u013cu.<\/p>\n<ul>\n<li>Saudz\u012bga \u0101das att\u012br\u012b\u0161ana.<\/li>\n<li>Maigums un mitrin\u0101\u0161ana.<\/li>\n<li>\u0100das dab\u012bg\u0101 \u016bdens l\u012bdzsvara atjauno\u0161ana.<\/li>\n<\/ul>\n<p><strong>Lieto\u0161ana:<\/strong> uzkl\u0101t uz mitras \u0101das, saputot, noskalot ar siltu \u016bdeni. Tikai \u0101r\u012bgai lieto\u0161anai.<\/p>\n<p>Uzglab\u0101t saus\u0101 viet\u0101, temperat\u016br\u0101 no 0 &ordm;C l\u012bdz +25 &ordm;C.<\/p>\n","protected":false},"excerpt":{"rendered":"<p>Satur mellenes un kadi\u0137a ekstraktus, augu izcelsmes beta\u012bnu. 97.5% dab\u012bgas izcelsmes sast\u0101vda\u013cu. Saudz\u012bga \u0101das att\u012br\u012b\u0161ana. Maigums un mitrin\u0101\u0161ana. \u0100das dab\u012bg\u0101 \u016bdens l\u012bdzsvara atjauno\u0161ana. Lieto\u0161ana: uzkl\u0101t uz mitras \u0101das, saputot, noskalot ar siltu \u016bdeni. Tikai \u0101r\u012bgai lieto\u0161anai. Uzglab\u0101t saus\u0101 viet\u0101, temperat\u016br\u0101 no 0 &ordm;C l\u012bdz +25 &ordm;C.<\/p>\n","protected":false},"featured_media":12077,"template":"","meta":[],"product_cat":[1280],"product_tag":[],"class_list":{"0":"post-40453","1":"product","2":"type-product","3":"status-publish","4":"has-post-thumbnail","6":"product_brand-ecolab_cs","7":"product_cat-dusas-zelejas-un-dusas-ellas","9":"first","10":"outofstock","11":"taxable","12":"shipping-taxable","13":"product-type-simple"},"_links":{"self":[{"href":"https:\/\/e.kosmolat.eu\/lv\/wp-json\/wp\/v2\/product\/40453","targetHints":{"allow":["GET"]}}],"collection":[{"href":"https:\/\/e.kosmolat.eu\/lv\/wp-json\/wp\/v2\/product"}],"about":[{"href":"https:\/\/e.kosmolat.eu\/lv\/wp-json\/wp\/v2\/types\/product"}],"wp:featuredmedia":[{"embeddable":true,"href":"https:\/\/e.kosmolat.eu\/lv\/wp-json\/wp\/v2\/media\/12077"}],"wp:attachment":[{"href":"https:\/\/e.kosmolat.eu\/lv\/wp-json\/wp\/v2\/media?parent=40453"}],"wp:term":[{"taxonomy":"product_cat","embeddable":true,"href":"https:\/\/e.kosmolat.eu\/lv\/wp-json\/wp\/v2\/product_cat?post=40453"},{"taxonomy":"product_tag","embeddable":true,"href":"https:\/\/e.kosmolat.eu\/lv\/wp-json\/wp\/v2\/product_tag?post=40453"}],"curies":[{"name":"wp","href":"https:\/\/api.w.org\/{rel}","templated":true}]}}