{"id":40449,"date":"2023-12-23T01:18:39","date_gmt":"2023-12-23T01:18:39","guid":{"rendered":"https:\/\/e.kosmolat.eu\/product\/7d-mbw-davanu-kompl-fall-in-love-with-your-skin-maska-pilings-skvalana-serums\/"},"modified":"2025-11-28T11:02:42","modified_gmt":"2025-11-28T11:02:42","slug":"i_7d-mbw-davanu-kompl-fall-in-love-with-your-skin-maska-pilings-skvalana-serums","status":"publish","type":"product","link":"https:\/\/e.kosmolat.eu\/lv\/product\/i_7d-mbw-davanu-kompl-fall-in-love-with-your-skin-maska-pilings-skvalana-serums\/","title":{"rendered":"I_7D MBW D\u0101vanu kompl. Fall in Love with Your Skin (maska-p\u012blings+ skval\u0101na serums)"},"content":{"rendered":"<p><strong>1. 7DAYS MY BEAUTY WEEK Sejas maska-p\u012blings ar m\u0101lu 2in1 Detox Skin, 50 ml<\/strong><br \/>\nSejas maska-skrubis 2in1 dzi\u013cai att\u012br\u012b\u0161anai un \u0101das kop\u0161anai. Cinks un baltais m\u0101ls maskas sast\u0101v\u0101 efekt\u012bvi c\u012bn\u0101s ar pinn\u0113m un \u0101das nepin\u012bb\u0101m, mat\u0113jot to. Baltais m\u0101ls saudz\u012bgi izvelk net\u012brumus, savelk pora, izl\u012bdzina \u0101das toni un tekst\u016bru. Cinks &nbsp;padara \u0101du saus\u0101ku un regul\u0113 sebuma izstr\u0101di. J\u016bras a\u013c\u0123es mitrina \u0101du, pal\u012bdz atjaunot t\u0101s l\u012bdzsvaru un nodro\u0161ina liftinga efektu. Adzuki pupi\u0146as maigi noloba atmiru\u0161\u0101s \u0161\u016bnas un iz\u0161\u0137\u012bst saskar\u0113 ar \u0101du, netraum\u0113jot to.<\/p>\n<p><strong>Lieto\u0161ana:&nbsp;<\/strong>Nr.1. Maska: uzkl\u0101jiet l\u012bdzekli uz att\u012br\u012btas \u0101das l\u012bdz tas piln\u012bb\u0101 iz\u017e\u016bst, noskalojiet ar \u016bdeni.&nbsp;Nr.2. Skrubis: uzkl\u0101jiet produktu, mas\u0113jot \u0101du 1-2 min\u016btes, noskalojiet ar \u016bdeni.<\/p>\n<p><strong>Piesardz\u012bbas pas\u0101kumi: <\/strong>tikai \u0101r\u012bgai lieto\u0161anai. Izvair\u012bties no saskares ar ac\u012bm. Ja nok\u013c\u016bst ac\u012bs, nekav\u0113joties izskalot ar lielu daudzumu \u016bdens un, nepiecie\u0161am\u012bbas gad\u012bjum\u0101, v\u0113rsties p\u0113c medic\u012bniskas pal\u012bdz\u012bbas. Neuzkl\u0101t uz boj\u0101tas \u0101das. Nelietot, ja ir paaugstin\u0101ta jut\u012bba pret k\u0101du no produkta sast\u0101vda\u013c\u0101m. P\u0101rtraukt lieto\u0161anu, ja rodas kairin\u0101jums. Sarg\u0101t no b\u0113rniem. Uzglab\u0101t temperat\u016br\u0101 no +5 &deg;C l\u012bdz +25 &deg;C.<\/p>\n<p>&nbsp;<\/p>\n<p><strong>2. 7DAYS MY BEAUTY WEEK Atjaunojo\u0161s sejas serums Milky Boost Squalane 1.5%, 20 ml<\/strong><\/p>\n<p>Serums t\u016bl\u012bt\u0113jai \u0101das atjauno\u0161anai un p\u0101rveido\u0161anai. Skval\u0101ns iek\u013caujas \u0101das lip\u012bdu sl\u0101n\u012b, nostiprinot, mitrinot un m\u012bkstinot to. J\u016bras a\u013c\u0123\u0113m ir sp\u0113c\u012bgs atjaunojo\u0161s efekts, t\u0101s piesaista un notur mitrumu.<\/p>\n<p><strong>Lieto\u0161ana: <\/strong>uzkl\u0101jiet nelielu l\u012bdzek\u013ca daudzumu uz att\u012br\u012btas sejas \u0101das un uzgaidiet, l\u012bdz tas piln\u012bb\u0101 uzs\u016bcas.<\/p>\n<p><strong>Piesardz\u012bbas pas\u0101kumi:<\/strong> tikai \u0101r\u012bgai lieto\u0161anai. Izvair\u012bties no saskares ar ac\u012bm. Ja nok\u013c\u016bst ac\u012bs, nekav\u0113joties izskalot ar lielu daudzumu \u016bdens un, nepiecie\u0161am\u012bbas gad\u012bjum\u0101, v\u0113rsties p\u0113c medic\u012bniskas pal\u012bdz\u012bbas. Neuzkl\u0101t uz boj\u0101tas \u0101das. Nelietot, ja ir paaugstin\u0101ta jut\u012bba pret k\u0101du no produkta sast\u0101vda\u013c\u0101m. P\u0101rtraukt lieto\u0161anu, ja rodas kairin\u0101jums. Sarg\u0101t no b\u0113rniem. Uzglab\u0101t temperat\u016br\u0101 no +5 &deg;C l\u012bdz +25 &deg;C.<br \/>\n&nbsp;<\/p>\n","protected":false},"excerpt":{"rendered":"<p>1. 7DAYS MY BEAUTY WEEK Sejas maska-p\u012blings ar m\u0101lu 2in1 Detox Skin, 50 ml Sejas maska-skrubis 2in1 dzi\u013cai att\u012br\u012b\u0161anai un \u0101das kop\u0161anai. Cinks un baltais m\u0101ls maskas sast\u0101v\u0101 efekt\u012bvi c\u012bn\u0101s ar pinn\u0113m un \u0101das nepin\u012bb\u0101m, mat\u0113jot to. Baltais m\u0101ls saudz\u012bgi izvelk net\u012brumus, savelk pora, izl\u012bdzina \u0101das toni un tekst\u016bru. Cinks &nbsp;padara \u0101du saus\u0101ku un regul\u0113 [&#8230;]\n","protected":false},"featured_media":101310,"template":"","meta":[],"product_cat":[1999],"product_tag":[],"class_list":{"0":"post-40449","1":"product","2":"type-product","3":"status-publish","4":"has-post-thumbnail","6":"product_brand-7days_it","7":"product_cat-bez-kategorijas","9":"first","10":"outofstock","11":"taxable","12":"shipping-taxable","13":"product-type-simple"},"_links":{"self":[{"href":"https:\/\/e.kosmolat.eu\/lv\/wp-json\/wp\/v2\/product\/40449","targetHints":{"allow":["GET"]}}],"collection":[{"href":"https:\/\/e.kosmolat.eu\/lv\/wp-json\/wp\/v2\/product"}],"about":[{"href":"https:\/\/e.kosmolat.eu\/lv\/wp-json\/wp\/v2\/types\/product"}],"wp:featuredmedia":[{"embeddable":true,"href":"https:\/\/e.kosmolat.eu\/lv\/wp-json\/wp\/v2\/media\/101310"}],"wp:attachment":[{"href":"https:\/\/e.kosmolat.eu\/lv\/wp-json\/wp\/v2\/media?parent=40449"}],"wp:term":[{"taxonomy":"product_cat","embeddable":true,"href":"https:\/\/e.kosmolat.eu\/lv\/wp-json\/wp\/v2\/product_cat?post=40449"},{"taxonomy":"product_tag","embeddable":true,"href":"https:\/\/e.kosmolat.eu\/lv\/wp-json\/wp\/v2\/product_tag?post=40449"}],"curies":[{"name":"wp","href":"https:\/\/api.w.org\/{rel}","templated":true}]}}