{"id":40445,"date":"2023-12-23T01:18:17","date_gmt":"2023-12-23T01:18:17","guid":{"rendered":"https:\/\/e.kosmolat.eu\/product\/i_7d-animal-sej-masku-davanu-kompl-funny-beauty-set-4-gab\/"},"modified":"2026-04-09T15:52:31","modified_gmt":"2026-04-09T15:52:31","slug":"i_7d-animal-sej-masku-davanu-kompl-funny-beauty-set-4-gab","status":"publish","type":"product","link":"https:\/\/e.kosmolat.eu\/lv\/product\/i_7d-animal-sej-masku-davanu-kompl-funny-beauty-set-4-gab\/","title":{"rendered":"I_7D ANIMAL Sej.masku d\u0101vanu kompl. Funny Beauty Set, 4 gab"},"content":{"rendered":"<p><strong>1. Sejas maska Pretty Kitty ar ave\u0146u sulu un lavandas ekstraktu, 28 g<\/strong><br \/>\n&Scaron;ai maskai, glu\u017ei k\u0101 ka\u0137\u0113nam, piem\u012bt:<br \/>\nMaigums: ave\u0146u sula d\u0101v\u0101 \u0101dai maigumu un gludumu, samtainu mirdzumu, padarot \u0101du pat\u012bkamu taustei. R\u0101mums: lavandai piem\u012bt izteikta nomierino\u0161a iedarb\u012bba un lieliskas atjaunojo\u0161as sp\u0113jas. Ener\u0123ija: vitam\u012bnu kokteilis dzi\u013ci atjauno, pie\u0161\u0137ir \u0101dai vesel\u012bgu izskatu. Rota\u013c\u012bgums: uzkl\u0101jot \u0161o masku, rad\u012bsies v\u0113lme murr\u0101t no patikas.<\/p>\n<p><strong>2. Sejas maska ar taigas ogu un verbenas ekstraktiem Wild Tiger, 28 g<\/strong><br \/>\nK\u0101 savva\u013cas t\u012b\u0123erim, \u0161ai maskai piem\u012bt: Sp\u0113ks: Taigas ogu ekstraktam piem\u012bt sp\u0113c\u012bgas \u012bpa\u0161\u012bbas, kas toniz\u0113 \u0101du un d\u0101v\u0101 ener\u0123iju. Iztur\u012bba: verbenas ekstrakts efekt\u012bvi mazina noguruma paz\u012bmes un pal\u012bdz \u0101dai ilg\u0101k izskat\u012bties svaigai un vesel\u012bgai. \u0100trums: pateicoties unik\u0101lajai formulai, maska iedarbojas \u0101tri un efekt\u012bvi. Man\u0101mi rezult\u0101ti 20 min\u016b\u0161u laik\u0101. Domin\u0113\u0161ana: izm\u0113\u0123inot \u0161o masku vienreiz, j\u016bs to iem\u012bl\u0113siet.<\/p>\n<p><strong>3. Sejas maska Sweet Panda ar bambusa ekstraktu un sojas pupi\u0146u e\u013c\u013cu, 28 g<\/strong><br \/>\n&Scaron;\u012b maska sniedz to, ko m\u012bl panda:<br \/>\nT\u012br\u012bba: bambusa ekstrakts stimul\u0113 epidermas att\u012br\u012b&scaron;anas un detoksik\u0101cijas procesu, uzlabo \u0101das tonusu un elast\u012bbu. Kop&scaron;ana: A, B, C un E vitam\u012bnu kompleksam ir dzi\u013ca atjaunojo&scaron;a iedarb\u012bba, r\u016bp\u012bgi kopjot j\u016bsu \u0101du. Maigums: sojas e\u013c\u013ca pie&scaron;\u0137ir maigumu un gludumu, d\u0101v\u0101 \u0101dai vieglumu un gais\u012bgumu un pal\u012bdz &ldquo;sp\u012bd\u0113t no iek&scaron;puses&rdquo;. Pozitivit\u0101te: maskas dizains uzlabos garast\u0101vokli gan jums, gan apk\u0101rt\u0113jiem.&nbsp;<strong>Br\u012bdin\u0101jums<\/strong><strong>:<\/strong> satur A vitam\u012bnu. L\u016bgums pirms lieto&scaron;anas p\u0101rdom\u0101t savu dienas devu.<\/p>\n<p><strong>4. Sejas maska Happy Sea Calf ar j\u016bras a\u013c\u0123u un islandes \u0137\u0113rpja ekstraktiem, 28 g<\/strong><br \/>\nMaska d\u0101v\u0101 to, ko m\u012bl visi ro\u0146i:&nbsp;<br \/>\nSvaigums: j\u016bras a\u013c\u0123u ekstrakts atsvaidzina, d\u0101v\u0101 \u0101dai v\u0113rt\u012bg\u0101s bar\u012bbas vielas, uzlabo \u0101das elast\u012bbu un tonusu. Ener\u0123ija: Islandes \u0137\u0113rpja ekstrakts nov\u0113r\u0161 noguruma paz\u012bmes, nodro\u0161inot \u0101dai svaigu un vesel\u012bgu izskatu p\u0113c iesp\u0113jas ilg\u0101k. Mitrin\u0101\u0161ana: \u0161\u012b sviesta un kvie\u0161u d\u012bg\u013cu kompleksa viegl\u0101 atsvaidzino\u0161\u0101 formula lieliski mitrina un baro \u0101du. Vienreiz\u012bgums: uzkl\u0101j masku un paskaties spogul\u012b. Neparasti, vai ne?<\/p>\n<p><strong>Lieto\u0161ana: <\/strong>Att\u012briet sejas \u0101du. Uzkl\u0101jiet masku uz 10-15 min\u016bt\u0113m. Lai jautr\u0101ka gaid\u012b\u0161ana, varat uz\u0146emt pa\u0161bildi un ievietot to Instagram. P\u0113c maskas no\u0146em\u0161anas pamas\u0113jiet seju. Maskas paliekas no\u0146emiet ar kosm\u0113tikas salveti, noskalojiet seju ar \u016bdeni.<\/p>\n<p>Lietojiet saska\u0146\u0101 ar instrukciju 2-3 reizes ned\u0113\u013c\u0101.<\/p>\n<p><strong>Piesardz\u012bbas pas\u0101kumi:<\/strong> tikai \u0101r\u012bgai lieto\u0161anai. Neizmantot atk\u0101rtoti. Izvair\u012bties no saskares ar ac\u012bm. Ja nok\u013c\u016bst ac\u012bs, nekav\u0113joties izskalot ar lielu daudzumu \u016bdens un, nepiecie\u0161am\u012bbas gad\u012bjum\u0101, v\u0113rsties p\u0113c medic\u012bniskas pal\u012bdz\u012bbas. Neuzkl\u0101t uz boj\u0101tas \u0101das. Nelietot, ja ir paaugstin\u0101ta jut\u012bba pret k\u0101du no maskas sast\u0101vda\u013c\u0101m. P\u0101rtraukt lieto\u0161anu, ja rodas kairin\u0101jums. Sarg\u0101t no b\u0113rniem. Uzglab\u0101t temperat\u016br\u0101 no +5 &deg;C l\u012bdz +25 &deg;C.<\/p>\n","protected":false},"excerpt":{"rendered":"<p>1. Sejas maska Pretty Kitty ar ave\u0146u sulu un lavandas ekstraktu, 28 g &Scaron;ai maskai, glu\u017ei k\u0101 ka\u0137\u0113nam, piem\u012bt: Maigums: ave\u0146u sula d\u0101v\u0101 \u0101dai maigumu un gludumu, samtainu mirdzumu, padarot \u0101du pat\u012bkamu taustei. R\u0101mums: lavandai piem\u012bt izteikta nomierino\u0161a iedarb\u012bba un lieliskas atjaunojo\u0161as sp\u0113jas. Ener\u0123ija: vitam\u012bnu kokteilis dzi\u013ci atjauno, pie\u0161\u0137ir \u0101dai vesel\u012bgu izskatu. Rota\u013c\u012bgums: uzkl\u0101jot \u0161o [&#8230;]\n","protected":false},"featured_media":105208,"template":"","meta":[],"product_cat":[1855],"product_tag":[],"class_list":{"0":"post-40445","1":"product","2":"type-product","3":"status-publish","4":"has-post-thumbnail","6":"product_brand-7days_it","7":"product_cat-dovanu-rinkiniai-moterim","9":"first","10":"instock","11":"taxable","12":"shipping-taxable","13":"product-type-simple"},"_links":{"self":[{"href":"https:\/\/e.kosmolat.eu\/lv\/wp-json\/wp\/v2\/product\/40445","targetHints":{"allow":["GET"]}}],"collection":[{"href":"https:\/\/e.kosmolat.eu\/lv\/wp-json\/wp\/v2\/product"}],"about":[{"href":"https:\/\/e.kosmolat.eu\/lv\/wp-json\/wp\/v2\/types\/product"}],"wp:featuredmedia":[{"embeddable":true,"href":"https:\/\/e.kosmolat.eu\/lv\/wp-json\/wp\/v2\/media\/105208"}],"wp:attachment":[{"href":"https:\/\/e.kosmolat.eu\/lv\/wp-json\/wp\/v2\/media?parent=40445"}],"wp:term":[{"taxonomy":"product_cat","embeddable":true,"href":"https:\/\/e.kosmolat.eu\/lv\/wp-json\/wp\/v2\/product_cat?post=40445"},{"taxonomy":"product_tag","embeddable":true,"href":"https:\/\/e.kosmolat.eu\/lv\/wp-json\/wp\/v2\/product_tag?post=40445"}],"curies":[{"name":"wp","href":"https:\/\/api.w.org\/{rel}","templated":true}]}}