{"id":40425,"date":"2023-12-23T01:16:20","date_gmt":"2023-12-23T01:16:20","guid":{"rendered":"https:\/\/e.kosmolat.eu\/product\/divo-premio-bianco-mega-pack-tualetes-papirs-32-rulli-3-kart-balts\/"},"modified":"2026-01-16T12:40:02","modified_gmt":"2026-01-16T12:40:02","slug":"divo-premio-bianco-mega-pack-tualetes-papirs-32-rulli-3-kart-balts","status":"publish","type":"product","link":"https:\/\/e.kosmolat.eu\/lv\/product\/divo-premio-bianco-mega-pack-tualetes-papirs-32-rulli-3-kart-balts\/","title":{"rendered":"Divo Premio Bianco Mega Pack Tualetes pap\u012brs, 32 ru\u013c\u013ci, 3 k\u0101rt., balts"},"content":{"rendered":"","protected":false},"excerpt":{"rendered":"","protected":false},"featured_media":101025,"template":"","meta":[],"product_cat":[2181],"product_tag":[],"class_list":{"0":"post-40425","1":"product","2":"type-product","3":"status-publish","4":"has-post-thumbnail","6":"product_brand-paper-kiev_ua","7":"product_cat-bez-kategorijas-lt","9":"first","10":"instock","11":"taxable","12":"shipping-taxable","13":"product-type-simple"},"_links":{"self":[{"href":"https:\/\/e.kosmolat.eu\/lv\/wp-json\/wp\/v2\/product\/40425","targetHints":{"allow":["GET"]}}],"collection":[{"href":"https:\/\/e.kosmolat.eu\/lv\/wp-json\/wp\/v2\/product"}],"about":[{"href":"https:\/\/e.kosmolat.eu\/lv\/wp-json\/wp\/v2\/types\/product"}],"wp:featuredmedia":[{"embeddable":true,"href":"https:\/\/e.kosmolat.eu\/lv\/wp-json\/wp\/v2\/media\/101025"}],"wp:attachment":[{"href":"https:\/\/e.kosmolat.eu\/lv\/wp-json\/wp\/v2\/media?parent=40425"}],"wp:term":[{"taxonomy":"product_cat","embeddable":true,"href":"https:\/\/e.kosmolat.eu\/lv\/wp-json\/wp\/v2\/product_cat?post=40425"},{"taxonomy":"product_tag","embeddable":true,"href":"https:\/\/e.kosmolat.eu\/lv\/wp-json\/wp\/v2\/product_tag?post=40425"}],"curies":[{"name":"wp","href":"https:\/\/api.w.org\/{rel}","templated":true}]}}