{"id":40421,"date":"2023-12-23T01:16:05","date_gmt":"2023-12-23T01:16:05","guid":{"rendered":"https:\/\/e.kosmolat.eu\/product\/rocs-sensitive-zobu-birste-miksta\/"},"modified":"2025-09-12T09:31:00","modified_gmt":"2025-09-12T09:31:00","slug":"rocs-sensitive-zobu-birste-miksta","status":"publish","type":"product","link":"https:\/\/e.kosmolat.eu\/lv\/product\/rocs-sensitive-zobu-birste-miksta\/","title":{"rendered":"Rocs Sensitive Zobu birste, m\u012bksta"},"content":{"rendered":"<p>Zobu birste zobiem un smagan\u0101m ar paaugstin\u0101tu jut\u012bbu.<\/p>\n","protected":false},"excerpt":{"rendered":"<p>Zobu birste zobiem un smagan\u0101m ar paaugstin\u0101tu jut\u012bbu.<\/p>\n","protected":false},"featured_media":0,"template":"","meta":[],"product_cat":[1352],"product_tag":[],"class_list":{"0":"post-40421","1":"product","2":"type-product","3":"status-publish","5":"product_brand-rocs","6":"product_cat-zobu-birstes","8":"first","9":"instock","10":"taxable","11":"shipping-taxable","12":"product-type-simple"},"_links":{"self":[{"href":"https:\/\/e.kosmolat.eu\/lv\/wp-json\/wp\/v2\/product\/40421","targetHints":{"allow":["GET"]}}],"collection":[{"href":"https:\/\/e.kosmolat.eu\/lv\/wp-json\/wp\/v2\/product"}],"about":[{"href":"https:\/\/e.kosmolat.eu\/lv\/wp-json\/wp\/v2\/types\/product"}],"wp:attachment":[{"href":"https:\/\/e.kosmolat.eu\/lv\/wp-json\/wp\/v2\/media?parent=40421"}],"wp:term":[{"taxonomy":"product_cat","embeddable":true,"href":"https:\/\/e.kosmolat.eu\/lv\/wp-json\/wp\/v2\/product_cat?post=40421"},{"taxonomy":"product_tag","embeddable":true,"href":"https:\/\/e.kosmolat.eu\/lv\/wp-json\/wp\/v2\/product_tag?post=40421"}],"curies":[{"name":"wp","href":"https:\/\/api.w.org\/{rel}","templated":true}]}}