{"id":40409,"date":"2023-12-23T01:15:13","date_gmt":"2023-12-23T01:15:13","guid":{"rendered":"https:\/\/e.kosmolat.eu\/product\/rocs-kids-zobu-pasta-berniem-ar-avenu-zemenu-garsu-35-ml\/"},"modified":"2025-03-24T08:13:07","modified_gmt":"2025-03-24T08:13:07","slug":"rocs-kids-zobu-pasta-berniem-ar-avenu-zemenu-garsu-35-ml","status":"publish","type":"product","link":"https:\/\/e.kosmolat.eu\/lv\/product\/rocs-kids-zobu-pasta-berniem-ar-avenu-zemenu-garsu-35-ml\/","title":{"rendered":"Rocs Kids Zobu pasta b\u0113rniem ar ave\u0146u, zeme\u0146u gar\u0161u, 35 ml"},"content":{"rendered":"<p>Zobu pasta b\u0113rniem (4-7 g. v.)<\/p>\n<p>Efekt\u012bva formula zobu kariesa nov\u0113r\u0161anai.*<\/p>\n<p>Satur Amifluor&reg;, kas:<br \/>\n&#8211; uzlabo zobu iztur\u012bbu pret sk\u0101b\u0113m Olaflur sniegt\u0101s ietekmes d\u0113\u013c;<br \/>\n&#8211; aizkav\u0113 kariesu izraiso\u0161o bakt\u0113riju aktivit\u0101ti augst\u0101s ksil\u012btu koncentr\u0101cijas d\u0113\u013c.<\/p>\n<p>T\u0101 veicina intens\u012bvu zobu mineraliz\u0101ciju un, pateicoties zemi abraz\u012bvajai formulai (RDA=50), neboj\u0101 zobu audus.<\/p>\n<p><strong>Der\u012bguma termi\u0146\u0161:<\/strong> 3 gadi.<\/p>\n<p><em>*Kl\u012bniski pier\u0101d\u012bts<\/em><\/p>\n","protected":false},"excerpt":{"rendered":"<p>Zobu pasta b\u0113rniem (4-7 g. v.) Efekt\u012bva formula zobu kariesa nov\u0113r\u0161anai.* Satur Amifluor&reg;, kas: &#8211; uzlabo zobu iztur\u012bbu pret sk\u0101b\u0113m Olaflur sniegt\u0101s ietekmes d\u0113\u013c; &#8211; aizkav\u0113 kariesu izraiso\u0161o bakt\u0113riju aktivit\u0101ti augst\u0101s ksil\u012btu koncentr\u0101cijas d\u0113\u013c. T\u0101 veicina intens\u012bvu zobu mineraliz\u0101ciju un, pateicoties zemi abraz\u012bvajai formulai (RDA=50), neboj\u0101 zobu audus. Der\u012bguma termi\u0146\u0161: 3 gadi. *Kl\u012bniski pier\u0101d\u012bts<\/p>\n","protected":false},"featured_media":11981,"template":"","meta":[],"product_cat":[1337],"product_tag":[],"class_list":{"0":"post-40409","1":"product","2":"type-product","3":"status-publish","4":"has-post-thumbnail","6":"product_brand-rocs","7":"product_cat-burnos-higiena","9":"first","10":"outofstock","11":"taxable","12":"shipping-taxable","13":"product-type-simple"},"_links":{"self":[{"href":"https:\/\/e.kosmolat.eu\/lv\/wp-json\/wp\/v2\/product\/40409","targetHints":{"allow":["GET"]}}],"collection":[{"href":"https:\/\/e.kosmolat.eu\/lv\/wp-json\/wp\/v2\/product"}],"about":[{"href":"https:\/\/e.kosmolat.eu\/lv\/wp-json\/wp\/v2\/types\/product"}],"wp:featuredmedia":[{"embeddable":true,"href":"https:\/\/e.kosmolat.eu\/lv\/wp-json\/wp\/v2\/media\/11981"}],"wp:attachment":[{"href":"https:\/\/e.kosmolat.eu\/lv\/wp-json\/wp\/v2\/media?parent=40409"}],"wp:term":[{"taxonomy":"product_cat","embeddable":true,"href":"https:\/\/e.kosmolat.eu\/lv\/wp-json\/wp\/v2\/product_cat?post=40409"},{"taxonomy":"product_tag","embeddable":true,"href":"https:\/\/e.kosmolat.eu\/lv\/wp-json\/wp\/v2\/product_tag?post=40409"}],"curies":[{"name":"wp","href":"https:\/\/api.w.org\/{rel}","templated":true}]}}