{"id":40405,"date":"2023-12-23T01:14:50","date_gmt":"2023-12-23T01:14:50","guid":{"rendered":"https:\/\/e.kosmolat.eu\/product\/rocs-baby-zobu-pasta-berniem-liepziedu-0-3-g-v-35-ml\/"},"modified":"2024-10-28T10:30:54","modified_gmt":"2024-10-28T10:30:54","slug":"rocs-baby-zobu-pasta-berniem-liepziedu-0-3-g-v-35-ml","status":"publish","type":"product","link":"https:\/\/e.kosmolat.eu\/lv\/product\/rocs-baby-zobu-pasta-berniem-liepziedu-0-3-g-v-35-ml\/","title":{"rendered":"Rocs Baby  Zobu pasta berniem Liepziedu, 0-3 g.v., 35 ml"},"content":{"rendered":"<p>Liepziedu zobu pasta R.O.C.S.&reg; &ndash; maigas r\u016bpes par mazuli.<\/p>\n<p>Rad\u012bta uz \u013coti maigas formulas pamata (RDA=19). Ksil\u012bts (10%) un liepziedu ekstrakts samazina diskomfortu zobu \u0161\u0137el\u0161an\u0101s period\u0101 un nodro\u0161ina aizsardz\u012bbu pret kariesu. Nesatur fluoru, sahar\u012bnu, laurila n\u0101trija sulf\u0101tu, parab\u0113nus, m\u0101ksl\u012bgos aromatiz\u0113t\u0101jus un kr\u0101svielas.<\/p>\n<p><strong>Der\u012bguma termi\u0146\u0161: <\/strong>3 gadi.<\/p>\n","protected":false},"excerpt":{"rendered":"<p>Liepziedu zobu pasta R.O.C.S.&reg; &ndash; maigas r\u016bpes par mazuli. Rad\u012bta uz \u013coti maigas formulas pamata (RDA=19). Ksil\u012bts (10%) un liepziedu ekstrakts samazina diskomfortu zobu \u0161\u0137el\u0161an\u0101s period\u0101 un nodro\u0161ina aizsardz\u012bbu pret kariesu. Nesatur fluoru, sahar\u012bnu, laurila n\u0101trija sulf\u0101tu, parab\u0113nus, m\u0101ksl\u012bgos aromatiz\u0113t\u0101jus un kr\u0101svielas. Der\u012bguma termi\u0146\u0161: 3 gadi.<\/p>\n","protected":false},"featured_media":11973,"template":"","meta":[],"product_cat":[1335],"product_tag":[],"class_list":{"0":"post-40405","1":"product","2":"type-product","3":"status-publish","4":"has-post-thumbnail","6":"product_brand-rocs","7":"product_cat-bernu-mutes-dobuma-higiena","9":"first","10":"outofstock","11":"taxable","12":"shipping-taxable","13":"product-type-simple"},"_links":{"self":[{"href":"https:\/\/e.kosmolat.eu\/lv\/wp-json\/wp\/v2\/product\/40405","targetHints":{"allow":["GET"]}}],"collection":[{"href":"https:\/\/e.kosmolat.eu\/lv\/wp-json\/wp\/v2\/product"}],"about":[{"href":"https:\/\/e.kosmolat.eu\/lv\/wp-json\/wp\/v2\/types\/product"}],"wp:featuredmedia":[{"embeddable":true,"href":"https:\/\/e.kosmolat.eu\/lv\/wp-json\/wp\/v2\/media\/11973"}],"wp:attachment":[{"href":"https:\/\/e.kosmolat.eu\/lv\/wp-json\/wp\/v2\/media?parent=40405"}],"wp:term":[{"taxonomy":"product_cat","embeddable":true,"href":"https:\/\/e.kosmolat.eu\/lv\/wp-json\/wp\/v2\/product_cat?post=40405"},{"taxonomy":"product_tag","embeddable":true,"href":"https:\/\/e.kosmolat.eu\/lv\/wp-json\/wp\/v2\/product_tag?post=40405"}],"curies":[{"name":"wp","href":"https:\/\/api.w.org\/{rel}","templated":true}]}}