{"id":40401,"date":"2023-12-23T01:14:27","date_gmt":"2023-12-23T01:14:27","guid":{"rendered":"https:\/\/e.kosmolat.eu\/product\/rocs-teens-zobu-pasta-pusaudziem-meza-zemene-60-ml\/"},"modified":"2025-03-24T08:16:25","modified_gmt":"2025-03-24T08:16:25","slug":"rocs-teens-zobu-pasta-pusaudziem-meza-zemene-60-ml","status":"publish","type":"product","link":"https:\/\/e.kosmolat.eu\/lv\/product\/rocs-teens-zobu-pasta-pusaudziem-meza-zemene-60-ml\/","title":{"rendered":"Rocs Teens Zobu pasta pusaud\u017eiem Me\u017ea zemene, 60 ml"},"content":{"rendered":"<p>Zobu pasta pusaud\u017eiem (8-18 gadi)<\/p>\n<p>Satur AMIFLUOR, kas apvieno ksil\u012btu un aminofluor\u012bdu, kas nodro\u0161ina dubultu kariesa nov\u0113r\u0161anu: \u0101tra (20 sekun\u017eu laik\u0101) iztur\u012bga aizsargp\u0101rkl\u0101juma veido\u0161ana uz zobu emaljas un kariog\u0113no bakt\u0113riju nom\u0101k\u0161ana*. Zema abrazivit\u0101te (RDA=50). Nesatur n\u0101trija laurilsulf\u0101tu.<\/p>\n<p><strong>Der\u012bguma termi\u0146\u0161: <\/strong>3 gadi.<\/p>\n<p><em>*Kl\u012bniski pier\u0101d\u012bts<\/em><\/p>\n","protected":false},"excerpt":{"rendered":"<p>Zobu pasta pusaud\u017eiem (8-18 gadi) Satur AMIFLUOR, kas apvieno ksil\u012btu un aminofluor\u012bdu, kas nodro\u0161ina dubultu kariesa nov\u0113r\u0161anu: \u0101tra (20 sekun\u017eu laik\u0101) iztur\u012bga aizsargp\u0101rkl\u0101juma veido\u0161ana uz zobu emaljas un kariog\u0113no bakt\u0113riju nom\u0101k\u0161ana*. Zema abrazivit\u0101te (RDA=50). Nesatur n\u0101trija laurilsulf\u0101tu. Der\u012bguma termi\u0146\u0161: 3 gadi. *Kl\u012bniski pier\u0101d\u012bts<\/p>\n","protected":false},"featured_media":12601,"template":"","meta":[],"product_cat":[1335],"product_tag":[],"class_list":{"0":"post-40401","1":"product","2":"type-product","3":"status-publish","4":"has-post-thumbnail","6":"product_brand-rocs","7":"product_cat-bernu-mutes-dobuma-higiena","9":"first","10":"outofstock","11":"taxable","12":"shipping-taxable","13":"product-type-simple"},"_links":{"self":[{"href":"https:\/\/e.kosmolat.eu\/lv\/wp-json\/wp\/v2\/product\/40401","targetHints":{"allow":["GET"]}}],"collection":[{"href":"https:\/\/e.kosmolat.eu\/lv\/wp-json\/wp\/v2\/product"}],"about":[{"href":"https:\/\/e.kosmolat.eu\/lv\/wp-json\/wp\/v2\/types\/product"}],"wp:featuredmedia":[{"embeddable":true,"href":"https:\/\/e.kosmolat.eu\/lv\/wp-json\/wp\/v2\/media\/12601"}],"wp:attachment":[{"href":"https:\/\/e.kosmolat.eu\/lv\/wp-json\/wp\/v2\/media?parent=40401"}],"wp:term":[{"taxonomy":"product_cat","embeddable":true,"href":"https:\/\/e.kosmolat.eu\/lv\/wp-json\/wp\/v2\/product_cat?post=40401"},{"taxonomy":"product_tag","embeddable":true,"href":"https:\/\/e.kosmolat.eu\/lv\/wp-json\/wp\/v2\/product_tag?post=40401"}],"curies":[{"name":"wp","href":"https:\/\/api.w.org\/{rel}","templated":true}]}}