{"id":40397,"date":"2023-12-23T01:14:06","date_gmt":"2023-12-23T01:14:06","guid":{"rendered":"https:\/\/e.kosmolat.eu\/product\/rocs-sensitive-zobu-pasta-repair-whitening-75-ml\/"},"modified":"2024-04-12T11:21:26","modified_gmt":"2024-04-12T11:21:26","slug":"rocs-sensitive-zobu-pasta-repair-whitening-75-ml","status":"publish","type":"product","link":"https:\/\/e.kosmolat.eu\/lv\/product\/rocs-sensitive-zobu-pasta-repair-whitening-75-ml\/","title":{"rendered":"Rocs Sensitive Zobu pasta Repair &#038; Whitening, 75 ml"},"content":{"rendered":"<p>Balino\u0161a zobu pasta jut\u012bgiem zobiem Repair &amp; Whitening satur homolo\u0123isk\u0101s emaljas da\u013ci\u0146as. T\u0101s \u0101tri pazemina paaugstin\u0101tu zobu jut\u012bbas l\u012bmeni un izbalina zobus vid\u0113ji par 1,5 to\u0146iem*! Kalcija hidroksiapat\u012bta da\u013ci\u0146as apvienojum\u0101 ar kalcija glicerofosf\u0101tu, magnija savienojumu un ksil\u012btu nodro\u0161ina aizsardz\u012bbu pret kariesu un veicina emaljas atjauno\u0161anos un zobu mirdzumu. 100% dabisks aromatiz\u0113t\u0101js &ndash; melisa.<\/p>\n<p>Paredz\u0113ta ikdienas lieto\u0161anai. Neizskalot muti un attur\u0113ties no \u0113\u0161anas un dzer\u0161anas turpm\u0101k\u0101s 30-40 min\u016btes.<\/p>\n<p><strong>Der\u012bguma termi\u0146\u0161:<\/strong> 3 gadi.<\/p>\n<p><em>*Saska\u0146\u0101 ar VITA Classical&reg; to\u0146u skalu.<\/em><\/p>\n","protected":false},"excerpt":{"rendered":"<p>Balino\u0161a zobu pasta jut\u012bgiem zobiem Repair &amp; Whitening satur homolo\u0123isk\u0101s emaljas da\u013ci\u0146as. T\u0101s \u0101tri pazemina paaugstin\u0101tu zobu jut\u012bbas l\u012bmeni un izbalina zobus vid\u0113ji par 1,5 to\u0146iem*! Kalcija hidroksiapat\u012bta da\u013ci\u0146as apvienojum\u0101 ar kalcija glicerofosf\u0101tu, magnija savienojumu un ksil\u012btu nodro\u0161ina aizsardz\u012bbu pret kariesu un veicina emaljas atjauno\u0161anos un zobu mirdzumu. 100% dabisks aromatiz\u0113t\u0101js &ndash; melisa. Paredz\u0113ta ikdienas [&#8230;]\n","protected":false},"featured_media":11957,"template":"","meta":[],"product_cat":[1999],"product_tag":[],"class_list":{"0":"post-40397","1":"product","2":"type-product","3":"status-publish","4":"has-post-thumbnail","6":"product_brand-rocs","7":"product_cat-bez-kategorijas","9":"first","10":"outofstock","11":"taxable","12":"shipping-taxable","13":"product-type-simple"},"_links":{"self":[{"href":"https:\/\/e.kosmolat.eu\/lv\/wp-json\/wp\/v2\/product\/40397","targetHints":{"allow":["GET"]}}],"collection":[{"href":"https:\/\/e.kosmolat.eu\/lv\/wp-json\/wp\/v2\/product"}],"about":[{"href":"https:\/\/e.kosmolat.eu\/lv\/wp-json\/wp\/v2\/types\/product"}],"wp:featuredmedia":[{"embeddable":true,"href":"https:\/\/e.kosmolat.eu\/lv\/wp-json\/wp\/v2\/media\/11957"}],"wp:attachment":[{"href":"https:\/\/e.kosmolat.eu\/lv\/wp-json\/wp\/v2\/media?parent=40397"}],"wp:term":[{"taxonomy":"product_cat","embeddable":true,"href":"https:\/\/e.kosmolat.eu\/lv\/wp-json\/wp\/v2\/product_cat?post=40397"},{"taxonomy":"product_tag","embeddable":true,"href":"https:\/\/e.kosmolat.eu\/lv\/wp-json\/wp\/v2\/product_tag?post=40397"}],"curies":[{"name":"wp","href":"https:\/\/api.w.org\/{rel}","templated":true}]}}