{"id":40389,"date":"2023-12-23T01:13:30","date_gmt":"2023-12-23T01:13:30","guid":{"rendered":"https:\/\/e.kosmolat.eu\/product\/rocs-zobu-pasta-sensacionala-balinasana-60-ml\/"},"modified":"2024-03-21T22:13:59","modified_gmt":"2024-03-21T22:13:59","slug":"rocs-zobu-pasta-sensacionala-balinasana-60-ml","status":"publish","type":"product","link":"https:\/\/e.kosmolat.eu\/lv\/product\/rocs-zobu-pasta-sensacionala-balinasana-60-ml\/","title":{"rendered":"Rocs Zobu pasta Sensacionala balin\u0101\u0161ana, 60 ml"},"content":{"rendered":"<p>Nekait\u012bgi un efekt\u012bvi padara zobus gai\u0161\u0101kus, atjaunojot to dabisko baltumu un lielisko sp\u012bdumu**.<\/p>\n<p>Nesatur fluor\u012bdus, n\u0101trija laurilsulf\u0101tu, parab\u0113nus, trikloz\u0101nu un hlorheksid\u012bnu.<\/p>\n<p><strong>Der\u012bguma termi\u0146\u0161: <\/strong>3 gadi.<\/p>\n<p><em>**Kl\u012bniski pier\u0101d\u012bts.<\/em><\/p>\n","protected":false},"excerpt":{"rendered":"<p>Nekait\u012bgi un efekt\u012bvi padara zobus gai\u0161\u0101kus, atjaunojot to dabisko baltumu un lielisko sp\u012bdumu**. Nesatur fluor\u012bdus, n\u0101trija laurilsulf\u0101tu, parab\u0113nus, trikloz\u0101nu un hlorheksid\u012bnu. Der\u012bguma termi\u0146\u0161: 3 gadi. **Kl\u012bniski pier\u0101d\u012bts.<\/p>\n","protected":false},"featured_media":27298,"template":"","meta":[],"product_cat":[1306],"product_tag":[],"class_list":{"0":"post-40389","1":"product","2":"type-product","3":"status-publish","4":"has-post-thumbnail","6":"product_brand-rocs","7":"product_cat-zobu-pastas-un-zelejas","9":"first","10":"outofstock","11":"taxable","12":"shipping-taxable","13":"product-type-simple"},"_links":{"self":[{"href":"https:\/\/e.kosmolat.eu\/lv\/wp-json\/wp\/v2\/product\/40389","targetHints":{"allow":["GET"]}}],"collection":[{"href":"https:\/\/e.kosmolat.eu\/lv\/wp-json\/wp\/v2\/product"}],"about":[{"href":"https:\/\/e.kosmolat.eu\/lv\/wp-json\/wp\/v2\/types\/product"}],"wp:featuredmedia":[{"embeddable":true,"href":"https:\/\/e.kosmolat.eu\/lv\/wp-json\/wp\/v2\/media\/27298"}],"wp:attachment":[{"href":"https:\/\/e.kosmolat.eu\/lv\/wp-json\/wp\/v2\/media?parent=40389"}],"wp:term":[{"taxonomy":"product_cat","embeddable":true,"href":"https:\/\/e.kosmolat.eu\/lv\/wp-json\/wp\/v2\/product_cat?post=40389"},{"taxonomy":"product_tag","embeddable":true,"href":"https:\/\/e.kosmolat.eu\/lv\/wp-json\/wp\/v2\/product_tag?post=40389"}],"curies":[{"name":"wp","href":"https:\/\/api.w.org\/{rel}","templated":true}]}}