{"id":40385,"date":"2023-12-23T01:13:10","date_gmt":"2023-12-23T01:13:10","guid":{"rendered":"https:\/\/e.kosmolat.eu\/product\/rocs-zobu-pasta-balinosa-blank-verse-60-ml\/"},"modified":"2024-12-04T19:21:19","modified_gmt":"2024-12-04T19:21:19","slug":"rocs-zobu-pasta-balinosa-blank-verse-60-ml","status":"publish","type":"product","link":"https:\/\/e.kosmolat.eu\/lv\/product\/rocs-zobu-pasta-balinosa-blank-verse-60-ml\/","title":{"rendered":"Rocs Zobu pasta Balino\u0161a Blank Verse, 60 ml"},"content":{"rendered":"<p>Unik\u0101la balino\u0161a zobu pasta pieaugu\u0161ajiem.<\/p>\n<p>Pigmenta no\u0146em\u0161ana ar enz\u012bmu pal\u012bdz\u012bbu. Sil\u012bcija dioks\u012bda mikroda\u013ci\u0146as pul\u0113 emalju. Mineralin&reg; nodro\u0161ina akt\u012bvu emaljas remineraliz\u0101ciju un aizsardz\u012bbu pret kariesu.* Nesatur fluor\u012bdu, SLS.<\/p>\n<p><strong>Der\u012bguma termi\u0146\u0161:<\/strong> 3 gadi.<\/p>\n<p><em>*Kl\u012bniski pier\u0101d\u012bts<\/em><\/p>\n","protected":false},"excerpt":{"rendered":"<p>Unik\u0101la balino\u0161a zobu pasta pieaugu\u0161ajiem. Pigmenta no\u0146em\u0161ana ar enz\u012bmu pal\u012bdz\u012bbu. Sil\u012bcija dioks\u012bda mikroda\u013ci\u0146as pul\u0113 emalju. Mineralin&reg; nodro\u0161ina akt\u012bvu emaljas remineraliz\u0101ciju un aizsardz\u012bbu pret kariesu.* Nesatur fluor\u012bdu, SLS. Der\u012bguma termi\u0146\u0161: 3 gadi. *Kl\u012bniski pier\u0101d\u012bts<\/p>\n","protected":false},"featured_media":11937,"template":"","meta":[],"product_cat":[1306],"product_tag":[],"class_list":{"0":"post-40385","1":"product","2":"type-product","3":"status-publish","4":"has-post-thumbnail","6":"product_brand-rocs","7":"product_cat-zobu-pastas-un-zelejas","9":"first","10":"outofstock","11":"taxable","12":"shipping-taxable","13":"product-type-simple"},"_links":{"self":[{"href":"https:\/\/e.kosmolat.eu\/lv\/wp-json\/wp\/v2\/product\/40385","targetHints":{"allow":["GET"]}}],"collection":[{"href":"https:\/\/e.kosmolat.eu\/lv\/wp-json\/wp\/v2\/product"}],"about":[{"href":"https:\/\/e.kosmolat.eu\/lv\/wp-json\/wp\/v2\/types\/product"}],"wp:featuredmedia":[{"embeddable":true,"href":"https:\/\/e.kosmolat.eu\/lv\/wp-json\/wp\/v2\/media\/11937"}],"wp:attachment":[{"href":"https:\/\/e.kosmolat.eu\/lv\/wp-json\/wp\/v2\/media?parent=40385"}],"wp:term":[{"taxonomy":"product_cat","embeddable":true,"href":"https:\/\/e.kosmolat.eu\/lv\/wp-json\/wp\/v2\/product_cat?post=40385"},{"taxonomy":"product_tag","embeddable":true,"href":"https:\/\/e.kosmolat.eu\/lv\/wp-json\/wp\/v2\/product_tag?post=40385"}],"curies":[{"name":"wp","href":"https:\/\/api.w.org\/{rel}","templated":true}]}}