{"id":40381,"date":"2023-12-23T01:12:44","date_gmt":"2023-12-23T01:12:44","guid":{"rendered":"https:\/\/e.kosmolat.eu\/product\/rocs-zobu-pasta-kafija-un-tabaka-60-ml\/"},"modified":"2024-12-04T19:21:01","modified_gmt":"2024-12-04T19:21:01","slug":"rocs-zobu-pasta-kafija-un-tabaka-60-ml","status":"publish","type":"product","link":"https:\/\/e.kosmolat.eu\/lv\/product\/rocs-zobu-pasta-kafija-un-tabaka-60-ml\/","title":{"rendered":"Rocs Zobu pasta Kafija un tabaka, 60 ml"},"content":{"rendered":"<p>Enz\u012bmu darb\u012bba nodro\u0161ina efekt\u012bvu t\u012br\u012b\u0161anu un kav\u0113 zobu aplikuma veido\u0161anos. Satur E vitam\u012bnu. Abrazivit\u0101te: RDA=99, REA=5,7. Nesatur SLS. \u012apa\u0161s piparm\u0113tru arom\u0101ts nom\u0101c tabakas smaku un nodro\u0161ina elpas svaigumu uz ilg\u0101ku laiku. Izgatavo\u0161anas datums ir nor\u0101d\u012bts t\u016bbi\u0146as lejas da\u013c\u0101.<\/p>\n<p><strong>Der\u012bguma termi\u0146\u0161: <\/strong>3 gadi.&nbsp;<\/p>\n","protected":false},"excerpt":{"rendered":"<p>Enz\u012bmu darb\u012bba nodro\u0161ina efekt\u012bvu t\u012br\u012b\u0161anu un kav\u0113 zobu aplikuma veido\u0161anos. Satur E vitam\u012bnu. Abrazivit\u0101te: RDA=99, REA=5,7. Nesatur SLS. \u012apa\u0161s piparm\u0113tru arom\u0101ts nom\u0101c tabakas smaku un nodro\u0161ina elpas svaigumu uz ilg\u0101ku laiku. Izgatavo\u0161anas datums ir nor\u0101d\u012bts t\u016bbi\u0146as lejas da\u013c\u0101. Der\u012bguma termi\u0146\u0161: 3 gadi.&nbsp;<\/p>\n","protected":false},"featured_media":11929,"template":"","meta":[],"product_cat":[1306],"product_tag":[],"class_list":{"0":"post-40381","1":"product","2":"type-product","3":"status-publish","4":"has-post-thumbnail","6":"product_brand-rocs","7":"product_cat-zobu-pastas-un-zelejas","9":"first","10":"outofstock","11":"taxable","12":"shipping-taxable","13":"product-type-simple"},"_links":{"self":[{"href":"https:\/\/e.kosmolat.eu\/lv\/wp-json\/wp\/v2\/product\/40381","targetHints":{"allow":["GET"]}}],"collection":[{"href":"https:\/\/e.kosmolat.eu\/lv\/wp-json\/wp\/v2\/product"}],"about":[{"href":"https:\/\/e.kosmolat.eu\/lv\/wp-json\/wp\/v2\/types\/product"}],"wp:featuredmedia":[{"embeddable":true,"href":"https:\/\/e.kosmolat.eu\/lv\/wp-json\/wp\/v2\/media\/11929"}],"wp:attachment":[{"href":"https:\/\/e.kosmolat.eu\/lv\/wp-json\/wp\/v2\/media?parent=40381"}],"wp:term":[{"taxonomy":"product_cat","embeddable":true,"href":"https:\/\/e.kosmolat.eu\/lv\/wp-json\/wp\/v2\/product_cat?post=40381"},{"taxonomy":"product_tag","embeddable":true,"href":"https:\/\/e.kosmolat.eu\/lv\/wp-json\/wp\/v2\/product_tag?post=40381"}],"curies":[{"name":"wp","href":"https:\/\/api.w.org\/{rel}","templated":true}]}}