{"id":40365,"date":"2023-12-23T01:10:42","date_gmt":"2023-12-23T01:10:42","guid":{"rendered":"https:\/\/e.kosmolat.eu\/product\/7d-govegan-aud-yummy-s-maska-monday-white-day-25-g\/"},"modified":"2026-04-22T09:32:14","modified_gmt":"2026-04-22T09:32:14","slug":"7d-govegan-aud-yummy-s-maska-monday-white-day-25-g","status":"publish","type":"product","link":"https:\/\/e.kosmolat.eu\/lv\/product\/7d-govegan-aud-yummy-s-maska-monday-white-day-25-g\/","title":{"rendered":"7D GoVEGAN Aud.yummy s.maska Monday White Day, 25 g"},"content":{"rendered":"<p>Maska tiem, kas sevi m\u012bl. Baro\u0161ana,&nbsp;atjauno\u0161ana, ener\u0123ijas l\u0101di\u0146\u0161.<br \/>\nSast\u0101v\u0101 eso\u0161\u0101 auzu e\u013c\u013ca satur vitam\u012bnus un mikroelementus, kam piem\u012bt antioksidanta iedarb\u012bba un kas baro, toniz\u0113 un atjauno \u0101du. Mande\u013cu, avokado e\u013c\u013cas un kokosriekstu ekstrakts pie\u0161\u0137ir vitalit\u0101ti, baro \u0101du un veicina \u0101das to\u0146a izl\u012bdzin\u0101\u0161anos.<\/p>\n<p><strong>Lieto\u0161ana:<\/strong> 1. Att\u012briet sejas \u0101du no kosm\u0113tikas. 2. Atlokiet un uzkl\u0101jiet masku uz 10-15 min\u016bt\u0113m. 3. Noskalojiet seju ar \u016bdeni. Ja v\u0113laties, maskas paliekas var nenoskalot. Man\u0101mam \u0101das st\u0101vok\u013ca uzlabojumam ieteicams lietot visu &ldquo;Go Vegan&rdquo; masku s\u0113riju ned\u0113\u013cas laik\u0101. Maska der ar\u012b vienreiz\u0113jai lieto\u0161anai k\u0101 ekspreskop\u0161anas l\u012bdzeklis.<\/p>\n<p><strong>Piesardz\u012bbas pas\u0101kumi:<\/strong> tikai \u0101r\u012bgai lieto\u0161anai. Neizmantot atk\u0101rtoti. Izvair\u012bties no saskares ar ac\u012bm. Ja nok\u013c\u016bst ac\u012bs, nekav\u0113joties izskalot ar lielu daudzumu \u016bdens un, nepiecie\u0161am\u012bbas gad\u012bjum\u0101, v\u0113rsties p\u0113c medic\u012bniskas pal\u012bdz\u012bbas. Neuzkl\u0101t uz boj\u0101tas \u0101das. Nelietot, ja ir paaugstin\u0101ta jut\u012bba pret k\u0101du no maskas sast\u0101vda\u013c\u0101m. P\u0101rtraukt lieto\u0161anu, ja rodas kairin\u0101jums. Sarg\u0101t no b\u0113rniem. Uzglab\u0101t temperat\u016br\u0101 no +5&deg;C l\u012bdz +25&deg;C.<br \/>\n&nbsp;<\/p>\n","protected":false},"excerpt":{"rendered":"<p>Maska tiem, kas sevi m\u012bl. Baro\u0161ana,&nbsp;atjauno\u0161ana, ener\u0123ijas l\u0101di\u0146\u0161. Sast\u0101v\u0101 eso\u0161\u0101 auzu e\u013c\u013ca satur vitam\u012bnus un mikroelementus, kam piem\u012bt antioksidanta iedarb\u012bba un kas baro, toniz\u0113 un atjauno \u0101du. Mande\u013cu, avokado e\u013c\u013cas un kokosriekstu ekstrakts pie\u0161\u0137ir vitalit\u0101ti, baro \u0101du un veicina \u0101das to\u0146a izl\u012bdzin\u0101\u0161anos. Lieto\u0161ana: 1. Att\u012briet sejas \u0101du no kosm\u0113tikas. 2. Atlokiet un uzkl\u0101jiet masku uz [&#8230;]\n","protected":false},"featured_media":105188,"template":"","meta":[],"product_cat":[2182],"product_tag":[],"class_list":{"0":"post-40365","1":"product","2":"type-product","3":"status-publish","4":"has-post-thumbnail","6":"product_brand-7days_it","7":"product_cat-bez-kategorijas-ru","9":"first","10":"instock","11":"taxable","12":"shipping-taxable","13":"product-type-simple"},"_links":{"self":[{"href":"https:\/\/e.kosmolat.eu\/lv\/wp-json\/wp\/v2\/product\/40365","targetHints":{"allow":["GET"]}}],"collection":[{"href":"https:\/\/e.kosmolat.eu\/lv\/wp-json\/wp\/v2\/product"}],"about":[{"href":"https:\/\/e.kosmolat.eu\/lv\/wp-json\/wp\/v2\/types\/product"}],"wp:featuredmedia":[{"embeddable":true,"href":"https:\/\/e.kosmolat.eu\/lv\/wp-json\/wp\/v2\/media\/105188"}],"wp:attachment":[{"href":"https:\/\/e.kosmolat.eu\/lv\/wp-json\/wp\/v2\/media?parent=40365"}],"wp:term":[{"taxonomy":"product_cat","embeddable":true,"href":"https:\/\/e.kosmolat.eu\/lv\/wp-json\/wp\/v2\/product_cat?post=40365"},{"taxonomy":"product_tag","embeddable":true,"href":"https:\/\/e.kosmolat.eu\/lv\/wp-json\/wp\/v2\/product_tag?post=40365"}],"curies":[{"name":"wp","href":"https:\/\/api.w.org\/{rel}","templated":true}]}}