{"id":40361,"date":"2023-12-23T01:10:13","date_gmt":"2023-12-23T01:10:13","guid":{"rendered":"https:\/\/e.kosmolat.eu\/product\/7d-s-maska-ideala-svetd-ar-zil-agaves-un-lotos-ekstr-28-g\/"},"modified":"2026-04-22T09:31:59","modified_gmt":"2026-04-22T09:31:59","slug":"7d-s-maska-ideala-svetd-ar-zil-agaves-un-lotos-ekstr-28-g","status":"publish","type":"product","link":"https:\/\/e.kosmolat.eu\/lv\/product\/7d-s-maska-ideala-svetd-ar-zil-agaves-un-lotos-ekstr-28-g\/","title":{"rendered":"7D S.maska Ide\u0101la sv\u0113td.ar zil.agaves un lotos.ekstr, 28 g"},"content":{"rendered":"<p>Maska piln\u012bgai relaks\u0101cijai. Zil\u0101s agaves ekstrakts atjauno \u0101das svaigumu, padarot to mitrin\u0101t\u0101ku un glud\u0101ku. Lotosa ekstrakts att\u012bra, stimul\u0113 un atsvaidzina. &Scaron;. &Scaron;\u012b sviesta, makad\u0101mijas un hohobas e\u013c\u013cas nodro\u0161ina \u0101du ar barojo\u0161iem elementiem, padarot to maigu un samtainu.<\/p>\n<p><strong>Lieto\u0161ana:<\/strong> 1. Att\u012briet sejas \u0101du. 2. Uzkl\u0101jiet masku uz 10-15 min\u016bt\u0113m. 3. Noskalojiet seju ar \u016bdeni.<\/p>\n<p><strong>Piesardz\u012bbas pas\u0101kumi:<\/strong> tikai \u0101r\u012bgai lieto\u0161anai. Neizmantot atk\u0101rtoti. Izvair\u012bties no saskares ar ac\u012bm. Ja nok\u013c\u016bst ac\u012bs, nekav\u0113joties izskalot ar lielu daudzumu \u016bdens un, nepiecie\u0161am\u012bbas gad\u012bjum\u0101, v\u0113rsties p\u0113c medic\u012bniskas pal\u012bdz\u012bbas. Neuzkl\u0101t uz boj\u0101tas \u0101das. Nelietot, ja ir paaugstin\u0101ta jut\u012bba pret k\u0101du no maskas sast\u0101vda\u013c\u0101m. P\u0101rtraukt lieto\u0161anu, ja rodas kairin\u0101jums. Sarg\u0101t no b\u0113rniem. Uzglab\u0101t temperat\u016br\u0101 no +5&deg;C l\u012bdz +25&deg;C.<br \/>\n&nbsp;<\/p>\n","protected":false},"excerpt":{"rendered":"<p>Maska piln\u012bgai relaks\u0101cijai. Zil\u0101s agaves ekstrakts atjauno \u0101das svaigumu, padarot to mitrin\u0101t\u0101ku un glud\u0101ku. Lotosa ekstrakts att\u012bra, stimul\u0113 un atsvaidzina. &Scaron;. &Scaron;\u012b sviesta, makad\u0101mijas un hohobas e\u013c\u013cas nodro\u0161ina \u0101du ar barojo\u0161iem elementiem, padarot to maigu un samtainu. Lieto\u0161ana: 1. Att\u012briet sejas \u0101du. 2. Uzkl\u0101jiet masku uz 10-15 min\u016bt\u0113m. 3. Noskalojiet seju ar \u016bdeni. Piesardz\u012bbas pas\u0101kumi: [&#8230;]\n","protected":false},"featured_media":102086,"template":"","meta":[],"product_cat":[2181],"product_tag":[],"class_list":{"0":"post-40361","1":"product","2":"type-product","3":"status-publish","4":"has-post-thumbnail","6":"product_brand-7days_it","7":"product_cat-bez-kategorijas-lt","9":"first","10":"instock","11":"taxable","12":"shipping-taxable","13":"product-type-simple"},"_links":{"self":[{"href":"https:\/\/e.kosmolat.eu\/lv\/wp-json\/wp\/v2\/product\/40361","targetHints":{"allow":["GET"]}}],"collection":[{"href":"https:\/\/e.kosmolat.eu\/lv\/wp-json\/wp\/v2\/product"}],"about":[{"href":"https:\/\/e.kosmolat.eu\/lv\/wp-json\/wp\/v2\/types\/product"}],"wp:featuredmedia":[{"embeddable":true,"href":"https:\/\/e.kosmolat.eu\/lv\/wp-json\/wp\/v2\/media\/102086"}],"wp:attachment":[{"href":"https:\/\/e.kosmolat.eu\/lv\/wp-json\/wp\/v2\/media?parent=40361"}],"wp:term":[{"taxonomy":"product_cat","embeddable":true,"href":"https:\/\/e.kosmolat.eu\/lv\/wp-json\/wp\/v2\/product_cat?post=40361"},{"taxonomy":"product_tag","embeddable":true,"href":"https:\/\/e.kosmolat.eu\/lv\/wp-json\/wp\/v2\/product_tag?post=40361"}],"curies":[{"name":"wp","href":"https:\/\/api.w.org\/{rel}","templated":true}]}}