{"id":40353,"date":"2023-12-23T01:09:11","date_gmt":"2023-12-23T01:09:11","guid":{"rendered":"https:\/\/e.kosmolat.eu\/product\/7d-s-maska-aizrauj-piektd-ar-kokosr-un-licijas-ekstr-28-g\/"},"modified":"2026-04-13T09:40:07","modified_gmt":"2026-04-13T09:40:07","slug":"7d-s-maska-aizrauj-piektd-ar-kokosr-un-licijas-ekstr-28-g","status":"publish","type":"product","link":"https:\/\/e.kosmolat.eu\/lv\/product\/7d-s-maska-aizrauj-piektd-ar-kokosr-un-licijas-ekstr-28-g\/","title":{"rendered":"7D S.maska Aizrauj.piektd.ar kokosr.un l\u012b\u010dijas ekstr, 28 g"},"content":{"rendered":"<p>Maska pirms ball\u012btes. Kokosriekstu ekstraktam piem\u012bt dzi\u013ca atjaunojo\u0161a iedarb\u012bba, acumirkl\u012b pie\u0161\u0137ir \u0101dai vesel\u012bgu un atp\u016btu\u0161os izskatu, padara to maigu un samtainu. L\u012b\u010dijas aug\u013cu ekstrakts sniedz ener\u0123iju, toniz\u0113, mazina noguruma paz\u012bmes un d\u0101v\u0101 \u0101dai vesel\u012bgu mirdzumu. Unik\u0101ls vitam\u012bnu komplekss sniedz \u0101dai ener\u0123iju, izl\u012bdzina tekst\u016bru un pie\u0161\u0137ir tai perfektu toni. Hialuronsk\u0101be intens\u012bvi mitrina, padara \u0101du tvirt\u0101ku un elast\u012bg\u0101ku.<\/p>\n<p><strong>Lieto\u0161ana: <\/strong>1. Att\u012briet sejas \u0101du. 2. Uzkl\u0101jiet masku uz 10-15 min\u016bt\u0113m. 3. Noskalojiet seju ar \u016bdeni.<\/p>\n<p>Piesardz\u012bbas pas\u0101kumi: tikai \u0101r\u012bgai lieto\u0161anai. Neizmantot atk\u0101rtoti. Izvair\u012bties no saskares ar ac\u012bm. Ja nok\u013c\u016bst ac\u012bs, nekav\u0113joties izskalot ar lielu daudzumu \u016bdens un, nepiecie\u0161am\u012bbas gad\u012bjum\u0101, v\u0113rsties p\u0113c medic\u012bniskas pal\u012bdz\u012bbas. Neuzkl\u0101t uz boj\u0101tas \u0101das. Nelietot, ja ir paaugstin\u0101ta jut\u012bba pret k\u0101du no maskas sast\u0101vda\u013c\u0101m. P\u0101rtraukt lieto\u0161anu, ja rodas kairin\u0101jums. Sarg\u0101t no b\u0113rniem. Uzglab\u0101t temperat\u016br\u0101 no +5&deg;C l\u012bdz +25&deg;C.<br \/>\n&nbsp;<\/p>\n","protected":false},"excerpt":{"rendered":"<p>Maska pirms ball\u012btes. Kokosriekstu ekstraktam piem\u012bt dzi\u013ca atjaunojo\u0161a iedarb\u012bba, acumirkl\u012b pie\u0161\u0137ir \u0101dai vesel\u012bgu un atp\u016btu\u0161os izskatu, padara to maigu un samtainu. L\u012b\u010dijas aug\u013cu ekstrakts sniedz ener\u0123iju, toniz\u0113, mazina noguruma paz\u012bmes un d\u0101v\u0101 \u0101dai vesel\u012bgu mirdzumu. Unik\u0101ls vitam\u012bnu komplekss sniedz \u0101dai ener\u0123iju, izl\u012bdzina tekst\u016bru un pie\u0161\u0137ir tai perfektu toni. Hialuronsk\u0101be intens\u012bvi mitrina, padara \u0101du tvirt\u0101ku un [&#8230;]\n","protected":false},"featured_media":97237,"template":"","meta":[],"product_cat":[2181],"product_tag":[],"class_list":{"0":"post-40353","1":"product","2":"type-product","3":"status-publish","4":"has-post-thumbnail","6":"product_brand-7days_it","7":"product_cat-bez-kategorijas-lt","9":"first","10":"instock","11":"taxable","12":"shipping-taxable","13":"product-type-simple"},"_links":{"self":[{"href":"https:\/\/e.kosmolat.eu\/lv\/wp-json\/wp\/v2\/product\/40353","targetHints":{"allow":["GET"]}}],"collection":[{"href":"https:\/\/e.kosmolat.eu\/lv\/wp-json\/wp\/v2\/product"}],"about":[{"href":"https:\/\/e.kosmolat.eu\/lv\/wp-json\/wp\/v2\/types\/product"}],"wp:featuredmedia":[{"embeddable":true,"href":"https:\/\/e.kosmolat.eu\/lv\/wp-json\/wp\/v2\/media\/97237"}],"wp:attachment":[{"href":"https:\/\/e.kosmolat.eu\/lv\/wp-json\/wp\/v2\/media?parent=40353"}],"wp:term":[{"taxonomy":"product_cat","embeddable":true,"href":"https:\/\/e.kosmolat.eu\/lv\/wp-json\/wp\/v2\/product_cat?post=40353"},{"taxonomy":"product_tag","embeddable":true,"href":"https:\/\/e.kosmolat.eu\/lv\/wp-json\/wp\/v2\/product_tag?post=40353"}],"curies":[{"name":"wp","href":"https:\/\/api.w.org\/{rel}","templated":true}]}}