{"id":40345,"date":"2023-12-23T01:08:11","date_gmt":"2023-12-23T01:08:11","guid":{"rendered":"https:\/\/e.kosmolat.eu\/product\/7d-s-maska-viegla-tresd-ar-zal-tej-un-bumbieru-ekstr-28-g\/"},"modified":"2026-04-14T13:42:53","modified_gmt":"2026-04-14T13:42:53","slug":"7d-s-maska-viegla-tresd-ar-zal-tej-un-bumbieru-ekstr-28-g","status":"publish","type":"product","link":"https:\/\/e.kosmolat.eu\/lv\/product\/7d-s-maska-viegla-tresd-ar-zal-tej-un-bumbieru-ekstr-28-g\/","title":{"rendered":"7D S.maska Viegl\u0101 tre\u0161d.ar za\u013c.t\u0113j.un bumbieru ekstr, 28 g"},"content":{"rendered":"<p>Maska seri\u0101la skat\u012b\u0161an\u0101s laik\u0101. Za\u013c\u0101s t\u0113jas ekstrakts intens\u012bvi mitrina \u0101du, paaugstina t\u0101s tvirtumu un elast\u012bbu, sniedz jaun\u012bbas ener\u0123iju. &Scaron;\u012b sviesta, makad\u0101mijas un hohobas e\u013c\u013cas nodro\u0161ina \u0101du ar barojo\u0161iem elementiem, padarot to maigu un gludu. Bumbieru ekstrakts lieliski m\u012bkstina epidermas aug\u0161\u0113jos sl\u0101\u0146us, pa\u0101trina re\u0123ener\u0101cijas procesu un atsvaidzina \u0101du. Hialuronsk\u0101be un mitrino\u0161ais komplekss padara \u0101du tvirt\u0101ku un elast\u012bg\u0101ku.<\/p>\n<p><strong>Lieto\u0161ana:<\/strong> 1. Att\u012briet sejas \u0101du. 2. Uzkl\u0101jiet masku uz 10-15 min\u016bt\u0113m. 3. Noskalojiet seju ar \u016bdeni.<\/p>\n<p><strong>Piesardz\u012bbas pas\u0101kumi:<\/strong> tikai \u0101r\u012bgai lieto\u0161anai. Neizmantot atk\u0101rtoti. Izvair\u012bties no saskares ar ac\u012bm. Ja nok\u013c\u016bst ac\u012bs, nekav\u0113joties izskalot ar lielu daudzumu \u016bdens un, nepiecie\u0161am\u012bbas gad\u012bjum\u0101, v\u0113rsties p\u0113c medic\u012bniskas pal\u012bdz\u012bbas. Neuzkl\u0101t uz boj\u0101tas \u0101das. Nelietot, ja ir paaugstin\u0101ta jut\u012bba pret k\u0101du no maskas sast\u0101vda\u013c\u0101m. P\u0101rtraukt lieto\u0161anu, ja rodas kairin\u0101jums. Sarg\u0101t no b\u0113rniem. Uzglab\u0101t temperat\u016br\u0101 no +5&deg;C l\u012bdz +25&deg;C.<br \/>\n&nbsp;<\/p>\n","protected":false},"excerpt":{"rendered":"<p>Maska seri\u0101la skat\u012b\u0161an\u0101s laik\u0101. Za\u013c\u0101s t\u0113jas ekstrakts intens\u012bvi mitrina \u0101du, paaugstina t\u0101s tvirtumu un elast\u012bbu, sniedz jaun\u012bbas ener\u0123iju. &Scaron;\u012b sviesta, makad\u0101mijas un hohobas e\u013c\u013cas nodro\u0161ina \u0101du ar barojo\u0161iem elementiem, padarot to maigu un gludu. Bumbieru ekstrakts lieliski m\u012bkstina epidermas aug\u0161\u0113jos sl\u0101\u0146us, pa\u0101trina re\u0123ener\u0101cijas procesu un atsvaidzina \u0101du. Hialuronsk\u0101be un mitrino\u0161ais komplekss padara \u0101du tvirt\u0101ku un [&#8230;]\n","protected":false},"featured_media":97663,"template":"","meta":[],"product_cat":[2181],"product_tag":[],"class_list":{"0":"post-40345","1":"product","2":"type-product","3":"status-publish","4":"has-post-thumbnail","6":"product_brand-7days_it","7":"product_cat-bez-kategorijas-lt","9":"first","10":"instock","11":"taxable","12":"shipping-taxable","13":"product-type-simple"},"_links":{"self":[{"href":"https:\/\/e.kosmolat.eu\/lv\/wp-json\/wp\/v2\/product\/40345","targetHints":{"allow":["GET"]}}],"collection":[{"href":"https:\/\/e.kosmolat.eu\/lv\/wp-json\/wp\/v2\/product"}],"about":[{"href":"https:\/\/e.kosmolat.eu\/lv\/wp-json\/wp\/v2\/types\/product"}],"wp:featuredmedia":[{"embeddable":true,"href":"https:\/\/e.kosmolat.eu\/lv\/wp-json\/wp\/v2\/media\/97663"}],"wp:attachment":[{"href":"https:\/\/e.kosmolat.eu\/lv\/wp-json\/wp\/v2\/media?parent=40345"}],"wp:term":[{"taxonomy":"product_cat","embeddable":true,"href":"https:\/\/e.kosmolat.eu\/lv\/wp-json\/wp\/v2\/product_cat?post=40345"},{"taxonomy":"product_tag","embeddable":true,"href":"https:\/\/e.kosmolat.eu\/lv\/wp-json\/wp\/v2\/product_tag?post=40345"}],"curies":[{"name":"wp","href":"https:\/\/api.w.org\/{rel}","templated":true}]}}