{"id":40337,"date":"2023-12-23T01:07:11","date_gmt":"2023-12-23T01:07:11","guid":{"rendered":"https:\/\/e.kosmolat.eu\/product\/7d-s-maska-moza-pirmd-ar-vit-miz-un-kakao-ekstr-28-g\/"},"modified":"2026-04-13T09:39:35","modified_gmt":"2026-04-13T09:39:35","slug":"7d-s-maska-moza-pirmd-ar-vit-miz-un-kakao-ekstr-28-g","status":"publish","type":"product","link":"https:\/\/e.kosmolat.eu\/lv\/product\/7d-s-maska-moza-pirmd-ar-vit-miz-un-kakao-ekstr-28-g\/","title":{"rendered":"7D S.maska Mo\u017e\u0101 pirmd.ar v\u012bt.miz.un kakao ekstr., 28 g"},"content":{"rendered":"<p>Maska p\u0113c garas darba dienas. V\u012btola mizas ekstrakts maskas sast\u0101v\u0101 saudz\u012bgi att\u012bra, izl\u012bdzina \u0101das toni un savelk poras. Hialuronsk\u0101be un mitrino\u0161ais komplekss padara \u0101du tvirt\u0101ku un elast\u012bg\u0101ku. Kakao pupi\u0146u akt\u012bv\u0101s sast\u0101vda\u013cas m\u012bkstina un baro \u0101du, padarot to maigu un samtainu.<\/p>\n<p><strong>Lieto\u0161ana:<\/strong> 1. Att\u012briet sejas \u0101du. 2. Uzkl\u0101jiet masku uz 10-15 min\u016bt\u0113m. 3. Noskalojiet seju ar \u016bdeni.<\/p>\n<p><strong>Piesardz\u012bbas pas\u0101kumi: <\/strong>tikai \u0101r\u012bgai lieto\u0161anai. Neizmantot atk\u0101rtoti. Izvair\u012bties no saskares ar ac\u012bm. Ja nok\u013c\u016bst ac\u012bs, nekav\u0113joties izskalot ar lielu daudzumu \u016bdens un, nepiecie\u0161am\u012bbas gad\u012bjum\u0101, v\u0113rsties p\u0113c medic\u012bniskas pal\u012bdz\u012bbas. Neuzkl\u0101t uz boj\u0101tas \u0101das. Nelietot, ja ir paaugstin\u0101ta jut\u012bba pret k\u0101du no maskas sast\u0101vda\u013c\u0101m. P\u0101rtraukt lieto\u0161anu, ja rodas kairin\u0101jums. Sarg\u0101t no b\u0113rniem. Uzglab\u0101t temperat\u016br\u0101 no +5&deg;C l\u012bdz +25&deg;C.<br \/>\n&nbsp;<\/p>\n","protected":false},"excerpt":{"rendered":"<p>Maska p\u0113c garas darba dienas. V\u012btola mizas ekstrakts maskas sast\u0101v\u0101 saudz\u012bgi att\u012bra, izl\u012bdzina \u0101das toni un savelk poras. Hialuronsk\u0101be un mitrino\u0161ais komplekss padara \u0101du tvirt\u0101ku un elast\u012bg\u0101ku. Kakao pupi\u0146u akt\u012bv\u0101s sast\u0101vda\u013cas m\u012bkstina un baro \u0101du, padarot to maigu un samtainu. Lieto\u0161ana: 1. Att\u012briet sejas \u0101du. 2. Uzkl\u0101jiet masku uz 10-15 min\u016bt\u0113m. 3. Noskalojiet seju ar [&#8230;]\n","protected":false},"featured_media":105184,"template":"","meta":[],"product_cat":[2181],"product_tag":[],"class_list":{"0":"post-40337","1":"product","2":"type-product","3":"status-publish","4":"has-post-thumbnail","6":"product_brand-7days_it","7":"product_cat-bez-kategorijas-lt","9":"first","10":"instock","11":"taxable","12":"shipping-taxable","13":"product-type-simple"},"_links":{"self":[{"href":"https:\/\/e.kosmolat.eu\/lv\/wp-json\/wp\/v2\/product\/40337","targetHints":{"allow":["GET"]}}],"collection":[{"href":"https:\/\/e.kosmolat.eu\/lv\/wp-json\/wp\/v2\/product"}],"about":[{"href":"https:\/\/e.kosmolat.eu\/lv\/wp-json\/wp\/v2\/types\/product"}],"wp:featuredmedia":[{"embeddable":true,"href":"https:\/\/e.kosmolat.eu\/lv\/wp-json\/wp\/v2\/media\/105184"}],"wp:attachment":[{"href":"https:\/\/e.kosmolat.eu\/lv\/wp-json\/wp\/v2\/media?parent=40337"}],"wp:term":[{"taxonomy":"product_cat","embeddable":true,"href":"https:\/\/e.kosmolat.eu\/lv\/wp-json\/wp\/v2\/product_cat?post=40337"},{"taxonomy":"product_tag","embeddable":true,"href":"https:\/\/e.kosmolat.eu\/lv\/wp-json\/wp\/v2\/product_tag?post=40337"}],"curies":[{"name":"wp","href":"https:\/\/api.w.org\/{rel}","templated":true}]}}