{"id":40333,"date":"2023-12-23T01:06:42","date_gmt":"2023-12-23T01:06:42","guid":{"rendered":"https:\/\/e.kosmolat.eu\/product\/7d-detox-aud-s-sos-maska-ar-nomierin-kompl-25-g\/"},"modified":"2026-04-09T13:28:41","modified_gmt":"2026-04-09T13:28:41","slug":"i_7d-detox-aud-s-sos-maska-ar-nomierin-kompl-25-g","status":"publish","type":"product","link":"https:\/\/e.kosmolat.eu\/lv\/product\/i_7d-detox-aud-s-sos-maska-ar-nomierin-kompl-25-g\/","title":{"rendered":"I_7D DETOX Aud.s.SOS-maska ar nomierin. kompl., 25 g"},"content":{"rendered":"<p>Auduma atjaunojo\u0161\u0101 sejas maska ar fibronekt\u012bnu un skval\u0101nu ir 7DAYS DETOX \u0101das att\u012br\u012b\u0161anas kursa tre\u0161ais posms. Maska veicina efekt\u012bvu \u0101das atjauno\u0161anos p\u0113c p\u012blinga un att\u012br\u012b\u0161anas proced\u016br\u0101m. Pateicoties lielmolekul\u0101rajam prote\u012bnam fibronekt\u012bnam, tiek atjaunota \u0101das aizsargbarjera, palielin\u0101s \u0101das elast\u012bba, tiek sniegts liftinga efekts un saglab\u0101ts mitrums epidermas \u0161\u016bnu l\u012bmen\u012b. Dab\u012bg\u0101 sast\u0101vda\u013ca skval\u0101ns nomierina un baro \u0101du, k\u0101 ar\u012b mazina kairin\u0101jumu.<\/p>\n<p><strong>Lieto\u0161ana:<\/strong> 1. Att\u012briet \u0101du no kosm\u0113tikas. 2. Uzkl\u0101jiet atloc\u012bto masku uz sejas uz 10-15 min\u016bt\u0113m. 3. No\u0146emiet masku un noskalojiet seju ar \u016bdeni. Ja v\u0113laties, maskas paliekas var nenoskalot. 7DAYS DETOX maskas var izmantot gan piln\u0101 tr\u012bs so\u013cu kurs\u0101 maksim\u0101lai \u0101das att\u012br\u012b\u0161anai, gan atsevi\u0161\u0137i.<\/p>\n<p><strong>Piesardz\u012bbas pas\u0101kumi:<\/strong> tikai \u0101r\u012bgai lieto\u0161anai. Neizmantot atk\u0101rtoti. Izvair\u012bties no saskares ar ac\u012bm. Ja nok\u013c\u016bst ac\u012bs, nekav\u0113joties izskalot ar lielu daudzumu \u016bdens un, nepiecie\u0161am\u012bbas gad\u012bjum\u0101, v\u0113rsties p\u0113c medic\u012bniskas pal\u012bdz\u012bbas. Neuzkl\u0101t uz boj\u0101tas \u0101das. Nelietot, ja ir paaugstin\u0101ta jut\u012bba pret k\u0101du no maskas sast\u0101vda\u013c\u0101m. P\u0101rtraukt lieto\u0161anu, ja rodas kairin\u0101jums. Sarg\u0101t no b\u0113rniem. Uzglab\u0101t temperat\u016br\u0101 no +5 &deg;C l\u012bdz +25 &deg;C.<br \/>\n&nbsp;<\/p>\n","protected":false},"excerpt":{"rendered":"<p>Auduma atjaunojo\u0161\u0101 sejas maska ar fibronekt\u012bnu un skval\u0101nu ir 7DAYS DETOX \u0101das att\u012br\u012b\u0161anas kursa tre\u0161ais posms. Maska veicina efekt\u012bvu \u0101das atjauno\u0161anos p\u0113c p\u012blinga un att\u012br\u012b\u0161anas proced\u016br\u0101m. Pateicoties lielmolekul\u0101rajam prote\u012bnam fibronekt\u012bnam, tiek atjaunota \u0101das aizsargbarjera, palielin\u0101s \u0101das elast\u012bba, tiek sniegts liftinga efekts un saglab\u0101ts mitrums epidermas \u0161\u016bnu l\u012bmen\u012b. Dab\u012bg\u0101 sast\u0101vda\u013ca skval\u0101ns nomierina un baro \u0101du, k\u0101 [&#8230;]\n","protected":false},"featured_media":99502,"template":"","meta":[],"product_cat":[1999],"product_tag":[],"class_list":{"0":"post-40333","1":"product","2":"type-product","3":"status-publish","4":"has-post-thumbnail","6":"product_brand-7days_it","7":"product_cat-bez-kategorijas","9":"first","10":"instock","11":"taxable","12":"shipping-taxable","13":"product-type-simple"},"_links":{"self":[{"href":"https:\/\/e.kosmolat.eu\/lv\/wp-json\/wp\/v2\/product\/40333","targetHints":{"allow":["GET"]}}],"collection":[{"href":"https:\/\/e.kosmolat.eu\/lv\/wp-json\/wp\/v2\/product"}],"about":[{"href":"https:\/\/e.kosmolat.eu\/lv\/wp-json\/wp\/v2\/types\/product"}],"wp:featuredmedia":[{"embeddable":true,"href":"https:\/\/e.kosmolat.eu\/lv\/wp-json\/wp\/v2\/media\/99502"}],"wp:attachment":[{"href":"https:\/\/e.kosmolat.eu\/lv\/wp-json\/wp\/v2\/media?parent=40333"}],"wp:term":[{"taxonomy":"product_cat","embeddable":true,"href":"https:\/\/e.kosmolat.eu\/lv\/wp-json\/wp\/v2\/product_cat?post=40333"},{"taxonomy":"product_tag","embeddable":true,"href":"https:\/\/e.kosmolat.eu\/lv\/wp-json\/wp\/v2\/product_tag?post=40333"}],"curies":[{"name":"wp","href":"https:\/\/api.w.org\/{rel}","templated":true}]}}