{"id":40329,"date":"2023-12-23T01:06:11","date_gmt":"2023-12-23T01:06:11","guid":{"rendered":"https:\/\/e.kosmolat.eu\/product\/7d-detox-aud-attir-s-maska-ar-kaolinu-jur-algem-12-g\/"},"modified":"2026-04-21T08:27:31","modified_gmt":"2026-04-21T08:27:31","slug":"7d-detox-aud-attir-s-maska-ar-kaolinu-jur-algem-12-g","status":"publish","type":"product","link":"https:\/\/e.kosmolat.eu\/lv\/product\/7d-detox-aud-attir-s-maska-ar-kaolinu-jur-algem-12-g\/","title":{"rendered":"7D DETOX Aud.att\u012br.s.maska ar kaol\u012bnu, j\u016br.\u0101\u013c\u0123\u0113m, 12 g"},"content":{"rendered":"<p>Auduma att\u012bro\u0161\u0101 sejas maska ar kaol\u012bnu un j\u016bras a\u013c\u0123\u0113m ir 7DAYS DETOX \u0101das att\u012br\u012b\u0161anas kursa otrais posms. Maska att\u012bra poras un sagatavo \u0101du intens\u012bvai mitrin\u0101\u0161anai ar DETOX atjaunojo\u0161o auduma sejas masku ar fibronekt\u012bnu un skval\u0101nu. Pateicoties diviem sast\u0101v\u0101 eso\u0161iem dab\u012bgajiem m\u0101liem &ndash; kaol\u012bnam un montmorilon\u012btam, maskai nodro\u0161ina absorb\u0113jo\u0161u iedarb\u012bbu, efekt\u012bvi savelk poras, c\u012bn\u0101s ar nepiln\u012bb\u0101m, padara \u0101du mat\u0113tu un gludu. J\u016bras a\u013c\u0123u mais\u012bjums darbojas k\u0101 sp\u0113c\u012bgs mitrino\u0161s antioksidants, baro \u0161\u016bnas ar v\u0113rt\u012bgiem mikroelementiem, sniedz liftinga efektu un uzlabo sejas kr\u0101su.<\/p>\n<p><strong>Lieto\u0161ana: <\/strong>1. Att\u012briet \u0101du no kosm\u0113tikas. 2. Uzkl\u0101jiet atloc\u012bto masku uz sejas uz 10-15 min\u016bt\u0113m. 3. No\u0146emiet masku un noskalojiet seju ar \u016bdeni. 7DAYS DETOX maskas var izmantot gan piln\u0101 tr\u012bs so\u013cu kurs\u0101 maksim\u0101lai \u0101das att\u012br\u012b\u0161anai, gan atsevi\u0161\u0137i.<\/p>\n<p><strong>Piesardz\u012bbas pas\u0101kumi:<\/strong> tikai \u0101r\u012bgai lieto\u0161anai. Neizmantot atk\u0101rtoti. Izvair\u012bties no saskares ar ac\u012bm. Ja nok\u013c\u016bst ac\u012bs, nekav\u0113joties izskalot ar lielu daudzumu \u016bdens un, nepiecie\u0161am\u012bbas gad\u012bjum\u0101, v\u0113rsties p\u0113c medic\u012bniskas pal\u012bdz\u012bbas. Neuzkl\u0101t uz boj\u0101tas \u0101das. Nelietot, ja ir paaugstin\u0101ta jut\u012bba pret k\u0101du no maskas sast\u0101vda\u013c\u0101m. P\u0101rtraukt lieto\u0161anu, ja rodas kairin\u0101jums. Sarg\u0101t no b\u0113rniem. Uzglab\u0101t temperat\u016br\u0101 no +5&deg;C l\u012bdz +25&deg;C.<br \/>\n&nbsp;<\/p>\n","protected":false},"excerpt":{"rendered":"<p>Auduma att\u012bro\u0161\u0101 sejas maska ar kaol\u012bnu un j\u016bras a\u013c\u0123\u0113m ir 7DAYS DETOX \u0101das att\u012br\u012b\u0161anas kursa otrais posms. Maska att\u012bra poras un sagatavo \u0101du intens\u012bvai mitrin\u0101\u0161anai ar DETOX atjaunojo\u0161o auduma sejas masku ar fibronekt\u012bnu un skval\u0101nu. Pateicoties diviem sast\u0101v\u0101 eso\u0161iem dab\u012bgajiem m\u0101liem &ndash; kaol\u012bnam un montmorilon\u012btam, maskai nodro\u0161ina absorb\u0113jo\u0161u iedarb\u012bbu, efekt\u012bvi savelk poras, c\u012bn\u0101s ar nepiln\u012bb\u0101m, [&#8230;]\n","protected":false},"featured_media":99184,"template":"","meta":[],"product_cat":[1369],"product_tag":[],"class_list":{"0":"post-40329","1":"product","2":"type-product","3":"status-publish","4":"has-post-thumbnail","6":"product_brand-7days_it","7":"product_cat-veido-kaukes","9":"first","10":"outofstock","11":"taxable","12":"shipping-taxable","13":"product-type-simple"},"_links":{"self":[{"href":"https:\/\/e.kosmolat.eu\/lv\/wp-json\/wp\/v2\/product\/40329","targetHints":{"allow":["GET"]}}],"collection":[{"href":"https:\/\/e.kosmolat.eu\/lv\/wp-json\/wp\/v2\/product"}],"about":[{"href":"https:\/\/e.kosmolat.eu\/lv\/wp-json\/wp\/v2\/types\/product"}],"wp:featuredmedia":[{"embeddable":true,"href":"https:\/\/e.kosmolat.eu\/lv\/wp-json\/wp\/v2\/media\/99184"}],"wp:attachment":[{"href":"https:\/\/e.kosmolat.eu\/lv\/wp-json\/wp\/v2\/media?parent=40329"}],"wp:term":[{"taxonomy":"product_cat","embeddable":true,"href":"https:\/\/e.kosmolat.eu\/lv\/wp-json\/wp\/v2\/product_cat?post=40329"},{"taxonomy":"product_tag","embeddable":true,"href":"https:\/\/e.kosmolat.eu\/lv\/wp-json\/wp\/v2\/product_tag?post=40329"}],"curies":[{"name":"wp","href":"https:\/\/api.w.org\/{rel}","templated":true}]}}