{"id":40325,"date":"2023-12-23T01:05:48","date_gmt":"2023-12-23T01:05:48","guid":{"rendered":"https:\/\/e.kosmolat.eu\/product\/7d-detox-aud-pilinga-s-maska-ar-aha-5-bha-skab-25-g\/"},"modified":"2026-04-11T18:13:04","modified_gmt":"2026-04-11T18:13:04","slug":"i_7d-detox-aud-pilinga-s-maska-ar-aha-5-bha-skab-25-g","status":"publish","type":"product","link":"https:\/\/e.kosmolat.eu\/lv\/product\/i_7d-detox-aud-pilinga-s-maska-ar-aha-5-bha-skab-25-g\/","title":{"rendered":"I_7D DETOX Aud.p\u012blinga s.maska ar AHA (5%) BHA sk\u0101b, 25 g"},"content":{"rendered":"<p>Auduma p\u012blinga sejas maska ar AHA un BHA sk\u0101b\u0113m ir 7DAYS DETOX \u0101das att\u012br\u012b\u0161anas kursa pirmais posms. Maska att\u012bra \u0101du no atmiru\u0161\u0101m \u0161\u016bn\u0101m un sagatavo to n\u0101kamajam posmam ar DETOX att\u012bro\u0161o sejas masku ar kaol\u012bnu un j\u016brasz\u0101l\u0113m. Pateicoties 5% AHA sk\u0101bju koncentr\u0101cijai, maska maigi, vienm\u0113r\u012bgi un netraum\u0113jot \u0101du, m\u012bkstina un no\u0146em atmiru\u0161\u0101s \u0161\u016bnas no epidermas virs\u0113j\u0101s k\u0101rtas, stimul\u0113jot \u0161\u016bnu atjauno\u0161an\u0101s procesus un dab\u012bg\u0101 kolag\u0113na un elast\u012bna izstr\u0101di. Tropu aug\u013cu ekstraktu komplekss sniedz toniz\u0113jo\u0161u efektu, izl\u012bdzinot \u0101das mikrotekst\u016bru un atjaunojot t\u0101s mirdzumu.<\/p>\n<p>Lieto\u0161ana: 1. Att\u012briet \u0101du no kosm\u0113tikas. 2. Uzkl\u0101jiet masku uz 5 min\u016bt\u0113m un v\u0113rojiet \u0101das reakciju. Ja aps\u0101rtums un diskomforts nerodas, atst\u0101jiet masku uz sejas uz 2-3 min\u016bt\u0113m. 3. No\u0146emiet masku un noskalojiet seju ar \u016bdeni. Lai pastiprin\u0101tu p\u012blinga efektu, maskas paliekas var nenoskalot. 7DAYS DETOX maskas var izmantot gan piln\u0101 tr\u012bs so\u013cu kurs\u0101 maksim\u0101lai \u0101das att\u012br\u012b\u0161anai, gan atsevi\u0161\u0137i.<\/p>\n<p><strong>Piesardz\u012bbas pas\u0101kumi:<\/strong> tikai \u0101r\u012bgai lieto\u0161anai. Neizmantot atk\u0101rtoti. Izvair\u012bties no saskares ar ac\u012bm. Ja nok\u013c\u016bst ac\u012bs, nekav\u0113joties izskalot ar lielu daudzumu \u016bdens un, nepiecie\u0161am\u012bbas gad\u012bjum\u0101, v\u0113rsties p\u0113c medic\u012bniskas pal\u012bdz\u012bbas. Neuzkl\u0101t uz boj\u0101tas \u0101das. Nelietot, ja ir paaugstin\u0101ta jut\u012bba pret k\u0101du no maskas sast\u0101vda\u013c\u0101m. P\u0101rtraukt lieto\u0161anu, ja rodas kairin\u0101jums. Sarg\u0101t no b\u0113rniem. Uzglab\u0101t temperat\u016br\u0101 no +5&deg;C l\u012bdz +25&deg;C.<\/p>\n<p>2 dienas p\u0113c maskas lieto\u0161anas ir ieteicams uzkl\u0101t k\u0101du l\u012bdzekli ar SPF pirms do\u0161an\u0101s \u0101r\u0101 un \u0101das pak\u013cau\u0161anas tie\u0161iem saules stariem. Lietojiet auduma masku ne bie\u017e\u0101k par 2 reiz\u0113m ned\u0113\u013c\u0101.<\/p>\n","protected":false},"excerpt":{"rendered":"<p>Auduma p\u012blinga sejas maska ar AHA un BHA sk\u0101b\u0113m ir 7DAYS DETOX \u0101das att\u012br\u012b\u0161anas kursa pirmais posms. Maska att\u012bra \u0101du no atmiru\u0161\u0101m \u0161\u016bn\u0101m un sagatavo to n\u0101kamajam posmam ar DETOX att\u012bro\u0161o sejas masku ar kaol\u012bnu un j\u016brasz\u0101l\u0113m. Pateicoties 5% AHA sk\u0101bju koncentr\u0101cijai, maska maigi, vienm\u0113r\u012bgi un netraum\u0113jot \u0101du, m\u012bkstina un no\u0146em atmiru\u0161\u0101s \u0161\u016bnas no epidermas [&#8230;]\n","protected":false},"featured_media":98539,"template":"","meta":[],"product_cat":[1369],"product_tag":[],"class_list":{"0":"post-40325","1":"product","2":"type-product","3":"status-publish","4":"has-post-thumbnail","6":"product_brand-7days_it","7":"product_cat-veido-kaukes","9":"first","10":"instock","11":"taxable","12":"shipping-taxable","13":"product-type-simple"},"_links":{"self":[{"href":"https:\/\/e.kosmolat.eu\/lv\/wp-json\/wp\/v2\/product\/40325","targetHints":{"allow":["GET"]}}],"collection":[{"href":"https:\/\/e.kosmolat.eu\/lv\/wp-json\/wp\/v2\/product"}],"about":[{"href":"https:\/\/e.kosmolat.eu\/lv\/wp-json\/wp\/v2\/types\/product"}],"wp:featuredmedia":[{"embeddable":true,"href":"https:\/\/e.kosmolat.eu\/lv\/wp-json\/wp\/v2\/media\/98539"}],"wp:attachment":[{"href":"https:\/\/e.kosmolat.eu\/lv\/wp-json\/wp\/v2\/media?parent=40325"}],"wp:term":[{"taxonomy":"product_cat","embeddable":true,"href":"https:\/\/e.kosmolat.eu\/lv\/wp-json\/wp\/v2\/product_cat?post=40325"},{"taxonomy":"product_tag","embeddable":true,"href":"https:\/\/e.kosmolat.eu\/lv\/wp-json\/wp\/v2\/product_tag?post=40325"}],"curies":[{"name":"wp","href":"https:\/\/api.w.org\/{rel}","templated":true}]}}