{"id":40301,"date":"2023-12-23T01:03:04","date_gmt":"2023-12-23T01:03:04","guid":{"rendered":"https:\/\/e.kosmolat.eu\/product\/cl-sejas-skrubis-attiross-aprikozu-kaulini-120-ml\/"},"modified":"2025-05-02T09:27:58","modified_gmt":"2025-05-02T09:27:58","slug":"cl-sejas-skrubis-attiross-aprikozu-kaulini-120-ml","status":"publish","type":"product","link":"https:\/\/e.kosmolat.eu\/lv\/product\/cl-sejas-skrubis-attiross-aprikozu-kaulini-120-ml\/","title":{"rendered":"CL Sejas skrubis Att\u012bro\u0161s Apriko\u017eu kauli\u0146i, 120 ml"},"content":{"rendered":"<p>Satur Nature Plus esenci no 5 ekstraktiem un e\u013c\u013c\u0101m (verbenas ekstrakts, peonijas ekstrakts, mande\u013cu e\u013c\u013ca, lins\u0113klu e\u013c\u013ca, ol\u012bve\u013c\u013ca). Akt\u012bv\u0101s dab\u012bg\u0101s sast\u0101vda\u013cas kopj, m\u012bkstina un toniz\u0113 \u0101du.<\/p>\n<p><strong>Dzi\u013ca att\u012br\u012b\u0161ana: <\/strong>apriko\u017eu kauli\u0146i saudz\u012bgi no\u0146em atmiru\u0161\u0101s \u0101das \u0161\u016bnas, izl\u012bdzina \u0101das virsmu un uzlabo sejas \u0101das kr\u0101su.&nbsp;<\/p>\n<p><strong>Lieto\u0161ana: <\/strong>nelielu daudzumu skrubja uzkl\u0101t uz samitrin\u0101tas sejas un kakla \u0101das, izvairoties no \u0101das ap ac\u012bm. Viegli pamas\u0113t \u0101du 2-3 min\u016btes. Nomazg\u0101t skrubi ar siltu \u016bdeni. Ieteicams izmantot 1-2 reizes ned\u0113\u013c\u0101. Nelietot p\u0101rtik\u0101.&nbsp;<\/p>\n<p>Uzglab\u0101t temperat\u016br\u0101 no 0 &deg;C l\u012bdz +25 &deg;C.<\/p>\n<p><strong>Der\u012bguma termi\u0146\u0161: <\/strong>36 m\u0113ne\u0161i no izgatavo\u0161anas datuma.<br \/>\n&nbsp;<\/p>\n","protected":false},"excerpt":{"rendered":"<p>Satur Nature Plus esenci no 5 ekstraktiem un e\u013c\u013c\u0101m (verbenas ekstrakts, peonijas ekstrakts, mande\u013cu e\u013c\u013ca, lins\u0113klu e\u013c\u013ca, ol\u012bve\u013c\u013ca). Akt\u012bv\u0101s dab\u012bg\u0101s sast\u0101vda\u013cas kopj, m\u012bkstina un toniz\u0113 \u0101du. Dzi\u013ca att\u012br\u012b\u0161ana: apriko\u017eu kauli\u0146i saudz\u012bgi no\u0146em atmiru\u0161\u0101s \u0101das \u0161\u016bnas, izl\u012bdzina \u0101das virsmu un uzlabo sejas \u0101das kr\u0101su.&nbsp; Lieto\u0161ana: nelielu daudzumu skrubja uzkl\u0101t uz samitrin\u0101tas sejas un kakla \u0101das, izvairoties [&#8230;]\n","protected":false},"featured_media":11889,"template":"","meta":[],"product_cat":[1396],"product_tag":[],"class_list":{"0":"post-40301","1":"product","2":"type-product","3":"status-publish","4":"has-post-thumbnail","6":"product_brand-unilever-ua","7":"product_cat-veido-sveitikliai-ir-pilingai","9":"first","10":"outofstock","11":"taxable","12":"shipping-taxable","13":"product-type-simple"},"_links":{"self":[{"href":"https:\/\/e.kosmolat.eu\/lv\/wp-json\/wp\/v2\/product\/40301","targetHints":{"allow":["GET"]}}],"collection":[{"href":"https:\/\/e.kosmolat.eu\/lv\/wp-json\/wp\/v2\/product"}],"about":[{"href":"https:\/\/e.kosmolat.eu\/lv\/wp-json\/wp\/v2\/types\/product"}],"wp:featuredmedia":[{"embeddable":true,"href":"https:\/\/e.kosmolat.eu\/lv\/wp-json\/wp\/v2\/media\/11889"}],"wp:attachment":[{"href":"https:\/\/e.kosmolat.eu\/lv\/wp-json\/wp\/v2\/media?parent=40301"}],"wp:term":[{"taxonomy":"product_cat","embeddable":true,"href":"https:\/\/e.kosmolat.eu\/lv\/wp-json\/wp\/v2\/product_cat?post=40301"},{"taxonomy":"product_tag","embeddable":true,"href":"https:\/\/e.kosmolat.eu\/lv\/wp-json\/wp\/v2\/product_tag?post=40301"}],"curies":[{"name":"wp","href":"https:\/\/api.w.org\/{rel}","templated":true}]}}