{"id":40289,"date":"2023-12-23T01:01:39","date_gmt":"2023-12-23T01:01:39","guid":{"rendered":"https:\/\/e.kosmolat.eu\/product\/i_bio-naturell-vitaminu-sampuns-kumelite-1-l\/"},"modified":"2025-07-08T14:51:40","modified_gmt":"2025-07-08T14:51:40","slug":"i_bio-naturell-vitaminu-sampuns-kumelite-1-l","status":"publish","type":"product","link":"https:\/\/e.kosmolat.eu\/lv\/product\/i_bio-naturell-vitaminu-sampuns-kumelite-1-l\/","title":{"rendered":"I_Bio Naturell  Vitam\u012bnu \u0161amp\u016bns Kumel\u012bte, 1 l"},"content":{"rendered":"<p>&Scaron;amp\u016bns ar l\u012bdzsvaroto pH l\u012bmeni maigi att\u012bra matus un galvas \u0101du. Vitam\u012bnu komplekss un kumel\u012b\u0161u ekstrakts padara matus stiprus un veicina to aug\u0161anu. Kumel\u012b\u0161u ekstrakts satur vair\u0101kas v\u0113rt\u012bg\u0101s vielas, tostarp hamazul\u0113nu un bisabololu, kas labv\u0113l\u012bgi iedarbojas uz galvas \u0101du. P\u0113c mazg\u0101\u0161anas mati atg\u016bst koptu izskatu un vesel\u012bgu sp\u012bdumu. Piem\u0113rots ikdienas lieto\u0161anai. 96% dabiskas izcelsmes sast\u0101vda\u013cu. Veg\u0101nisks produkts.<\/p>\n<p><strong>Lieto\u0161ana: <\/strong>uzkl\u0101t nepiecie\u0161amo \u0161amp\u016bna daudzumu uz mitriem matiem, saputot, izskalot ar \u016bdeni. Ja nepiecie\u0161ams, atk\u0101rtot proced\u016bru.&nbsp;<\/p>\n<p><strong>Piesardz\u012bbas pas\u0101kumi:<\/strong> ja iek\u013c\u016bst ac\u012bs, izskalot ar \u016bdeni. Iesp\u0113jama paaugstin\u0101ta individu\u0101l\u0101 jut\u012bba pret atsevi\u0161\u0137\u0101m sast\u0101vda\u013c\u0101m.<\/p>\n<p>Uzglab\u0101t temperat\u016br\u0101 no +5 &deg;\u0421 l\u012bdz +25 &deg;\u0421.<br \/>\n&nbsp;<\/p>\n","protected":false},"excerpt":{"rendered":"<p>&Scaron;amp\u016bns ar l\u012bdzsvaroto pH l\u012bmeni maigi att\u012bra matus un galvas \u0101du. Vitam\u012bnu komplekss un kumel\u012b\u0161u ekstrakts padara matus stiprus un veicina to aug\u0161anu. Kumel\u012b\u0161u ekstrakts satur vair\u0101kas v\u0113rt\u012bg\u0101s vielas, tostarp hamazul\u0113nu un bisabololu, kas labv\u0113l\u012bgi iedarbojas uz galvas \u0101du. P\u0113c mazg\u0101\u0161anas mati atg\u016bst koptu izskatu un vesel\u012bgu sp\u012bdumu. Piem\u0113rots ikdienas lieto\u0161anai. 96% dabiskas izcelsmes sast\u0101vda\u013cu. [&#8230;]\n","protected":false},"featured_media":11865,"template":"","meta":[],"product_cat":[1248],"product_tag":[],"class_list":{"0":"post-40289","1":"product","2":"type-product","3":"status-publish","4":"has-post-thumbnail","6":"product_brand-elfa_ua","7":"product_cat-sampuni","9":"first","10":"outofstock","11":"taxable","12":"shipping-taxable","13":"product-type-simple"},"_links":{"self":[{"href":"https:\/\/e.kosmolat.eu\/lv\/wp-json\/wp\/v2\/product\/40289","targetHints":{"allow":["GET"]}}],"collection":[{"href":"https:\/\/e.kosmolat.eu\/lv\/wp-json\/wp\/v2\/product"}],"about":[{"href":"https:\/\/e.kosmolat.eu\/lv\/wp-json\/wp\/v2\/types\/product"}],"wp:featuredmedia":[{"embeddable":true,"href":"https:\/\/e.kosmolat.eu\/lv\/wp-json\/wp\/v2\/media\/11865"}],"wp:attachment":[{"href":"https:\/\/e.kosmolat.eu\/lv\/wp-json\/wp\/v2\/media?parent=40289"}],"wp:term":[{"taxonomy":"product_cat","embeddable":true,"href":"https:\/\/e.kosmolat.eu\/lv\/wp-json\/wp\/v2\/product_cat?post=40289"},{"taxonomy":"product_tag","embeddable":true,"href":"https:\/\/e.kosmolat.eu\/lv\/wp-json\/wp\/v2\/product_tag?post=40289"}],"curies":[{"name":"wp","href":"https:\/\/api.w.org\/{rel}","templated":true}]}}