{"id":40285,"date":"2023-12-23T01:01:07","date_gmt":"2023-12-23T01:01:07","guid":{"rendered":"https:\/\/e.kosmolat.eu\/product\/elskin-aud-sej-maska-kokteilis-zalais-mikss-23-ml\/"},"modified":"2025-06-30T11:53:25","modified_gmt":"2025-06-30T11:53:25","slug":"i_elskin-aud-sej-maska-kokteilis-zalais-mikss-23-ml","status":"publish","type":"product","link":"https:\/\/e.kosmolat.eu\/lv\/product\/i_elskin-aud-sej-maska-kokteilis-zalais-mikss-23-ml\/","title":{"rendered":"I_El&#8217;Skin Aud.sej.maska-kokteilis &#8220;Za\u013cais mikss&#8221;, 23 ml"},"content":{"rendered":"<p>Maska-kokteilis &ldquo;za\u013cais mikss&rdquo; ir SOS l\u012bdzeklis visiem dz\u012bves gad\u012bjumiem. Maska pal\u012bdz\u0113s atjaunot zaud\u0113to ener\u0123iju, barot, m\u012bkstin\u0101t, mitrin\u0101t un papildin\u0101t j\u016bsu \u0101das vitam\u012bnu kr\u0101jumus.<\/p>\n<ul>\n<li>Avokado ekstrakts baro, m\u012bkstina un pasarg\u0101 \u0101du no mitruma zuduma, padarot to maigu un elast\u012bgu, k\u0101 ar\u012b pies\u0101tina ar vitam\u012bniem, d\u0101v\u0101jot vesel\u012bgu izskatu.<\/li>\n<li>Broko\u013cu ekstrakts ir lielisks DETOX komponents, kas uzlabo \u0101das dabisko aizsargfunkciju, uzlabo&nbsp;\u0101das elast\u012bbu un tvirtumu, regul\u0113 sebuma izstr\u0101di, c\u012bn\u0101s ar pinn\u0113m.<\/li>\n<li>Kolr\u0101bja ekstrakts nodro\u0161ina mitrin\u0101\u0161anu, mazina taukaino sp\u012bdumu, izgaismo pigmenta plankumus, izl\u012bdzina \u0101das toni.<\/li>\n<li>Gur\u0137a ekstrakts atsvaidzina un m\u012bkstina \u0101du, mazina postakne p\u0113das, mazina piet\u016bkumu, nodro\u0161inot sp\u0113c\u012bgu antioksidantu darb\u012bbu.<\/li>\n<\/ul>\n<p><strong>Lieto\u0161ana:<\/strong> uzkl\u0101jiet masku uz att\u012br\u012btas sejas \u0101das, atst\u0101jiet uz 15-20 min\u016bt\u0113m, p\u0113c tam no\u0146emiet. Ar pirkstu galiem maigi paplik\u0161\u0137iniet \u0101du, l\u012bdz akt\u012bv\u0101 seruma paliekas uzs\u016bcas \u0101d\u0101. Nav nepiecie\u0161ams noskalot.<\/p>\n<p><strong>Piesardz\u012bbas pas\u0101kumi: <\/strong>1) Nelietot uz boj\u0101tas, iekaisu\u0161as un saul\u0113 apdegu\u0161as \u0101das. Nelietot p\u016bt\u012b\u0161u \u0101rst\u0113\u0161anai. 2) Nelietot masku, ja ir paaugstin\u0101ta jut\u012bba pret k\u0101du no maskas sast\u0101vda\u013c\u0101m. Ja lieto\u0161anas laik\u0101 par\u0101d\u0101s \u0101das aps\u0101rtums vai kairin\u0101jums, p\u0101rtrauciet lieto\u0161anu un konsult\u0113jieties ar \u0101rstu. 3) Izvairieties no saskares ar ac\u012bm. Ja iek\u013c\u016bst ac\u012bs, r\u016bp\u012bgi noskalojiet ar \u016bdeni. Tikai \u0101r\u012bgai lieto\u0161anai. Nenor\u012bt! Uzglab\u0101t b\u0113rniem nepieejam\u0101 viet\u0101, temperat\u016br\u0101 no 0 &deg;C l\u012bdz 25 &deg;C. 4) Sarg\u0101t no tie\u0161iem saules stariem.<\/p>\n<p><strong>Der\u012bguma termi\u0146\u0161:<\/strong> 3 gadi no izgatavo\u0161anas datuma.<br \/>\n&nbsp;<\/p>\n","protected":false},"excerpt":{"rendered":"<p>Maska-kokteilis &ldquo;za\u013cais mikss&rdquo; ir SOS l\u012bdzeklis visiem dz\u012bves gad\u012bjumiem. Maska pal\u012bdz\u0113s atjaunot zaud\u0113to ener\u0123iju, barot, m\u012bkstin\u0101t, mitrin\u0101t un papildin\u0101t j\u016bsu \u0101das vitam\u012bnu kr\u0101jumus. Avokado ekstrakts baro, m\u012bkstina un pasarg\u0101 \u0101du no mitruma zuduma, padarot to maigu un elast\u012bgu, k\u0101 ar\u012b pies\u0101tina ar vitam\u012bniem, d\u0101v\u0101jot vesel\u012bgu izskatu. Broko\u013cu ekstrakts ir lielisks DETOX komponents, kas uzlabo \u0101das [&#8230;]\n","protected":false},"featured_media":13001,"template":"","meta":[],"product_cat":[1999],"product_tag":[],"class_list":{"0":"post-40285","1":"product","2":"type-product","3":"status-publish","4":"has-post-thumbnail","6":"product_brand-skinlite","7":"product_cat-bez-kategorijas","9":"first","10":"outofstock","11":"taxable","12":"shipping-taxable","13":"product-type-simple"},"_links":{"self":[{"href":"https:\/\/e.kosmolat.eu\/lv\/wp-json\/wp\/v2\/product\/40285","targetHints":{"allow":["GET"]}}],"collection":[{"href":"https:\/\/e.kosmolat.eu\/lv\/wp-json\/wp\/v2\/product"}],"about":[{"href":"https:\/\/e.kosmolat.eu\/lv\/wp-json\/wp\/v2\/types\/product"}],"wp:featuredmedia":[{"embeddable":true,"href":"https:\/\/e.kosmolat.eu\/lv\/wp-json\/wp\/v2\/media\/13001"}],"wp:attachment":[{"href":"https:\/\/e.kosmolat.eu\/lv\/wp-json\/wp\/v2\/media?parent=40285"}],"wp:term":[{"taxonomy":"product_cat","embeddable":true,"href":"https:\/\/e.kosmolat.eu\/lv\/wp-json\/wp\/v2\/product_cat?post=40285"},{"taxonomy":"product_tag","embeddable":true,"href":"https:\/\/e.kosmolat.eu\/lv\/wp-json\/wp\/v2\/product_tag?post=40285"}],"curies":[{"name":"wp","href":"https:\/\/api.w.org\/{rel}","templated":true}]}}