{"id":40281,"date":"2023-12-23T01:00:39","date_gmt":"2023-12-23T01:00:39","guid":{"rendered":"https:\/\/e.kosmolat.eu\/product\/elskin-aud-sej-maska-kokteilis-violet-mikss-23-ml\/"},"modified":"2026-04-07T15:04:46","modified_gmt":"2026-04-07T15:04:46","slug":"elskin-aud-sej-maska-kokteilis-violet-mikss-23-ml","status":"publish","type":"product","link":"https:\/\/e.kosmolat.eu\/lv\/product\/elskin-aud-sej-maska-kokteilis-violet-mikss-23-ml\/","title":{"rendered":"El&#8217;Skin Aud.sej.maska-kokteilis &#8220;Violet.mikss&#8221;, 23 ml"},"content":{"rendered":"<p>Maska-kokteilis &ldquo;violetais mikss&rdquo; ir \u012bsts gl\u0101bi\u0146\u0161 lielpils\u0113tu iedz\u012bvot\u0101jiem! Sp\u0113c\u012bg\u0101kais super\u0113dienu ekstraktu komplekss pagl\u0101bs j\u016bsu \u0101du no ikdienas stresa, acumirkl\u012b piepild\u012bs to ar vitam\u012bniem, pie\u0161\u0137irs ener\u0123iju, man\u0101mi mitrin\u0101s un atjaunos \u0101du.<\/p>\n<ul>\n<li>Mellenes ekstrakts regul\u0113 \u0101das \u016bdens l\u012bdzsvaru, toniz\u0113 un uzlabo elast\u012bbu, kav\u0113jot \u0101das noveco\u0161anos.<\/li>\n<li>V\u012bnogu ekstrakts ir vissp\u0113c\u012bg\u0101kais dabiskais antioksidants un pretnoveco\u0161an\u0101s l\u012bdzeklis, kas stimul\u0113 \u0161\u016bnu atjauno\u0161anos un kolag\u0113na sint\u0113zi.<\/li>\n<li>Kazenes ekstrakts mitrina, m\u012bkstina, nomierina iekaisumus, regul\u0113 sebuma izstr\u0101di, padara \u0101du gludu un mat\u0113tu.<\/li>\n<li>Akai ogu ekstrakts nodro\u0161ina \u0101das baro\u0161anu, mazina lob\u012b\u0161anos, pastiprina \u0101das aizsargfunkcijas, sniedz liftinga efektu.<\/li>\n<\/ul>\n<p><strong>Lieto\u0161ana: <\/strong>uzkl\u0101jiet masku uz att\u012br\u012btas sejas \u0101das, atst\u0101jiet uz 15-20 min\u016bt\u0113m, p\u0113c tam no\u0146emiet. Ar pirkstu galiem maigi paplik\u0161\u0137iniet \u0101du, l\u012bdz akt\u012bv\u0101 seruma paliekas uzs\u016bcas \u0101d\u0101. Nav nepiecie\u0161ams noskalot.<\/p>\n<p><strong>Piesardz\u012bbas pas\u0101kumi:<\/strong> 1) Nelietot uz boj\u0101tas, iekaisu\u0161as un saul\u0113 apdegu\u0161as \u0101das. Nelietot p\u016bt\u012b\u0161u \u0101rst\u0113\u0161anai. 2) Nelietot masku, ja ir paaugstin\u0101ta jut\u012bba pret k\u0101du no maskas sast\u0101vda\u013c\u0101m. Ja lieto\u0161anas laik\u0101 par\u0101d\u0101s \u0101das aps\u0101rtums vai kairin\u0101jums, p\u0101rtrauciet lieto\u0161anu un konsult\u0113jieties ar \u0101rstu.&nbsp;3) Izvairieties no saskares ar ac\u012bm. Ja iek\u013c\u016bst ac\u012bs, r\u016bp\u012bgi noskalojiet ar \u016bdeni. Tikai \u0101r\u012bgai lieto\u0161anai. Nenor\u012bt! Uzglab\u0101t b\u0113rniem nepieejam\u0101 viet\u0101, temperat\u016br\u0101 no 0 &deg;C l\u012bdz 25 &deg;C. 4) Sarg\u0101t no tie\u0161iem saules stariem.<\/p>\n<p><strong>Der\u012bguma termi\u0146\u0161:<\/strong> 3 gadi no izgatavo\u0161anas datuma.<br \/>\n&nbsp;<\/p>\n","protected":false},"excerpt":{"rendered":"<p>Maska-kokteilis &ldquo;violetais mikss&rdquo; ir \u012bsts gl\u0101bi\u0146\u0161 lielpils\u0113tu iedz\u012bvot\u0101jiem! Sp\u0113c\u012bg\u0101kais super\u0113dienu ekstraktu komplekss pagl\u0101bs j\u016bsu \u0101du no ikdienas stresa, acumirkl\u012b piepild\u012bs to ar vitam\u012bniem, pie\u0161\u0137irs ener\u0123iju, man\u0101mi mitrin\u0101s un atjaunos \u0101du. Mellenes ekstrakts regul\u0113 \u0101das \u016bdens l\u012bdzsvaru, toniz\u0113 un uzlabo elast\u012bbu, kav\u0113jot \u0101das noveco\u0161anos. V\u012bnogu ekstrakts ir vissp\u0113c\u012bg\u0101kais dabiskais antioksidants un pretnoveco\u0161an\u0101s l\u012bdzeklis, kas stimul\u0113 \u0161\u016bnu [&#8230;]\n","protected":false},"featured_media":98896,"template":"","meta":[],"product_cat":[1367],"product_tag":[],"class_list":{"0":"post-40281","1":"product","2":"type-product","3":"status-publish","4":"has-post-thumbnail","6":"product_brand-skinlite","7":"product_cat-sejas-maskas","9":"first","10":"instock","11":"taxable","12":"shipping-taxable","13":"product-type-simple"},"_links":{"self":[{"href":"https:\/\/e.kosmolat.eu\/lv\/wp-json\/wp\/v2\/product\/40281","targetHints":{"allow":["GET"]}}],"collection":[{"href":"https:\/\/e.kosmolat.eu\/lv\/wp-json\/wp\/v2\/product"}],"about":[{"href":"https:\/\/e.kosmolat.eu\/lv\/wp-json\/wp\/v2\/types\/product"}],"wp:featuredmedia":[{"embeddable":true,"href":"https:\/\/e.kosmolat.eu\/lv\/wp-json\/wp\/v2\/media\/98896"}],"wp:attachment":[{"href":"https:\/\/e.kosmolat.eu\/lv\/wp-json\/wp\/v2\/media?parent=40281"}],"wp:term":[{"taxonomy":"product_cat","embeddable":true,"href":"https:\/\/e.kosmolat.eu\/lv\/wp-json\/wp\/v2\/product_cat?post=40281"},{"taxonomy":"product_tag","embeddable":true,"href":"https:\/\/e.kosmolat.eu\/lv\/wp-json\/wp\/v2\/product_tag?post=40281"}],"curies":[{"name":"wp","href":"https:\/\/api.w.org\/{rel}","templated":true}]}}