{"id":40277,"date":"2023-12-23T01:00:05","date_gmt":"2023-12-23T01:00:05","guid":{"rendered":"https:\/\/e.kosmolat.eu\/product\/elskin-aud-sej-maska-kokteilis-sark-mikss-23-ml\/"},"modified":"2025-06-30T11:52:52","modified_gmt":"2025-06-30T11:52:52","slug":"i_elskin-aud-sej-maska-kokteilis-sark-mikss-23-ml","status":"publish","type":"product","link":"https:\/\/e.kosmolat.eu\/lv\/product\/i_elskin-aud-sej-maska-kokteilis-sark-mikss-23-ml\/","title":{"rendered":"I_El&#8217;Skin Aud.sej.maska-kokteilis &#8220;Sark.mikss&#8221;, 23 ml"},"content":{"rendered":"<p>Maska-kokteilis &ldquo;sarkanais mikss&rdquo; ir \u012bsts \u0101das jaun\u012bbas un vesel\u012bbas eliks\u012brs. Acumirkl\u012b sniedz svaiguma saj\u016btu un atjauno dabisku un vesel\u012bgu sejas kr\u0101su, mitrina un d\u0101v\u0101 \u0101dai ener\u0123iju.<\/p>\n<ul>\n<li>Gran\u0101t\u0101bola ekstrakts ir sp\u0113c\u012bgs antioksidants, kas efekt\u012bvi mitrina, izl\u012bdzina grumbas un \u0101das tekst\u016bru, pie\u0161\u0137irot tai vesel\u012bgu un svaigu izskatu.<\/li>\n<li>Zemenes ekstrakts att\u012bra \u0101du, c\u012bn\u0101s ar pinn\u0113m, savelk poras, padara \u0101du gai\u0161\u0101ku un izvada toks\u012bnus.<\/li>\n<li>Bietes ekstraktam piem\u012bt antioksidanta iedarb\u012bba, tas uzlabo \u0101das st\u0101vokli, baro \u0101du, pateicoties A, B, C, PP vitam\u012bniem, neitraliz\u0113 br\u012bvos radik\u0101\u013cus.<\/li>\n<li>God\u017ei ogu ekstrakts att\u012bra, atjauno, izl\u012bdzina, m\u012bkstina \u0101du, palielina t\u0101s elast\u012bbu, mazina piet\u016bkumu un atjauno vesel\u012bgu sejas kr\u0101su.<\/li>\n<\/ul>\n<p><strong>Lieto\u0161ana: <\/strong>uzkl\u0101jiet masku uz att\u012br\u012btas sejas \u0101das, atst\u0101jiet uz 15-20 min\u016bt\u0113m, p\u0113c tam no\u0146emiet. Ar pirkstu galiem maigi paplik\u0161\u0137iniet \u0101du, l\u012bdz akt\u012bv\u0101 seruma paliekas uzs\u016bcas \u0101d\u0101. Nav nepiecie\u0161ams noskalot.<\/p>\n<p><strong>Piesardz\u012bbas pas\u0101kumi:<\/strong> 1) Nelietot uz boj\u0101tas, iekaisu\u0161as un saul\u0113 apdegu\u0161as \u0101das. Nelietot p\u016bt\u012b\u0161u \u0101rst\u0113\u0161anai. 2) Nelietot masku, ja ir paaugstin\u0101ta jut\u012bba pret k\u0101du no maskas sast\u0101vda\u013c\u0101m. Ja lieto\u0161anas laik\u0101 par\u0101d\u0101s \u0101das aps\u0101rtums vai kairin\u0101jums, p\u0101rtrauciet lieto\u0161anu un konsult\u0113jieties ar \u0101rstu.&nbsp;3) Izvairieties no saskares ar ac\u012bm. Ja iek\u013c\u016bst ac\u012bs, r\u016bp\u012bgi noskalojiet ar \u016bdeni. Tikai \u0101r\u012bgai lieto\u0161anai. Nenor\u012bt! Uzglab\u0101t b\u0113rniem nepieejam\u0101 viet\u0101, temperat\u016br\u0101 no 0&deg;C l\u012bdz 25&deg;C. 4) Sarg\u0101t no tie\u0161iem saules stariem.<\/p>\n<p><strong>Der\u012bguma termi\u0146\u0161: <\/strong>3 gadi no izgatavo\u0161anas datuma.<br \/>\n&nbsp;<\/p>\n","protected":false},"excerpt":{"rendered":"<p>Maska-kokteilis &ldquo;sarkanais mikss&rdquo; ir \u012bsts \u0101das jaun\u012bbas un vesel\u012bbas eliks\u012brs. Acumirkl\u012b sniedz svaiguma saj\u016btu un atjauno dabisku un vesel\u012bgu sejas kr\u0101su, mitrina un d\u0101v\u0101 \u0101dai ener\u0123iju. Gran\u0101t\u0101bola ekstrakts ir sp\u0113c\u012bgs antioksidants, kas efekt\u012bvi mitrina, izl\u012bdzina grumbas un \u0101das tekst\u016bru, pie\u0161\u0137irot tai vesel\u012bgu un svaigu izskatu. Zemenes ekstrakts att\u012bra \u0101du, c\u012bn\u0101s ar pinn\u0113m, savelk poras, padara [&#8230;]\n","protected":false},"featured_media":11849,"template":"","meta":[],"product_cat":[1999],"product_tag":[],"class_list":{"0":"post-40277","1":"product","2":"type-product","3":"status-publish","4":"has-post-thumbnail","6":"product_brand-skinlite","7":"product_cat-bez-kategorijas","9":"first","10":"outofstock","11":"taxable","12":"shipping-taxable","13":"product-type-simple"},"_links":{"self":[{"href":"https:\/\/e.kosmolat.eu\/lv\/wp-json\/wp\/v2\/product\/40277","targetHints":{"allow":["GET"]}}],"collection":[{"href":"https:\/\/e.kosmolat.eu\/lv\/wp-json\/wp\/v2\/product"}],"about":[{"href":"https:\/\/e.kosmolat.eu\/lv\/wp-json\/wp\/v2\/types\/product"}],"wp:featuredmedia":[{"embeddable":true,"href":"https:\/\/e.kosmolat.eu\/lv\/wp-json\/wp\/v2\/media\/11849"}],"wp:attachment":[{"href":"https:\/\/e.kosmolat.eu\/lv\/wp-json\/wp\/v2\/media?parent=40277"}],"wp:term":[{"taxonomy":"product_cat","embeddable":true,"href":"https:\/\/e.kosmolat.eu\/lv\/wp-json\/wp\/v2\/product_cat?post=40277"},{"taxonomy":"product_tag","embeddable":true,"href":"https:\/\/e.kosmolat.eu\/lv\/wp-json\/wp\/v2\/product_tag?post=40277"}],"curies":[{"name":"wp","href":"https:\/\/api.w.org\/{rel}","templated":true}]}}