{"id":40273,"date":"2023-12-23T00:59:28","date_gmt":"2023-12-23T00:59:28","guid":{"rendered":"https:\/\/e.kosmolat.eu\/product\/elskin-aud-sej-maska-kokteilis-oranz-mikss-23-ml\/"},"modified":"2025-06-30T11:52:34","modified_gmt":"2025-06-30T11:52:34","slug":"i_elskin-aud-sej-maska-kokteilis-oranz-mikss-23-ml","status":"publish","type":"product","link":"https:\/\/e.kosmolat.eu\/lv\/product\/i_elskin-aud-sej-maska-kokteilis-oranz-mikss-23-ml\/","title":{"rendered":"I_El&#8217;Skin Aud.sej.maska-kokteilis &#8220;Oran\u017e.mikss&#8221;, 23 ml"},"content":{"rendered":"<p>Maska-kokteilis &ldquo;oran\u017eais mikss&rdquo; vien da\u017eu min\u016b\u0161u laik\u0101 pies\u0101tin\u0101s j\u016bsu \u0101du ar visv\u0113rt\u012bg\u0101kaj\u0101m barojo\u0161aj\u0101m tauksk\u0101b\u0113m, miner\u0101lviel\u0101m, vitam\u012bniem un antioksidantiem, k\u0101 ar\u012b efekt\u012bvi nov\u0113rs\u012bs noveco\u0161an\u0101s un noguruma paz\u012bmes.<\/p>\n<ul>\n<li>Aprikozes ekstrakts baro, m\u012bkstina un att\u012bra \u0101du, padara to samtainu, uzlabo tvirtumu un elast\u012bbu.<\/li>\n<li>Smilts\u0113rk\u0161\u0137u ekstrakts nomierina, mazina \u0101das lob\u012b\u0161anos, izl\u012bdzina sejas reljefu, papildina vitam\u012bnu un mikroelementu kr\u0101jumus, pies\u0101tina ar antioksidantiem.<\/li>\n<li>Burk\u0101nu ekstrakts atjauno, toniz\u0113 \u0101du, c\u012bn\u0101s ar br\u012bvajiem radik\u0101\u013ciem, uzlabo \u0101das aizsargfunkciju, pie\u0161\u0137ir vesel\u012bgu mirdzumu.<\/li>\n<li>\u0136irbja ekstrakts nov\u0113r\u0161 \u0101das sausumu un bl\u0101vumu, mazina pigment\u0101ciju, nodro\u0161ina aizsarg\u0101jo\u0161u darb\u012bbu.<\/li>\n<\/ul>\n<p><strong>Lieto\u0161ana: <\/strong>uzkl\u0101jiet masku uz att\u012br\u012btas sejas \u0101das, atst\u0101jiet uz 15-20 min\u016bt\u0113m, p\u0113c tam no\u0146emiet. Ar pirkstu galiem maigi paplik\u0161\u0137iniet \u0101du, l\u012bdz akt\u012bv\u0101 seruma paliekas uzs\u016bcas \u0101d\u0101. Nav nepiecie\u0161ams noskalot.<\/p>\n<p><strong>Piesardz\u012bbas pas\u0101kumi:<\/strong> 1) Nelietot uz boj\u0101tas, iekaisu\u0161as un saul\u0113 apdegu\u0161as \u0101das. Nelietot p\u016bt\u012b\u0161u \u0101rst\u0113\u0161anai. 2) Nelietot masku, ja ir paaugstin\u0101ta jut\u012bba pret k\u0101du no maskas sast\u0101vda\u013c\u0101m. Ja lieto\u0161anas laik\u0101 par\u0101d\u0101s \u0101das aps\u0101rtums vai kairin\u0101jums, p\u0101rtrauciet lieto\u0161anu un konsult\u0113jieties ar \u0101rstu. 3) Izvairieties no saskares ar ac\u012bm. Ja iek\u013c\u016bst ac\u012bs, r\u016bp\u012bgi noskalojiet ar \u016bdeni. Tikai \u0101r\u012bgai lieto\u0161anai. Nenor\u012bt! Uzglab\u0101t b\u0113rniem nepieejam\u0101 viet\u0101, temperat\u016br\u0101 no 0 &deg;C l\u012bdz 25 &deg;C. 4) Sarg\u0101t no tie\u0161iem saules stariem.<\/p>\n<p><strong>Der\u012bguma termi\u0146\u0161:<\/strong> 3 gadi no izgatavo\u0161anas datuma.<br \/>\n&nbsp;<\/p>\n","protected":false},"excerpt":{"rendered":"<p>Maska-kokteilis &ldquo;oran\u017eais mikss&rdquo; vien da\u017eu min\u016b\u0161u laik\u0101 pies\u0101tin\u0101s j\u016bsu \u0101du ar visv\u0113rt\u012bg\u0101kaj\u0101m barojo\u0161aj\u0101m tauksk\u0101b\u0113m, miner\u0101lviel\u0101m, vitam\u012bniem un antioksidantiem, k\u0101 ar\u012b efekt\u012bvi nov\u0113rs\u012bs noveco\u0161an\u0101s un noguruma paz\u012bmes. Aprikozes ekstrakts baro, m\u012bkstina un att\u012bra \u0101du, padara to samtainu, uzlabo tvirtumu un elast\u012bbu. Smilts\u0113rk\u0161\u0137u ekstrakts nomierina, mazina \u0101das lob\u012b\u0161anos, izl\u012bdzina sejas reljefu, papildina vitam\u012bnu un mikroelementu kr\u0101jumus, pies\u0101tina [&#8230;]\n","protected":false},"featured_media":11841,"template":"","meta":[],"product_cat":[1999],"product_tag":[],"class_list":{"0":"post-40273","1":"product","2":"type-product","3":"status-publish","4":"has-post-thumbnail","6":"product_brand-skinlite","7":"product_cat-bez-kategorijas","9":"first","10":"outofstock","11":"taxable","12":"shipping-taxable","13":"product-type-simple"},"_links":{"self":[{"href":"https:\/\/e.kosmolat.eu\/lv\/wp-json\/wp\/v2\/product\/40273","targetHints":{"allow":["GET"]}}],"collection":[{"href":"https:\/\/e.kosmolat.eu\/lv\/wp-json\/wp\/v2\/product"}],"about":[{"href":"https:\/\/e.kosmolat.eu\/lv\/wp-json\/wp\/v2\/types\/product"}],"wp:featuredmedia":[{"embeddable":true,"href":"https:\/\/e.kosmolat.eu\/lv\/wp-json\/wp\/v2\/media\/11841"}],"wp:attachment":[{"href":"https:\/\/e.kosmolat.eu\/lv\/wp-json\/wp\/v2\/media?parent=40273"}],"wp:term":[{"taxonomy":"product_cat","embeddable":true,"href":"https:\/\/e.kosmolat.eu\/lv\/wp-json\/wp\/v2\/product_cat?post=40273"},{"taxonomy":"product_tag","embeddable":true,"href":"https:\/\/e.kosmolat.eu\/lv\/wp-json\/wp\/v2\/product_tag?post=40273"}],"curies":[{"name":"wp","href":"https:\/\/api.w.org\/{rel}","templated":true}]}}