{"id":40269,"date":"2023-12-23T00:59:00","date_gmt":"2023-12-23T00:59:00","guid":{"rendered":"https:\/\/e.kosmolat.eu\/product\/elskin-aud-sej-maska-kokteilis-dzelten-mikss-23-ml\/"},"modified":"2025-06-30T11:52:15","modified_gmt":"2025-06-30T11:52:15","slug":"i_elskin-aud-sej-maska-kokteilis-dzelten-mikss-23-ml","status":"publish","type":"product","link":"https:\/\/e.kosmolat.eu\/lv\/product\/i_elskin-aud-sej-maska-kokteilis-dzelten-mikss-23-ml\/","title":{"rendered":"I_El&#8217;Skin Aud.sej.maska-kokteilis &#8220;Dzelten.mikss&#8221;, 23 ml"},"content":{"rendered":"<p>Maska-kokteilis &ldquo;dzeltenais mikss&rdquo; ir \u012bsts vitam\u012bnu un miner\u0101lvielu l\u0101di\u0146\u0161 j\u016bsu \u0101dai. Akt\u012bv\u0101s vielas maskas sast\u0101v\u0101 maigi att\u012bra \u0101du, izl\u012bdzina sejas kr\u0101su, piepilda to ar vitam\u012bniem, atjauno vitalit\u0101ti un skaistumu.<\/p>\n<ul>\n<li>Citrona ekstrakts padara \u0101du gai\u0161\u0101ku, atsvaidzina, izl\u012bdzina grumbas, pal\u012bdz c\u012b\u0146\u0101 ar br\u012bvajiem radik\u0101\u013ciem, postakne p\u0113d\u0101m un ar vecumu saist\u012bt\u0101m izmai\u0146\u0101m, padara \u0101das toni svaigu un mirdzo\u0161u.<\/li>\n<li>Ananasa ekstrakts toniz\u0113, mitrina, baro un vitaminiz\u0113 \u0101du, normaliz\u0113 tauku dziedzeru darb\u012bbu, nodro\u0161ina maigu p\u012blinga un izgaismo\u0161anas darb\u012bbu.<\/li>\n<li>Mango ekstrakts aizsarg\u0101 pret ultraviolet\u0101 starojuma negat\u012bvo ietekmi, atjaunina, baro, stimul\u0113 \u0161\u016bnu re\u0123ener\u0101ciju un atjauno\u0161anos.<\/li>\n<li>Papaijas ekstrakts atjauno \u0101das virssl\u0101ni, uzlabo t\u0101s tonusu, savelk poras, nov\u0113r\u0161 hiperpigment\u0101ciju, aktiviz\u0113 kolag\u0113na pa\u0161izstr\u0101di.<\/li>\n<\/ul>\n<p><strong>Lieto\u0161ana:<\/strong> uzkl\u0101jiet masku uz att\u012br\u012btas sejas \u0101das, atst\u0101jiet uz 15-20 min\u016bt\u0113m, p\u0113c tam no\u0146emiet. Ar pirkstu galiem maigi paplik\u0161\u0137iniet \u0101du, l\u012bdz akt\u012bv\u0101 seruma paliekas uzs\u016bcas \u0101d\u0101. Nav nepiecie\u0161ams noskalot.<\/p>\n<p><strong>Piesardz\u012bbas pas\u0101kumi:<\/strong> 1) Nelietot uz boj\u0101tas, iekaisu\u0161as un saul\u0113 apdegu\u0161as \u0101das. Nelietot p\u016bt\u012b\u0161u \u0101rst\u0113\u0161anai. 2) Nelietot masku, ja ir paaugstin\u0101ta jut\u012bba pret k\u0101du no maskas sast\u0101vda\u013c\u0101m. Ja lieto\u0161anas laik\u0101 par\u0101d\u0101s \u0101das aps\u0101rtums vai kairin\u0101jums, p\u0101rtrauciet lieto\u0161anu un konsult\u0113jieties ar \u0101rstu.&nbsp;3) Izvairieties no saskares ar ac\u012bm. Ja iek\u013c\u016bst ac\u012bs, r\u016bp\u012bgi noskalojiet ar \u016bdeni. Tikai \u0101r\u012bgai lieto\u0161anai. Nenor\u012bt! Uzglab\u0101t b\u0113rniem nepieejam\u0101 viet\u0101, temperat\u016br\u0101 no 0 &deg;C l\u012bdz 25 &deg;C. 4) Sarg\u0101t no tie\u0161iem saules stariem.<\/p>\n<p><strong>Der\u012bguma termi\u0146\u0161: <\/strong>3 gadi no izgatavo\u0161anas datuma.<br \/>\n&nbsp;<\/p>\n","protected":false},"excerpt":{"rendered":"<p>Maska-kokteilis &ldquo;dzeltenais mikss&rdquo; ir \u012bsts vitam\u012bnu un miner\u0101lvielu l\u0101di\u0146\u0161 j\u016bsu \u0101dai. Akt\u012bv\u0101s vielas maskas sast\u0101v\u0101 maigi att\u012bra \u0101du, izl\u012bdzina sejas kr\u0101su, piepilda to ar vitam\u012bniem, atjauno vitalit\u0101ti un skaistumu. Citrona ekstrakts padara \u0101du gai\u0161\u0101ku, atsvaidzina, izl\u012bdzina grumbas, pal\u012bdz c\u012b\u0146\u0101 ar br\u012bvajiem radik\u0101\u013ciem, postakne p\u0113d\u0101m un ar vecumu saist\u012bt\u0101m izmai\u0146\u0101m, padara \u0101das toni svaigu un mirdzo\u0161u. [&#8230;]\n","protected":false},"featured_media":11833,"template":"","meta":[],"product_cat":[2181],"product_tag":[],"class_list":{"0":"post-40269","1":"product","2":"type-product","3":"status-publish","4":"has-post-thumbnail","6":"product_brand-skinlite","7":"product_cat-bez-kategorijas-lt","9":"first","10":"outofstock","11":"taxable","12":"shipping-taxable","13":"product-type-simple"},"_links":{"self":[{"href":"https:\/\/e.kosmolat.eu\/lv\/wp-json\/wp\/v2\/product\/40269","targetHints":{"allow":["GET"]}}],"collection":[{"href":"https:\/\/e.kosmolat.eu\/lv\/wp-json\/wp\/v2\/product"}],"about":[{"href":"https:\/\/e.kosmolat.eu\/lv\/wp-json\/wp\/v2\/types\/product"}],"wp:featuredmedia":[{"embeddable":true,"href":"https:\/\/e.kosmolat.eu\/lv\/wp-json\/wp\/v2\/media\/11833"}],"wp:attachment":[{"href":"https:\/\/e.kosmolat.eu\/lv\/wp-json\/wp\/v2\/media?parent=40269"}],"wp:term":[{"taxonomy":"product_cat","embeddable":true,"href":"https:\/\/e.kosmolat.eu\/lv\/wp-json\/wp\/v2\/product_cat?post=40269"},{"taxonomy":"product_tag","embeddable":true,"href":"https:\/\/e.kosmolat.eu\/lv\/wp-json\/wp\/v2\/product_tag?post=40269"}],"curies":[{"name":"wp","href":"https:\/\/api.w.org\/{rel}","templated":true}]}}