{"id":40265,"date":"2023-12-23T00:58:30","date_gmt":"2023-12-23T00:58:30","guid":{"rendered":"https:\/\/e.kosmolat.eu\/product\/elskin-sej-maska-sufle-medus-10-g\/"},"modified":"2025-06-30T11:51:55","modified_gmt":"2025-06-30T11:51:55","slug":"i_elskin-sej-maska-sufle-medus-10-g","status":"publish","type":"product","link":"https:\/\/e.kosmolat.eu\/lv\/product\/i_elskin-sej-maska-sufle-medus-10-g\/","title":{"rendered":"I_El&#8217;Skin Sej.maska-sufl\u0113 Medus, 10 g"},"content":{"rendered":"<p>Maska-sufl\u0113 ir paredz\u0113ta noguru\u0161as \u0101das kop\u0161anai, uzlabo t\u0101s tonusu un sniedz mo\u017euma l\u0101di\u0146u, pal\u012bdz saglab\u0101t \u0101das skaistumu un paildzin\u0101t jaun\u012bbu. Medus ekstrakts satur organisk\u0101s sk\u0101bes un antioksidantus, kas stimul\u0113 \u0161\u016bnu atjauno\u0161anos, pa\u0101trina atg\u016b\u0161an\u0101s procesus \u0101d\u0101, toniz\u0113 un pal\u0113nina t\u0101s noveco\u0161anos. Medus ekstraktam piem\u012bt ar\u012b sp\u0113c\u012bgas antibakteri\u0101las \u012bpa\u0161\u012bbas, tas nov\u0113r\u0161 lob\u012b\u0161anos, regul\u0113 sebuma izstr\u0101di un att\u012bra poras. Kakao ekstrakts nodro\u0161ina \u0161\u016bnas ar mitrumu, atjauno un atjaunina \u0101du, nomierina iekaisumus, toniz\u0113. Hialuronsk\u0101be lieliski uztur \u0101das mitruma l\u012bmeni.<\/p>\n<p><strong>Lieto\u0161ana: <\/strong>pam\u012bciet iepakojumu ar pirkstiem. Uzkl\u0101jiet masku uz att\u012br\u012btas sejas \u0101das, izvairoties no acu un l\u016bpu zonas. Maigi pamas\u0113jiet 2-3 min\u016btes, atst\u0101jiet masku v\u0113l uz 5-10 min\u016bt\u0113m, p\u0113c tam noskalojiet ar siltu \u016bdeni vai atst\u0101jiet uz nakti.<\/p>\n<p><strong>Piesardz\u012bbas pas\u0101kumi:<\/strong> 1) Nelietot uz boj\u0101tas, iekaisu\u0161as un saul\u0113 apdegu\u0161as \u0101das. 2) Nelietot masku, ja ir paaugstin\u0101ta jut\u012bba pret k\u0101du no maskas sast\u0101vda\u013c\u0101m. Ja lieto\u0161anas laik\u0101 par\u0101d\u0101s \u0101das aps\u0101rtums vai kairin\u0101jums, p\u0101rtrauciet lieto\u0161anu un konsult\u0113jieties ar \u0101rstu. 3) Izvairieties no saskares ar ac\u012bm. Ja iek\u013c\u016bst ac\u012bs, r\u016bp\u012bgi noskalojiet ar \u016bdeni. Tikai \u0101r\u012bgai lieto\u0161anai. Nenor\u012bt! 4) Uzglab\u0101t b\u0113rniem nepieejam\u0101 viet\u0101, temperat\u016br\u0101 no 0 &deg;C l\u012bdz 25 &deg;C. Sarg\u0101t no tie\u0161iem saules stariem.<\/p>\n<p><strong>Der\u012bguma termi\u0146\u0161: <\/strong>3 gadi no izgatavo\u0161anas datuma.<br \/>\n&nbsp;<\/p>\n","protected":false},"excerpt":{"rendered":"<p>Maska-sufl\u0113 ir paredz\u0113ta noguru\u0161as \u0101das kop\u0161anai, uzlabo t\u0101s tonusu un sniedz mo\u017euma l\u0101di\u0146u, pal\u012bdz saglab\u0101t \u0101das skaistumu un paildzin\u0101t jaun\u012bbu. Medus ekstrakts satur organisk\u0101s sk\u0101bes un antioksidantus, kas stimul\u0113 \u0161\u016bnu atjauno\u0161anos, pa\u0101trina atg\u016b\u0161an\u0101s procesus \u0101d\u0101, toniz\u0113 un pal\u0113nina t\u0101s noveco\u0161anos. Medus ekstraktam piem\u012bt ar\u012b sp\u0113c\u012bgas antibakteri\u0101las \u012bpa\u0161\u012bbas, tas nov\u0113r\u0161 lob\u012b\u0161anos, regul\u0113 sebuma izstr\u0101di un att\u012bra [&#8230;]\n","protected":false},"featured_media":12993,"template":"","meta":[],"product_cat":[1999],"product_tag":[],"class_list":{"0":"post-40265","1":"product","2":"type-product","3":"status-publish","4":"has-post-thumbnail","6":"product_brand-skinlite","7":"product_cat-bez-kategorijas","9":"first","10":"outofstock","11":"taxable","12":"shipping-taxable","13":"product-type-simple"},"_links":{"self":[{"href":"https:\/\/e.kosmolat.eu\/lv\/wp-json\/wp\/v2\/product\/40265","targetHints":{"allow":["GET"]}}],"collection":[{"href":"https:\/\/e.kosmolat.eu\/lv\/wp-json\/wp\/v2\/product"}],"about":[{"href":"https:\/\/e.kosmolat.eu\/lv\/wp-json\/wp\/v2\/types\/product"}],"wp:featuredmedia":[{"embeddable":true,"href":"https:\/\/e.kosmolat.eu\/lv\/wp-json\/wp\/v2\/media\/12993"}],"wp:attachment":[{"href":"https:\/\/e.kosmolat.eu\/lv\/wp-json\/wp\/v2\/media?parent=40265"}],"wp:term":[{"taxonomy":"product_cat","embeddable":true,"href":"https:\/\/e.kosmolat.eu\/lv\/wp-json\/wp\/v2\/product_cat?post=40265"},{"taxonomy":"product_tag","embeddable":true,"href":"https:\/\/e.kosmolat.eu\/lv\/wp-json\/wp\/v2\/product_tag?post=40265"}],"curies":[{"name":"wp","href":"https:\/\/api.w.org\/{rel}","templated":true}]}}