{"id":40261,"date":"2023-12-23T00:58:00","date_gmt":"2023-12-23T00:58:00","guid":{"rendered":"https:\/\/e.kosmolat.eu\/product\/elskin-sej-burbulmaska-brokoli-10-g\/"},"modified":"2025-06-30T11:51:34","modified_gmt":"2025-06-30T11:51:34","slug":"i_elskin-sej-burbulmaska-brokoli-10-g","status":"publish","type":"product","link":"https:\/\/e.kosmolat.eu\/lv\/product\/i_elskin-sej-burbulmaska-brokoli-10-g\/","title":{"rendered":"I_El&#8217;Skin Sej.burbu\u013cmaska Broko\u013ci, 10 g"},"content":{"rendered":"<p>Burbu\u013cmaska lieliski att\u012bra sejas \u0101du, noloba atmiru\u0161\u0101s \u0161\u016bnas, atvieglojot \u0161\u016bnu elpo\u0161anu, savelk poras, izl\u012bdzina toni un atsvaidzina sejas kr\u0101su. Saskar\u0113 ar \u0101du un rea\u0123\u0113jot ar sk\u0101bekli, maska s\u0101k burbu\u013cot, veidojot putas. Mazie burbu\u013ci sp\u0113j iek\u013c\u016bt dzi\u013ci por\u0101s, att\u012brot t\u0101s no net\u012brumiem un melnajiem punktiem. Broko\u013cu ekstrakts ir lielisks DETOX komponents, kas l\u012bdzsvaro sebuma izstr\u0101di, c\u012bn\u0101s ar pinn\u0113m, uzlabo \u0101das dabisko aizsargfunkciju, aizsarg\u0101 pret negat\u012bviem apk\u0101rt\u0113j\u0101s vides faktoriem, uzlabo \u0101das elast\u012bbu un tvirtumu, atjauno t\u0101s mirdzumu. Kaol\u012bns lieliski att\u012bra \u0101du, mazina tauku dziedzeru aktivit\u0101ti, savelk poras, uzlabo asins mikrocirkul\u0101ciju, maigi noloba atmiru\u0161\u0101s \u0101das \u0161\u016bnas.<\/p>\n<p><strong>Lieto\u0161ana: <\/strong>pam\u012bciet iepakojumu ar pirkstiem. Vienm\u0113r\u012bg\u0101 pl\u0101n\u0101 k\u0101rt\u0101 uzkl\u0101jiet masku uz sejas, atst\u0101jiet uz 5-7 min\u016bt\u0113m, p\u0113c tam pamas\u0113jiet 1 min\u016bti un noskalojiet ar remdenu\/siltu \u016bdeni.<br \/>\n*Lietojiet 2-3 reizes ned\u0113\u013c\u0101 vai p\u0113c nepiecie\u0161am\u012bbas.<\/p>\n<p><strong>Piesardz\u012bbas pas\u0101kumi: <\/strong>1) Nelietot uz boj\u0101tas, iekaisu\u0161as un saul\u0113 apdegu\u0161as \u0101das. 2) Nelietot masku, ja ir paaugstin\u0101ta jut\u012bba pret k\u0101du no maskas sast\u0101vda\u013c\u0101m. Ja lieto\u0161anas laik\u0101 par\u0101d\u0101s \u0101das aps\u0101rtums vai kairin\u0101jums, p\u0101rtrauciet lieto\u0161anu un konsult\u0113jieties ar \u0101rstu. 3) Izvairieties no saskares ar ac\u012bm. Ja iek\u013c\u016bst ac\u012bs, r\u016bp\u012bgi noskalojiet ar \u016bdeni. Tikai \u0101r\u012bgai lieto\u0161anai. Nenor\u012bt! 4) Uzglab\u0101t b\u0113rniem nepieejam\u0101 viet\u0101, temperat\u016br\u0101 no 0 &deg;C l\u012bdz 25 &deg;C, sarg\u0101jot no tie\u0161iem saules stariem.<\/p>\n<p><strong>Der\u012bguma termi\u0146\u0161:<\/strong> 3 gadi no izgatavo\u0161anas datuma.<br \/>\n&nbsp;<\/p>\n","protected":false},"excerpt":{"rendered":"<p>Burbu\u013cmaska lieliski att\u012bra sejas \u0101du, noloba atmiru\u0161\u0101s \u0161\u016bnas, atvieglojot \u0161\u016bnu elpo\u0161anu, savelk poras, izl\u012bdzina toni un atsvaidzina sejas kr\u0101su. Saskar\u0113 ar \u0101du un rea\u0123\u0113jot ar sk\u0101bekli, maska s\u0101k burbu\u013cot, veidojot putas. Mazie burbu\u013ci sp\u0113j iek\u013c\u016bt dzi\u013ci por\u0101s, att\u012brot t\u0101s no net\u012brumiem un melnajiem punktiem. Broko\u013cu ekstrakts ir lielisks DETOX komponents, kas l\u012bdzsvaro sebuma izstr\u0101di, c\u012bn\u0101s [&#8230;]\n","protected":false},"featured_media":12985,"template":"","meta":[],"product_cat":[2181],"product_tag":[],"class_list":{"0":"post-40261","1":"product","2":"type-product","3":"status-publish","4":"has-post-thumbnail","6":"product_brand-skinlite","7":"product_cat-bez-kategorijas-lt","9":"first","10":"outofstock","11":"taxable","12":"shipping-taxable","13":"product-type-simple"},"_links":{"self":[{"href":"https:\/\/e.kosmolat.eu\/lv\/wp-json\/wp\/v2\/product\/40261","targetHints":{"allow":["GET"]}}],"collection":[{"href":"https:\/\/e.kosmolat.eu\/lv\/wp-json\/wp\/v2\/product"}],"about":[{"href":"https:\/\/e.kosmolat.eu\/lv\/wp-json\/wp\/v2\/types\/product"}],"wp:featuredmedia":[{"embeddable":true,"href":"https:\/\/e.kosmolat.eu\/lv\/wp-json\/wp\/v2\/media\/12985"}],"wp:attachment":[{"href":"https:\/\/e.kosmolat.eu\/lv\/wp-json\/wp\/v2\/media?parent=40261"}],"wp:term":[{"taxonomy":"product_cat","embeddable":true,"href":"https:\/\/e.kosmolat.eu\/lv\/wp-json\/wp\/v2\/product_cat?post=40261"},{"taxonomy":"product_tag","embeddable":true,"href":"https:\/\/e.kosmolat.eu\/lv\/wp-json\/wp\/v2\/product_tag?post=40261"}],"curies":[{"name":"wp","href":"https:\/\/api.w.org\/{rel}","templated":true}]}}