{"id":40249,"date":"2023-12-23T00:56:53","date_gmt":"2023-12-23T00:56:53","guid":{"rendered":"https:\/\/e.kosmolat.eu\/product\/sh-roku-krems-visai-gimenei-200-ml\/"},"modified":"2025-08-20T13:02:42","modified_gmt":"2025-08-20T13:02:42","slug":"sh-roku-krems-visai-gimenei-200-ml","status":"publish","type":"product","link":"https:\/\/e.kosmolat.eu\/lv\/product\/sh-roku-krems-visai-gimenei-200-ml\/","title":{"rendered":"SH Roku kr\u0113ms Visai \u0123imenei, 200 ml"},"content":{"rendered":"<p>Kr\u0113ma m\u012bkst\u0101 hipoaler\u0123isk\u0101 formula ir \u012bpa\u0161i izstr\u0101d\u0101ta roku \u0101das kop\u0161anai ikdien\u0101. Pateicoties vieglajai tekst\u016brai, kr\u0113ms \u0101tri uzs\u016bcas, bet izteiktas smar\u017eas un kr\u0101svielu neesam\u012bba nodro\u0161ina \u0113rtu lieto\u0161anu visai \u0123imenei. Piem\u0113rots b\u0113rnu \u0101dai. Silk Oil Elixir formula uzlabo kr\u0113ma darb\u012bbu. Mikroe\u013c\u013cas atjauno \u0101das \u0161\u016bnas un savienojum\u0101 ar z\u012bda prote\u012bniem padara to m\u012bkstu un maigu.<\/p>\n<p><strong>Lieto\u0161ana: <\/strong>ar viegl\u0101m mas\u0113jo\u0161\u0101m kust\u012bb\u0101m uzkl\u0101t kr\u0113mu uz t\u012bras, sausas roku \u0101das. Ieteicams lietot b\u0113rniem no 4 gadu vecuma. Pirms lieto\u0161anas veikt \u0101das jut\u012bbas testu: uzkl\u0101t nelielu l\u012bdzek\u013ca daudzumu uz elko\u0146a loc\u012btavas iek\u0161\u0113j\u0101s da\u013cas, vienm\u0113r\u012bgi izl\u012bdzin\u0101t. Ja 24 stundu laik\u0101 nepar\u0101d\u0101s kairin\u0101jums, lietojiet l\u012bdzekli saska\u0146\u0101 ar lieto\u0161anas instrukciju.&nbsp;<\/p>\n<p>Uzglab\u0101t temperat\u016br\u0101 no 0&deg;C l\u012bdz +25&deg;C.<\/p>\n<p><strong>Der\u012bguma termi\u0146\u0161: <\/strong>36 m\u0113ne\u0161i no izgatavo\u0161anas datuma.<br \/>\n&nbsp;<\/p>\n","protected":false},"excerpt":{"rendered":"<p>Kr\u0113ma m\u012bkst\u0101 hipoaler\u0123isk\u0101 formula ir \u012bpa\u0161i izstr\u0101d\u0101ta roku \u0101das kop\u0161anai ikdien\u0101. Pateicoties vieglajai tekst\u016brai, kr\u0113ms \u0101tri uzs\u016bcas, bet izteiktas smar\u017eas un kr\u0101svielu neesam\u012bba nodro\u0161ina \u0113rtu lieto\u0161anu visai \u0123imenei. Piem\u0113rots b\u0113rnu \u0101dai. Silk Oil Elixir formula uzlabo kr\u0113ma darb\u012bbu. Mikroe\u013c\u013cas atjauno \u0101das \u0161\u016bnas un savienojum\u0101 ar z\u012bda prote\u012bniem padara to m\u012bkstu un maigu. Lieto\u0161ana: ar viegl\u0101m [&#8230;]\n","protected":false},"featured_media":12961,"template":"","meta":[],"product_cat":[1302],"product_tag":[],"class_list":{"0":"post-40249","1":"product","2":"type-product","3":"status-publish","4":"has-post-thumbnail","6":"product_brand-unilever-ua","7":"product_cat-roku-kopsanas-kosmetika","9":"first","10":"outofstock","11":"taxable","12":"shipping-taxable","13":"product-type-simple"},"_links":{"self":[{"href":"https:\/\/e.kosmolat.eu\/lv\/wp-json\/wp\/v2\/product\/40249","targetHints":{"allow":["GET"]}}],"collection":[{"href":"https:\/\/e.kosmolat.eu\/lv\/wp-json\/wp\/v2\/product"}],"about":[{"href":"https:\/\/e.kosmolat.eu\/lv\/wp-json\/wp\/v2\/types\/product"}],"wp:featuredmedia":[{"embeddable":true,"href":"https:\/\/e.kosmolat.eu\/lv\/wp-json\/wp\/v2\/media\/12961"}],"wp:attachment":[{"href":"https:\/\/e.kosmolat.eu\/lv\/wp-json\/wp\/v2\/media?parent=40249"}],"wp:term":[{"taxonomy":"product_cat","embeddable":true,"href":"https:\/\/e.kosmolat.eu\/lv\/wp-json\/wp\/v2\/product_cat?post=40249"},{"taxonomy":"product_tag","embeddable":true,"href":"https:\/\/e.kosmolat.eu\/lv\/wp-json\/wp\/v2\/product_tag?post=40249"}],"curies":[{"name":"wp","href":"https:\/\/api.w.org\/{rel}","templated":true}]}}