{"id":40241,"date":"2023-12-23T00:56:10","date_gmt":"2023-12-23T00:56:10","guid":{"rendered":"https:\/\/e.kosmolat.eu\/product\/deba-roku-balzams-natural-beauty-retinol-q10-75-ml\/"},"modified":"2026-04-22T09:31:14","modified_gmt":"2026-04-22T09:31:14","slug":"deba-roku-balzams-natural-beauty-retinol-q10-75-ml","status":"publish","type":"product","link":"https:\/\/e.kosmolat.eu\/lv\/product\/deba-roku-balzams-natural-beauty-retinol-q10-75-ml\/","title":{"rendered":"DeBa Roku balzams Natural Beauty Retinol &#038; Q10, 75 ml"},"content":{"rendered":"<p>Mitrina un baro roku \u0101du. Man\u0101mu \u0101das noveco\u0161an\u0101s paz\u012bmju nov\u0113r\u0161anai bag\u0101tin\u0101ts ar organisko koenz\u012bmu Q10 un retinolu. Lietojot ikdien\u0101, &nbsp;tiek nov\u0113rstas noguruma nev\u0113lam\u0101s sekas. Roku \u0101da k\u013c\u016bst svaiga un mirdzo\u0161a.<\/p>\n<p><strong>Lieto\u0161ana: <\/strong>uzkl\u0101jiet balzamu uz t\u012bras un sausas roku \u0101das un nagiem. Viegli iemas\u0113jiet, l\u012bdz tas piln\u012bb\u0101 uzs\u016bcas.<br \/>\n&nbsp;<\/p>\n","protected":false},"excerpt":{"rendered":"<p>Mitrina un baro roku \u0101du. Man\u0101mu \u0101das noveco\u0161an\u0101s paz\u012bmju nov\u0113r\u0161anai bag\u0101tin\u0101ts ar organisko koenz\u012bmu Q10 un retinolu. Lietojot ikdien\u0101, &nbsp;tiek nov\u0113rstas noguruma nev\u0113lam\u0101s sekas. Roku \u0101da k\u013c\u016bst svaiga un mirdzo\u0161a. Lieto\u0161ana: uzkl\u0101jiet balzamu uz t\u012bras un sausas roku \u0101das un nagiem. Viegli iemas\u0113jiet, l\u012bdz tas piln\u012bb\u0101 uzs\u016bcas. &nbsp;<\/p>\n","protected":false},"featured_media":100500,"template":"","meta":[],"product_cat":[2181],"product_tag":[],"class_list":{"0":"post-40241","1":"product","2":"type-product","3":"status-publish","4":"has-post-thumbnail","6":"product_brand-rubella-bg","7":"product_cat-bez-kategorijas-lt","9":"first","10":"instock","11":"taxable","12":"shipping-taxable","13":"product-type-simple"},"_links":{"self":[{"href":"https:\/\/e.kosmolat.eu\/lv\/wp-json\/wp\/v2\/product\/40241","targetHints":{"allow":["GET"]}}],"collection":[{"href":"https:\/\/e.kosmolat.eu\/lv\/wp-json\/wp\/v2\/product"}],"about":[{"href":"https:\/\/e.kosmolat.eu\/lv\/wp-json\/wp\/v2\/types\/product"}],"wp:featuredmedia":[{"embeddable":true,"href":"https:\/\/e.kosmolat.eu\/lv\/wp-json\/wp\/v2\/media\/100500"}],"wp:attachment":[{"href":"https:\/\/e.kosmolat.eu\/lv\/wp-json\/wp\/v2\/media?parent=40241"}],"wp:term":[{"taxonomy":"product_cat","embeddable":true,"href":"https:\/\/e.kosmolat.eu\/lv\/wp-json\/wp\/v2\/product_cat?post=40241"},{"taxonomy":"product_tag","embeddable":true,"href":"https:\/\/e.kosmolat.eu\/lv\/wp-json\/wp\/v2\/product_tag?post=40241"}],"curies":[{"name":"wp","href":"https:\/\/api.w.org\/{rel}","templated":true}]}}