{"id":40237,"date":"2023-12-23T00:55:44","date_gmt":"2023-12-23T00:55:44","guid":{"rendered":"https:\/\/e.kosmolat.eu\/product\/deba-roku-balzams-natural-beauty-aloe-vera-75-ml\/"},"modified":"2026-04-22T10:44:27","modified_gmt":"2026-04-22T10:44:27","slug":"deba-roku-balzams-natural-beauty-aloe-vera-75-ml","status":"publish","type":"product","link":"https:\/\/e.kosmolat.eu\/lv\/product\/deba-roku-balzams-natural-beauty-aloe-vera-75-ml\/","title":{"rendered":"DeBa Roku balzams Natural Beauty Aloe Vera, 75 ml"},"content":{"rendered":"<p>Mitrina un baro roku \u0101du. Bag\u0101tin\u0101ts ar organisko koenz\u012bmu Q10 un glicer\u012bnu dzi\u013cai \u0101das mitrin\u0101\u0161anai. Lietojot ikdien\u0101, &nbsp;tiek uztur\u0113tas \u0101das dabisk\u0101 aizsargfunkcijas un nov\u0113rsts mitruma zudums.<\/p>\n<p><strong>Lieto\u0161ana:<\/strong> uzkl\u0101jiet balzamu uz t\u012bras un sausas roku \u0101das un nagiem. Viegli iemas\u0113jiet, l\u012bdz tas piln\u012bb\u0101 uzs\u016bcas.<br \/>\n&nbsp;<\/p>\n","protected":false},"excerpt":{"rendered":"<p>Mitrina un baro roku \u0101du. Bag\u0101tin\u0101ts ar organisko koenz\u012bmu Q10 un glicer\u012bnu dzi\u013cai \u0101das mitrin\u0101\u0161anai. Lietojot ikdien\u0101, &nbsp;tiek uztur\u0113tas \u0101das dabisk\u0101 aizsargfunkcijas un nov\u0113rsts mitruma zudums. Lieto\u0161ana: uzkl\u0101jiet balzamu uz t\u012bras un sausas roku \u0101das un nagiem. Viegli iemas\u0113jiet, l\u012bdz tas piln\u012bb\u0101 uzs\u016bcas. &nbsp;<\/p>\n","protected":false},"featured_media":101057,"template":"","meta":[],"product_cat":[1305],"product_tag":[],"class_list":{"0":"post-40237","1":"product","2":"type-product","3":"status-publish","4":"has-post-thumbnail","6":"product_brand-rubella-bg","7":"product_cat-1305","9":"first","10":"instock","11":"taxable","12":"shipping-taxable","13":"product-type-simple"},"_links":{"self":[{"href":"https:\/\/e.kosmolat.eu\/lv\/wp-json\/wp\/v2\/product\/40237","targetHints":{"allow":["GET"]}}],"collection":[{"href":"https:\/\/e.kosmolat.eu\/lv\/wp-json\/wp\/v2\/product"}],"about":[{"href":"https:\/\/e.kosmolat.eu\/lv\/wp-json\/wp\/v2\/types\/product"}],"wp:featuredmedia":[{"embeddable":true,"href":"https:\/\/e.kosmolat.eu\/lv\/wp-json\/wp\/v2\/media\/101057"}],"wp:attachment":[{"href":"https:\/\/e.kosmolat.eu\/lv\/wp-json\/wp\/v2\/media?parent=40237"}],"wp:term":[{"taxonomy":"product_cat","embeddable":true,"href":"https:\/\/e.kosmolat.eu\/lv\/wp-json\/wp\/v2\/product_cat?post=40237"},{"taxonomy":"product_tag","embeddable":true,"href":"https:\/\/e.kosmolat.eu\/lv\/wp-json\/wp\/v2\/product_tag?post=40237"}],"curies":[{"name":"wp","href":"https:\/\/api.w.org\/{rel}","templated":true}]}}