{"id":40229,"date":"2023-12-23T00:54:54","date_gmt":"2023-12-23T00:54:54","guid":{"rendered":"https:\/\/e.kosmolat.eu\/product\/deba-roku-krems-natural-beauty-almond-75-ml\/"},"modified":"2025-01-07T09:40:05","modified_gmt":"2025-01-07T09:40:05","slug":"deba-roku-krems-natural-beauty-almond-75-ml","status":"publish","type":"product","link":"https:\/\/e.kosmolat.eu\/lv\/product\/deba-roku-krems-natural-beauty-almond-75-ml\/","title":{"rendered":"DeBa Roku kr\u0113ms Natural Beauty Almond, 75 ml"},"content":{"rendered":"<p>Pie\u0161\u0137ir maigumu, mitrina un baro roku \u0101du. Bag\u0101tin\u0101ts ar mande\u013cu e\u013c\u013cu un glicer\u012bnu \u013coti sausas \u0101das baro\u0161anai. Lietojot ikdien\u0101, \u0101da saglab\u0101jas maiga un tiek pasarg\u0101ta no apk\u0101rt\u0113j\u0101s vides negat\u012bv\u0101s ietekmes.<\/p>\n<p><strong>Lieto\u0161ana:<\/strong> uzkl\u0101jiet kr\u0113mu uz t\u012bras un sausas roku \u0101das un nagiem. Viegli iemas\u0113jiet, l\u012bdz tas piln\u012bb\u0101 uzs\u016bcas.<br \/>\n&nbsp;<\/p>\n","protected":false},"excerpt":{"rendered":"<p>Pie\u0161\u0137ir maigumu, mitrina un baro roku \u0101du. Bag\u0101tin\u0101ts ar mande\u013cu e\u013c\u013cu un glicer\u012bnu \u013coti sausas \u0101das baro\u0161anai. Lietojot ikdien\u0101, \u0101da saglab\u0101jas maiga un tiek pasarg\u0101ta no apk\u0101rt\u0113j\u0101s vides negat\u012bv\u0101s ietekmes. Lieto\u0161ana: uzkl\u0101jiet kr\u0113mu uz t\u012bras un sausas roku \u0101das un nagiem. Viegli iemas\u0113jiet, l\u012bdz tas piln\u012bb\u0101 uzs\u016bcas. &nbsp;<\/p>\n","protected":false},"featured_media":12921,"template":"","meta":[],"product_cat":[1302],"product_tag":[],"class_list":{"0":"post-40229","1":"product","2":"type-product","3":"status-publish","4":"has-post-thumbnail","6":"product_brand-rubella-inopharm-dental-deba-mistergroomer-topten-quackquack","7":"product_cat-roku-kopsanas-kosmetika","9":"first","10":"outofstock","11":"taxable","12":"shipping-taxable","13":"product-type-simple"},"_links":{"self":[{"href":"https:\/\/e.kosmolat.eu\/lv\/wp-json\/wp\/v2\/product\/40229","targetHints":{"allow":["GET"]}}],"collection":[{"href":"https:\/\/e.kosmolat.eu\/lv\/wp-json\/wp\/v2\/product"}],"about":[{"href":"https:\/\/e.kosmolat.eu\/lv\/wp-json\/wp\/v2\/types\/product"}],"wp:featuredmedia":[{"embeddable":true,"href":"https:\/\/e.kosmolat.eu\/lv\/wp-json\/wp\/v2\/media\/12921"}],"wp:attachment":[{"href":"https:\/\/e.kosmolat.eu\/lv\/wp-json\/wp\/v2\/media?parent=40229"}],"wp:term":[{"taxonomy":"product_cat","embeddable":true,"href":"https:\/\/e.kosmolat.eu\/lv\/wp-json\/wp\/v2\/product_cat?post=40229"},{"taxonomy":"product_tag","embeddable":true,"href":"https:\/\/e.kosmolat.eu\/lv\/wp-json\/wp\/v2\/product_tag?post=40229"}],"curies":[{"name":"wp","href":"https:\/\/api.w.org\/{rel}","templated":true}]}}