{"id":40221,"date":"2023-12-23T00:54:09","date_gmt":"2023-12-23T00:54:09","guid":{"rendered":"https:\/\/e.kosmolat.eu\/product\/deba-kaju-krems-natural-beauty-pine-oil-and-lavender-75-ml\/"},"modified":"2026-04-22T08:14:00","modified_gmt":"2026-04-22T08:14:00","slug":"deba-kaju-krems-natural-beauty-pine-oil-and-lavender-75-ml","status":"publish","type":"product","link":"https:\/\/e.kosmolat.eu\/lv\/product\/deba-kaju-krems-natural-beauty-pine-oil-and-lavender-75-ml\/","title":{"rendered":"DeBa K\u0101ju kr\u0113ms Natural Beauty Pine oil and Lavender, 75 ml"},"content":{"rendered":"<p>M\u012bkstina, mitrina un atsl\u0101bina p\u0113du \u0101du. Bag\u0101tin\u0101ts ar ur\u012bnvielu, priedes un lavandas e\u013c\u013c\u0101m, lai nodro\u0161in\u0101tu atv\u0113sino\u0161u efektu un intens\u012bvu kop\u0161anu saplais\u0101ju\u0161iem pap\u0113\u017eiem.<\/p>\n<p><strong>Lieto\u0161ana: <\/strong>lietojiet katru dienu, uzkl\u0101jot uz t\u012bras un sausas p\u0113du \u0101das ar viegl\u0101m mas\u0113jo\u0161\u0101m kust\u012bb\u0101m, l\u012bdz balzams piln\u012bb\u0101 uzs\u016bcas.<br \/>\n&nbsp;<\/p>\n","protected":false},"excerpt":{"rendered":"<p>M\u012bkstina, mitrina un atsl\u0101bina p\u0113du \u0101du. Bag\u0101tin\u0101ts ar ur\u012bnvielu, priedes un lavandas e\u013c\u013c\u0101m, lai nodro\u0161in\u0101tu atv\u0113sino\u0161u efektu un intens\u012bvu kop\u0161anu saplais\u0101ju\u0161iem pap\u0113\u017eiem. Lieto\u0161ana: lietojiet katru dienu, uzkl\u0101jot uz t\u012bras un sausas p\u0113du \u0101das ar viegl\u0101m mas\u0113jo\u0161\u0101m kust\u012bb\u0101m, l\u012bdz balzams piln\u012bb\u0101 uzs\u016bcas. &nbsp;<\/p>\n","protected":false},"featured_media":98892,"template":"","meta":[],"product_cat":[1999],"product_tag":[],"class_list":{"0":"post-40221","1":"product","2":"type-product","3":"status-publish","4":"has-post-thumbnail","6":"product_brand-rubella-bg","7":"product_cat-bez-kategorijas","9":"first","10":"instock","11":"taxable","12":"shipping-taxable","13":"product-type-simple"},"_links":{"self":[{"href":"https:\/\/e.kosmolat.eu\/lv\/wp-json\/wp\/v2\/product\/40221","targetHints":{"allow":["GET"]}}],"collection":[{"href":"https:\/\/e.kosmolat.eu\/lv\/wp-json\/wp\/v2\/product"}],"about":[{"href":"https:\/\/e.kosmolat.eu\/lv\/wp-json\/wp\/v2\/types\/product"}],"wp:featuredmedia":[{"embeddable":true,"href":"https:\/\/e.kosmolat.eu\/lv\/wp-json\/wp\/v2\/media\/98892"}],"wp:attachment":[{"href":"https:\/\/e.kosmolat.eu\/lv\/wp-json\/wp\/v2\/media?parent=40221"}],"wp:term":[{"taxonomy":"product_cat","embeddable":true,"href":"https:\/\/e.kosmolat.eu\/lv\/wp-json\/wp\/v2\/product_cat?post=40221"},{"taxonomy":"product_tag","embeddable":true,"href":"https:\/\/e.kosmolat.eu\/lv\/wp-json\/wp\/v2\/product_tag?post=40221"}],"curies":[{"name":"wp","href":"https:\/\/api.w.org\/{rel}","templated":true}]}}