{"id":40217,"date":"2023-12-23T00:53:48","date_gmt":"2023-12-23T00:53:48","guid":{"rendered":"https:\/\/e.kosmolat.eu\/product\/deba-kaju-balzams-natural-beauty-mint-orange-75-ml\/"},"modified":"2026-04-07T14:15:37","modified_gmt":"2026-04-07T14:15:37","slug":"deba-kaju-balzams-natural-beauty-mint-orange-75-ml","status":"publish","type":"product","link":"https:\/\/e.kosmolat.eu\/lv\/product\/deba-kaju-balzams-natural-beauty-mint-orange-75-ml\/","title":{"rendered":"DeBa K\u0101ju balzams Natural Beauty Mint &#038; Orange, 75 ml"},"content":{"rendered":"<p>M\u012bkstina, mitrina un atsl\u0101bina p\u0113du \u0101du. Boj\u0101tas un raupjas pap\u0113\u017eu \u0101das baro\u0161anai bag\u0101tin\u0101ts ar ur\u012bnvielu, mande\u013cu e\u013c\u013cu un piparm\u0113tru. Neitraliz\u0113 nepat\u012bkam\u0101s smakas, d\u0101v\u0101jot smalku apels\u012bnu arom\u0101tu.<\/p>\n<p><strong>Lieto\u0161ana: <\/strong>lietojiet katru dienu, uzkl\u0101jot uz t\u012bras un sausas p\u0113du \u0101das ar viegl\u0101m mas\u0113jo\u0161\u0101m kust\u012bb\u0101m, l\u012bdz balzams piln\u012bb\u0101 uzs\u016bcas.<br \/>\n&nbsp;<\/p>\n","protected":false},"excerpt":{"rendered":"<p>M\u012bkstina, mitrina un atsl\u0101bina p\u0113du \u0101du. Boj\u0101tas un raupjas pap\u0113\u017eu \u0101das baro\u0161anai bag\u0101tin\u0101ts ar ur\u012bnvielu, mande\u013cu e\u013c\u013cu un piparm\u0113tru. Neitraliz\u0113 nepat\u012bkam\u0101s smakas, d\u0101v\u0101jot smalku apels\u012bnu arom\u0101tu. Lieto\u0161ana: lietojiet katru dienu, uzkl\u0101jot uz t\u012bras un sausas p\u0113du \u0101das ar viegl\u0101m mas\u0113jo\u0161\u0101m kust\u012bb\u0101m, l\u012bdz balzams piln\u012bb\u0101 uzs\u016bcas. &nbsp;<\/p>\n","protected":false},"featured_media":98888,"template":"","meta":[],"product_cat":[1999],"product_tag":[],"class_list":{"0":"post-40217","1":"product","2":"type-product","3":"status-publish","4":"has-post-thumbnail","6":"product_brand-rubella-bg","7":"product_cat-bez-kategorijas","9":"first","10":"instock","11":"taxable","12":"shipping-taxable","13":"product-type-simple"},"_links":{"self":[{"href":"https:\/\/e.kosmolat.eu\/lv\/wp-json\/wp\/v2\/product\/40217","targetHints":{"allow":["GET"]}}],"collection":[{"href":"https:\/\/e.kosmolat.eu\/lv\/wp-json\/wp\/v2\/product"}],"about":[{"href":"https:\/\/e.kosmolat.eu\/lv\/wp-json\/wp\/v2\/types\/product"}],"wp:featuredmedia":[{"embeddable":true,"href":"https:\/\/e.kosmolat.eu\/lv\/wp-json\/wp\/v2\/media\/98888"}],"wp:attachment":[{"href":"https:\/\/e.kosmolat.eu\/lv\/wp-json\/wp\/v2\/media?parent=40217"}],"wp:term":[{"taxonomy":"product_cat","embeddable":true,"href":"https:\/\/e.kosmolat.eu\/lv\/wp-json\/wp\/v2\/product_cat?post=40217"},{"taxonomy":"product_tag","embeddable":true,"href":"https:\/\/e.kosmolat.eu\/lv\/wp-json\/wp\/v2\/product_tag?post=40217"}],"curies":[{"name":"wp","href":"https:\/\/api.w.org\/{rel}","templated":true}]}}