{"id":40185,"date":"2023-12-23T00:50:07","date_gmt":"2023-12-23T00:50:07","guid":{"rendered":"https:\/\/e.kosmolat.eu\/product\/shik-dusas-zel-samp-sport-active-3in1-ar-cipreses-ekstr-250-g\/"},"modified":"2026-04-18T06:24:11","modified_gmt":"2026-04-18T06:24:11","slug":"shik-dusas-zel-samp-sport-active-3in1-ar-cipreses-ekstr-300-g","status":"publish","type":"product","link":"https:\/\/e.kosmolat.eu\/lv\/product\/shik-dusas-zel-samp-sport-active-3in1-ar-cipreses-ekstr-300-g\/","title":{"rendered":"SHIK Du\u0161as \u017eel.-\u0161amp.Sport Active 3in1 ar cipreses ekstr, 300 g"},"content":{"rendered":"<p>Sast\u0101v\u0101 eso\u0161ajam ciprese ekstraktam piem\u012bt nomierino\u0161a un atjaunojo\u0161a, k\u0101 ar\u012b aizsarg\u0101jo\u0161a iedarb\u012bba. Efekt\u012bvi att\u012bra, d\u0101v\u0101jot svaiguma un komforta saj\u016btu visai dienai.<\/p>\n<p><strong>Lieto\u0161ana:<\/strong> uzkl\u0101jiet nelielu daudzumu \u017eelejas uz mitras \u0101das vai matiem, saputojiet un noskalojiet ar \u016bdeni.<\/p>\n<p><strong>Piesardz\u012bbas pas\u0101kumi:<\/strong> ja iek\u013c\u016bst ac\u012bs, izskalot ar lielu daudzumu teko\u0161a \u016bdens.<\/p>\n<p><strong>Der\u012bguma termi\u0146\u0161:<\/strong> 24 m\u0113ne\u0161i.<\/p>\n<p><strong>Uzglab\u0101\u0161anas noteikumi:<\/strong> uzglab\u0101t temperat\u016br\u0101 no +5 &deg;\u0421 l\u012bdz +25 &deg;\u0421, sarg\u0101jot no tie\u0161iem saules stariem.<br \/>\n&nbsp;<\/p>\n","protected":false},"excerpt":{"rendered":"<p>Sast\u0101v\u0101 eso\u0161ajam ciprese ekstraktam piem\u012bt nomierino\u0161a un atjaunojo\u0161a, k\u0101 ar\u012b aizsarg\u0101jo\u0161a iedarb\u012bba. Efekt\u012bvi att\u012bra, d\u0101v\u0101jot svaiguma un komforta saj\u016btu visai dienai. Lieto\u0161ana: uzkl\u0101jiet nelielu daudzumu \u017eelejas uz mitras \u0101das vai matiem, saputojiet un noskalojiet ar \u016bdeni. Piesardz\u012bbas pas\u0101kumi: ja iek\u013c\u016bst ac\u012bs, izskalot ar lielu daudzumu teko\u0161a \u016bdens. Der\u012bguma termi\u0146\u0161: 24 m\u0113ne\u0161i. Uzglab\u0101\u0161anas noteikumi: uzglab\u0101t temperat\u016br\u0101 [&#8230;]\n","protected":false},"featured_media":101061,"template":"","meta":[],"product_cat":[1691],"product_tag":[],"class_list":{"0":"post-40185","1":"product","2":"type-product","3":"status-publish","4":"has-post-thumbnail","6":"product_brand-slobozanskij-milovar_ua","7":"product_cat-duso-geliai","9":"first","10":"instock","11":"taxable","12":"shipping-taxable","13":"product-type-simple"},"_links":{"self":[{"href":"https:\/\/e.kosmolat.eu\/lv\/wp-json\/wp\/v2\/product\/40185","targetHints":{"allow":["GET"]}}],"collection":[{"href":"https:\/\/e.kosmolat.eu\/lv\/wp-json\/wp\/v2\/product"}],"about":[{"href":"https:\/\/e.kosmolat.eu\/lv\/wp-json\/wp\/v2\/types\/product"}],"wp:featuredmedia":[{"embeddable":true,"href":"https:\/\/e.kosmolat.eu\/lv\/wp-json\/wp\/v2\/media\/101061"}],"wp:attachment":[{"href":"https:\/\/e.kosmolat.eu\/lv\/wp-json\/wp\/v2\/media?parent=40185"}],"wp:term":[{"taxonomy":"product_cat","embeddable":true,"href":"https:\/\/e.kosmolat.eu\/lv\/wp-json\/wp\/v2\/product_cat?post=40185"},{"taxonomy":"product_tag","embeddable":true,"href":"https:\/\/e.kosmolat.eu\/lv\/wp-json\/wp\/v2\/product_tag?post=40185"}],"curies":[{"name":"wp","href":"https:\/\/api.w.org\/{rel}","templated":true}]}}